{"id":6135,"date":"2025-12-05T00:46:32","date_gmt":"2025-12-04T23:46:32","guid":{"rendered":"https:\/\/www.regaloperfectobysary.com\/?post_type=product&#038;p=6135"},"modified":"2025-12-10T00:50:04","modified_gmt":"2025-12-09T23:50:04","slug":"aceite-labios-bi-phase-b","status":"publish","type":"product","link":"https:\/\/www.regaloperfectobysary.com\/index.php\/producto\/aceite-labios-bi-phase-b\/","title":{"rendered":"Aceite Labios Bi-Phase B"},"content":{"rendered":"<p><span class=\"a-list-item\">El aceite de labios bif\u00e1sico es ideal para conseguir unos labios brillantes en poco tiempo. Este aceite de labios a\u00f1ade un toque de color y proporciona un acabado brillante que resalta la belleza de tus labios. La f\u00f3rmula bif\u00e1sica del\u00a0<b>OIL DDONNA\u00a0<\/b>crea un efecto fascinante, similar al de una l\u00e1mpara de lava, gracias a sus dos fases exclusivas.Su aplicador permite una aplicaci\u00f3n sencilla del\u00a0aceite de labios\u00a0para mantener tus labios cuidados y con un acabado brillante. Disfruta de la comodidad y el efecto luminoso con\u00a0<b>DDONNA BI-PHASE<\/b>, un producto esencial para tener unos labios hidratados y radiantes.<\/span><\/p>\n<address><span class=\"a-list-item\">Hidratante y nutritivo, puede nutrir profundamente los labios, mejorar los labios secos y mantener los labios hidratados. Ayuda a retener la humedad en los labios y calmar la piel agrietada. Ayuda a rellenar y energizar la f\u00f3rmula de alto brillo para brindar una sensaci\u00f3n relajante de relleno.<\/span><\/address>\n<address>\u00a0<\/address>\n<address><span class=\"a-list-item\">Suave y seguro: utiliza una f\u00f3rmula profesional para reducir los problemas de los labios, como la descamaci\u00f3n y el agrietamiento de los labios, cuidando tus labios en cualquier momento y en cualquier lugar. Textura suave, color natural, f\u00e1cil de aplicar.<\/span><\/address>\n<address>\u00a0<\/address>\n<address><span class=\"a-list-item\">Crea labios encantadores.<\/span><\/address>\n","protected":false},"excerpt":{"rendered":"<p>Nuevo! El aceite de labios BI-PHASE es ideal para conseguir unos labios brillantes en poco tiempo. Este aceite de labios a\u00f1ade un toque de color.<\/p>\n","protected":false},"featured_media":6142,"comment_status":"open","ping_status":"closed","template":"","meta":{"_themeisle_gutenberg_block_has_review":false},"product_brand":[651],"product_cat":[523,520],"product_tag":[],"class_list":{"0":"post-6135","1":"product","2":"type-product","3":"status-publish","4":"has-post-thumbnail","6":"product_brand-ddonna","7":"product_cat-labios","8":"product_cat-maquillaje","10":"first","11":"instock","12":"taxable","13":"shipping-taxable","14":"purchasable","15":"product-type-variable"},"jetpack_sharing_enabled":true,"_links":{"self":[{"href":"https:\/\/www.regaloperfectobysary.com\/index.php\/wp-json\/wp\/v2\/product\/6135","targetHints":{"allow":["GET"]}}],"collection":[{"href":"https:\/\/www.regaloperfectobysary.com\/index.php\/wp-json\/wp\/v2\/product"}],"about":[{"href":"https:\/\/www.regaloperfectobysary.com\/index.php\/wp-json\/wp\/v2\/types\/product"}],"replies":[{"embeddable":true,"href":"https:\/\/www.regaloperfectobysary.com\/index.php\/wp-json\/wp\/v2\/comments?post=6135"}],"wp:featuredmedia":[{"embeddable":true,"href":"https:\/\/www.regaloperfectobysary.com\/index.php\/wp-json\/wp\/v2\/media\/6142"}],"wp:attachment":[{"href":"https:\/\/www.regaloperfectobysary.com\/index.php\/wp-json\/wp\/v2\/media?parent=6135"}],"wp:term":[{"taxonomy":"product_brand","embeddable":true,"href":"https:\/\/www.regaloperfectobysary.com\/index.php\/wp-json\/wp\/v2\/product_brand?post=6135"},{"taxonomy":"product_cat","embeddable":true,"href":"https:\/\/www.regaloperfectobysary.com\/index.php\/wp-json\/wp\/v2\/product_cat?post=6135"},{"taxonomy":"product_tag","embeddable":true,"href":"https:\/\/www.regaloperfectobysary.com\/index.php\/wp-json\/wp\/v2\/product_tag?post=6135"}],"curies":[{"name":"wp","href":"https:\/\/api.w.org\/{rel}","templated":true}]}}