{"id":6105,"date":"2025-12-08T18:48:55","date_gmt":"2025-12-08T17:48:55","guid":{"rendered":"https:\/\/www.regaloperfectobysary.com\/?post_type=product&#038;p=6105"},"modified":"2025-12-10T00:43:29","modified_gmt":"2025-12-09T23:43:29","slug":"iluminador-forma-rosa","status":"publish","type":"product","link":"https:\/\/www.regaloperfectobysary.com\/index.php\/producto\/iluminador-forma-rosa\/","title":{"rendered":"Iluminador forma Rosa"},"content":{"rendered":"<p>EXCLUSIVO! Iluminador Facial , HIGHLIGHTER para labios, ojos y mejillas.<\/p>\n<p>Este iluminador en forma de rosa innovador, despliega un sutil olor que crea atm\u00f3sferas rom\u00e1nticas naturales, realzando espacios con elegancia discreta mediante notas florales arm\u00f3nicas.<\/p>\n<p>Imita la forma natural de p\u00e9talos con un estilo sofisticado, permitiendo extracci\u00f3n precisa de polvos para una aplicaci\u00f3n homog\u00e9nea que realza la belleza natural con acabado delicado.<\/p>\n<p>De larga duraci\u00f3n en una f\u00f3rmula ligera y no grasa. Este vers\u00e1til colorete es adecuado tanto para mujeres como para ni\u00f1as, proporcionando color construible para cualquier ocasi\u00f3n, ya sea una fiesta o una reuni\u00f3n especial. Su textura sedosa se desliza suavemente sobre la piel, permitiendo una aplicaci\u00f3n f\u00e1cil y precisa. Ideal para quienes desean realzar su rostro con un toque delicado y sofisticado, este producto garantiza resultados impresionantes en cada uso.<\/p>\n","protected":false},"excerpt":{"rendered":"<p>Este iluminador imita la forma natural de p\u00e9talos con un estilo sofisticado, permitiendo extracci\u00f3n precisa de polvos para una aplicaci\u00f3n homog\u00e9nea que realza la belleza natural con acabado delicado.<\/p>\n","protected":false},"featured_media":6110,"comment_status":"open","ping_status":"closed","template":"","meta":{"_themeisle_gutenberg_block_has_review":false},"product_brand":[651],"product_cat":[492,520,493,524],"product_tag":[],"class_list":{"0":"post-6105","1":"product","2":"type-product","3":"status-publish","4":"has-post-thumbnail","6":"product_brand-ddonna","7":"product_cat-fechas-magicas","8":"product_cat-maquillaje","9":"product_cat-navidad-reyes","10":"product_cat-rostro","12":"first","13":"instock","14":"taxable","15":"shipping-taxable","16":"purchasable","17":"product-type-variable"},"jetpack_sharing_enabled":true,"_links":{"self":[{"href":"https:\/\/www.regaloperfectobysary.com\/index.php\/wp-json\/wp\/v2\/product\/6105","targetHints":{"allow":["GET"]}}],"collection":[{"href":"https:\/\/www.regaloperfectobysary.com\/index.php\/wp-json\/wp\/v2\/product"}],"about":[{"href":"https:\/\/www.regaloperfectobysary.com\/index.php\/wp-json\/wp\/v2\/types\/product"}],"replies":[{"embeddable":true,"href":"https:\/\/www.regaloperfectobysary.com\/index.php\/wp-json\/wp\/v2\/comments?post=6105"}],"wp:featuredmedia":[{"embeddable":true,"href":"https:\/\/www.regaloperfectobysary.com\/index.php\/wp-json\/wp\/v2\/media\/6110"}],"wp:attachment":[{"href":"https:\/\/www.regaloperfectobysary.com\/index.php\/wp-json\/wp\/v2\/media?parent=6105"}],"wp:term":[{"taxonomy":"product_brand","embeddable":true,"href":"https:\/\/www.regaloperfectobysary.com\/index.php\/wp-json\/wp\/v2\/product_brand?post=6105"},{"taxonomy":"product_cat","embeddable":true,"href":"https:\/\/www.regaloperfectobysary.com\/index.php\/wp-json\/wp\/v2\/product_cat?post=6105"},{"taxonomy":"product_tag","embeddable":true,"href":"https:\/\/www.regaloperfectobysary.com\/index.php\/wp-json\/wp\/v2\/product_tag?post=6105"}],"curies":[{"name":"wp","href":"https:\/\/api.w.org\/{rel}","templated":true}]}}