{"id":6016,"date":"2025-10-04T21:42:00","date_gmt":"2025-10-04T19:42:00","guid":{"rendered":"https:\/\/www.regaloperfectobysary.com\/?post_type=product&#038;p=6016"},"modified":"2025-10-04T22:04:02","modified_gmt":"2025-10-04T20:04:02","slug":"mini-limpiador-facial-electrico-rosita","status":"publish","type":"product","link":"https:\/\/www.regaloperfectobysary.com\/index.php\/producto\/mini-limpiador-facial-electrico-rosita\/","title":{"rendered":"Mini Limpiador Facial El\u00e9ctrico Rosita"},"content":{"rendered":"<p>Aliado perfecto para una piel m\u00e1s limpia, suave y radiante. Dise\u00f1ado con un cepillo de silicona 100% resistente al agua y recargable por USB, garantiza una higiene profunda y pr\u00e1ctica para el cuidado diario del rostro.<\/p>\n<p data-start=\"394\" data-end=\"733\">Su dise\u00f1o incorpora puntos de contacto de diferentes grosores: M\u00e1s delgados en una mitad para pieles sensibles y m\u00e1s gruesos en la otra para eliminar el exceso de grasa e impurezas de manera efectiva. De esta forma, se adapta a todo tipo de piel y a cada zona del rostro.<\/p>\n<p data-start=\"735\" data-end=\"1075\">El dispositivo cuenta con intensidades personalizables gracias a su interruptor, permitiendo elegir entre 8 niveles de vibraci\u00f3n seg\u00fan tus necesidades. Con solo dos usos al d\u00eda durante 1 minuto, elimina hasta el 99,5% de la suciedad, el sebo y los restos de maquillaje, dejando tu piel fresca, saludable y con un aspecto radiante. (SE APAGA DESPU\u00c9S DE ESTAR ENCENDIDO 3 MINUTOS PARA EVITAR EL USO EXCESIVO).<\/p>\n<p data-start=\"1077\" data-end=\"1284\">Compacto, port\u00e1til, este limpiador facial se convertir\u00e1 en un imprescindible en tu rutina de belleza, aportando comodidad y resultados visibles en muy poco tiempo.<\/p>\n","protected":false},"excerpt":{"rendered":"<p>El aliado perfecto para una piel m\u00e1s limpia, suave y radiante.<\/p>\n","protected":false},"featured_media":6018,"comment_status":"open","ping_status":"closed","template":"","meta":{"_themeisle_gutenberg_block_has_review":false},"product_brand":[702],"product_cat":[599,551],"product_tag":[],"class_list":{"0":"post-6016","1":"product","2":"type-product","3":"status-publish","4":"has-post-thumbnail","6":"product_brand-stocklider","7":"product_cat-rutina-facial","8":"product_cat-spa","10":"first","11":"instock","12":"taxable","13":"shipping-taxable","14":"purchasable","15":"product-type-simple"},"jetpack_sharing_enabled":true,"_links":{"self":[{"href":"https:\/\/www.regaloperfectobysary.com\/index.php\/wp-json\/wp\/v2\/product\/6016","targetHints":{"allow":["GET"]}}],"collection":[{"href":"https:\/\/www.regaloperfectobysary.com\/index.php\/wp-json\/wp\/v2\/product"}],"about":[{"href":"https:\/\/www.regaloperfectobysary.com\/index.php\/wp-json\/wp\/v2\/types\/product"}],"replies":[{"embeddable":true,"href":"https:\/\/www.regaloperfectobysary.com\/index.php\/wp-json\/wp\/v2\/comments?post=6016"}],"wp:featuredmedia":[{"embeddable":true,"href":"https:\/\/www.regaloperfectobysary.com\/index.php\/wp-json\/wp\/v2\/media\/6018"}],"wp:attachment":[{"href":"https:\/\/www.regaloperfectobysary.com\/index.php\/wp-json\/wp\/v2\/media?parent=6016"}],"wp:term":[{"taxonomy":"product_brand","embeddable":true,"href":"https:\/\/www.regaloperfectobysary.com\/index.php\/wp-json\/wp\/v2\/product_brand?post=6016"},{"taxonomy":"product_cat","embeddable":true,"href":"https:\/\/www.regaloperfectobysary.com\/index.php\/wp-json\/wp\/v2\/product_cat?post=6016"},{"taxonomy":"product_tag","embeddable":true,"href":"https:\/\/www.regaloperfectobysary.com\/index.php\/wp-json\/wp\/v2\/product_tag?post=6016"}],"curies":[{"name":"wp","href":"https:\/\/api.w.org\/{rel}","templated":true}]}}