{"id":5992,"date":"2025-10-04T20:55:47","date_gmt":"2025-10-04T18:55:47","guid":{"rendered":"https:\/\/www.regaloperfectobysary.com\/?post_type=product&#038;p=5992"},"modified":"2025-10-04T20:56:36","modified_gmt":"2025-10-04T18:56:36","slug":"absorbe-olores-nevera","status":"publish","type":"product","link":"https:\/\/www.regaloperfectobysary.com\/index.php\/producto\/absorbe-olores-nevera\/","title":{"rendered":"Absorbe Olores Nevera"},"content":{"rendered":"<p>El Absorbe Olores para Nevera es la soluci\u00f3n ideal para quitar el mal olor de la nevera (causado por comida en mal estado, pescado, ajo y otros alimentos,..) de manera natural y efectiva. Dise\u00f1ado con tecnolog\u00eda avanzada de absorci\u00f3n, neutraliza olores sin a\u00f1adir fragancias artificiales. Ayuda a mantener el frigor\u00edfico fresco.<\/p>\n<p>C\u00f3mo funciona?<\/p>\n<p>Absorbe y elimina las part\u00edculas que generan mal olor en la nevera, sin enmascararlas con perfumes. Gracias a su dise\u00f1o en forma de lim\u00f3n, es compacto y f\u00e1cil de ubicar en cualquier compartimento del frigor\u00edfico.<\/p>\n<p>Un producto ideal para hogares con ni\u00f1os y mascotas.<\/p>\n","protected":false},"excerpt":{"rendered":"<p>Dise\u00f1ado con tecnolog\u00eda avanzada de absorci\u00f3n, neutraliza olores sin a\u00f1adir fragancias artificiales<\/p>\n","protected":false},"featured_media":5993,"comment_status":"open","ping_status":"closed","template":"","meta":{"_themeisle_gutenberg_block_has_review":false},"product_brand":[687],"product_cat":[686,487],"product_tag":[],"class_list":{"0":"post-5992","1":"product","2":"type-product","3":"status-publish","4":"has-post-thumbnail","6":"product_brand-la-casa-de-los-aromas","7":"product_cat-ambientadores-gel","8":"product_cat-hogar","10":"first","11":"instock","12":"taxable","13":"shipping-taxable","14":"purchasable","15":"product-type-simple"},"jetpack_sharing_enabled":true,"_links":{"self":[{"href":"https:\/\/www.regaloperfectobysary.com\/index.php\/wp-json\/wp\/v2\/product\/5992","targetHints":{"allow":["GET"]}}],"collection":[{"href":"https:\/\/www.regaloperfectobysary.com\/index.php\/wp-json\/wp\/v2\/product"}],"about":[{"href":"https:\/\/www.regaloperfectobysary.com\/index.php\/wp-json\/wp\/v2\/types\/product"}],"replies":[{"embeddable":true,"href":"https:\/\/www.regaloperfectobysary.com\/index.php\/wp-json\/wp\/v2\/comments?post=5992"}],"wp:featuredmedia":[{"embeddable":true,"href":"https:\/\/www.regaloperfectobysary.com\/index.php\/wp-json\/wp\/v2\/media\/5993"}],"wp:attachment":[{"href":"https:\/\/www.regaloperfectobysary.com\/index.php\/wp-json\/wp\/v2\/media?parent=5992"}],"wp:term":[{"taxonomy":"product_brand","embeddable":true,"href":"https:\/\/www.regaloperfectobysary.com\/index.php\/wp-json\/wp\/v2\/product_brand?post=5992"},{"taxonomy":"product_cat","embeddable":true,"href":"https:\/\/www.regaloperfectobysary.com\/index.php\/wp-json\/wp\/v2\/product_cat?post=5992"},{"taxonomy":"product_tag","embeddable":true,"href":"https:\/\/www.regaloperfectobysary.com\/index.php\/wp-json\/wp\/v2\/product_tag?post=5992"}],"curies":[{"name":"wp","href":"https:\/\/api.w.org\/{rel}","templated":true}]}}