{"id":5984,"date":"2025-10-03T00:42:53","date_gmt":"2025-10-02T22:42:53","guid":{"rendered":"https:\/\/www.regaloperfectobysary.com\/?post_type=product&#038;p=5984"},"modified":"2025-10-04T22:08:38","modified_gmt":"2025-10-04T20:08:38","slug":"asia-balsamo-tradicional","status":"publish","type":"product","link":"https:\/\/www.regaloperfectobysary.com\/index.php\/producto\/asia-balsamo-tradicional\/","title":{"rendered":"Asia B\u00e1lsamo Tradicional"},"content":{"rendered":"<p><strong>El b\u00e1lsamo asi\u00e1tico tradicional<\/strong> es una pomada a base de hierbas utilizada en la medicina tradicional china para tratar diversas dolencias, principalmente relacionadas con el dolor muscular, articular y dolor de cabeza.<\/p>\n<p>Contiene: Mentol, alcanfor, aceite esencial de eucalipto y aceite esencial de \u00e1rbol de t\u00e9.<\/p>\n<p>&nbsp;<\/p>\n<p><strong>Modo de uso:<\/strong><br \/>\n*Aplicaci\u00f3n t\u00f3pica: El b\u00e1lsamo asi\u00e1tico se aplica directamente sobre la piel, en la zona afectada, por ejemplo, en las articulaciones o en los m\u00fasculos doloridos.<br \/>\n*Masaje: Despu\u00e9s de la aplicaci\u00f3n, es importante masajear suavemente el \u00e1rea para permitir que la pomada penetre. El masaje estimula la circulaci\u00f3n sangu\u00ednea, favoreciendo el alivio del dolor.<br \/>\n*Inhalaci\u00f3n (para algunos b\u00e1lsamos): Algunos b\u00e1lsamos tambi\u00e9n se pueden usar para aliviar la congesti\u00f3n nasal o los dolores de cabeza, frotando una peque\u00f1a cantidad debajo de las fosas nasales o en las sienes.<br \/>\n*Frecuencia: Generalmente, se puede usar 2-3 veces al d\u00eda, pero siempre es recomendable leer las instrucciones espec\u00edficas del producto.<\/p>\n<p>&nbsp;<\/p>\n<p><strong>Aspectos positivos:<\/strong><br \/>\n*Antiinflamatorio natural: Contiene hierbas y aceites esenciales que tienen propiedades antiinflamatorias, \u00fatiles para reducir la hinchaz\u00f3n y el dolor.<br \/>\n*Alivio r\u00e1pido del dolor: La aplicaci\u00f3n del b\u00e1lsamo crea una sensaci\u00f3n de calor que puede ayudar a relajar los m\u00fasculos tensos y aliviar el dolor.<br \/>\n*Propiedades descongestionantes: Algunos b\u00e1lsamos tienen ingredientes como el mentol o el alcanfor, que pueden ayudar a despejar las v\u00edas respiratorias en caso de resfriado o gripe.<br \/>\n*Uso para picaduras de insectos: Tambi\u00e9n se puede utilizar para reducir la picaz\u00f3n y la hinchaz\u00f3n de las picaduras de insectos.<br \/>\n*Acci\u00f3n refrescante y calmante.<\/p>\n<p>&nbsp;<\/p>\n<p>D\u00e9janos tu rese\u00f1a cuando pruebes este antiguo remedio oriental.<\/p>\n","protected":false},"excerpt":{"rendered":"<p>Si buscas un remedio natural y eficaz para tus dolores musculares, dolores de cabeza o picaduras de insectos, este B\u00e1lsamo Asi\u00e1tico es muy buena opci\u00f3n.<\/p>\n<p>(Alivia peque\u00f1as molestias cotidianas).<\/p>\n","protected":false},"featured_media":5985,"comment_status":"open","ping_status":"closed","template":"","meta":{"_themeisle_gutenberg_block_has_review":false},"product_brand":[649],"product_cat":[554,551],"product_tag":[],"class_list":{"0":"post-5984","1":"product","2":"type-product","3":"status-publish","4":"has-post-thumbnail","6":"product_brand-cosmi","7":"product_cat-cuidado-corporal","8":"product_cat-spa","10":"first","11":"instock","12":"taxable","13":"shipping-taxable","14":"purchasable","15":"product-type-simple"},"jetpack_sharing_enabled":true,"_links":{"self":[{"href":"https:\/\/www.regaloperfectobysary.com\/index.php\/wp-json\/wp\/v2\/product\/5984","targetHints":{"allow":["GET"]}}],"collection":[{"href":"https:\/\/www.regaloperfectobysary.com\/index.php\/wp-json\/wp\/v2\/product"}],"about":[{"href":"https:\/\/www.regaloperfectobysary.com\/index.php\/wp-json\/wp\/v2\/types\/product"}],"replies":[{"embeddable":true,"href":"https:\/\/www.regaloperfectobysary.com\/index.php\/wp-json\/wp\/v2\/comments?post=5984"}],"wp:featuredmedia":[{"embeddable":true,"href":"https:\/\/www.regaloperfectobysary.com\/index.php\/wp-json\/wp\/v2\/media\/5985"}],"wp:attachment":[{"href":"https:\/\/www.regaloperfectobysary.com\/index.php\/wp-json\/wp\/v2\/media?parent=5984"}],"wp:term":[{"taxonomy":"product_brand","embeddable":true,"href":"https:\/\/www.regaloperfectobysary.com\/index.php\/wp-json\/wp\/v2\/product_brand?post=5984"},{"taxonomy":"product_cat","embeddable":true,"href":"https:\/\/www.regaloperfectobysary.com\/index.php\/wp-json\/wp\/v2\/product_cat?post=5984"},{"taxonomy":"product_tag","embeddable":true,"href":"https:\/\/www.regaloperfectobysary.com\/index.php\/wp-json\/wp\/v2\/product_tag?post=5984"}],"curies":[{"name":"wp","href":"https:\/\/api.w.org\/{rel}","templated":true}]}}