{"id":5950,"date":"2025-10-02T01:02:42","date_gmt":"2025-10-01T23:02:42","guid":{"rendered":"https:\/\/www.regaloperfectobysary.com\/?post_type=product&#038;p=5950"},"modified":"2025-10-02T01:37:57","modified_gmt":"2025-10-01T23:37:57","slug":"duo-pig-sombras-labial","status":"publish","type":"product","link":"https:\/\/www.regaloperfectobysary.com\/index.php\/producto\/duo-pig-sombras-labial\/","title":{"rendered":"D\u00fao Pig Sombras + Labial"},"content":{"rendered":"<p>Este d\u00fao viral incluye:<\/p>\n<p>*Una Paleta de Sombras de Ojos (dise\u00f1o de un Cerdito s\u00faper tierno) con 9 tonalidades combinables entre s\u00ed, mates y con brillos. Trae un peque\u00f1o espejo en la solapa principal, ideal para poder realizar el maquillaje deseado o retocarlo en cualquier lugar.<\/p>\n<p>*Un Labial L\u00edquido con la ilustraci\u00f3n del Cerdito exclusivo. Exclusivo porque CADA D\u00daO CONTIENE UN TONO DISTINTO (las paletas son las mismas pero el color del labial no, NO HAY 2 IGUALES). No es pegajoso.<\/p>\n<p>El Formato de este D\u00fao es perfecto para llevar en el bolso, neceser, mochila,.. ideal para un maquillaje impecable por su larga duraci\u00f3n.<\/p>\n<p>Ya sabes a qui\u00e9n le encantar\u00eda este D\u00fao? Y a ti? Recuerda, escoge el tono de labial que m\u00e1s te guste, las tonalidades de la paleta son las mismas.<\/p>\n","protected":false},"excerpt":{"rendered":"<p>D\u00fao de maquillaje (sombras de ojos y labial l\u00edquido) con dise\u00f1o s\u00faper tierno, Cerdito.<\/p>\n","protected":false},"featured_media":5957,"comment_status":"open","ping_status":"closed","template":"","meta":{"_themeisle_gutenberg_block_has_review":false},"product_brand":[679],"product_cat":[523,520,525],"product_tag":[],"class_list":{"0":"post-5950","1":"product","2":"type-product","3":"status-publish","4":"has-post-thumbnail","6":"product_brand-kevincoco","7":"product_cat-labios","8":"product_cat-maquillaje","9":"product_cat-ojos","11":"first","12":"instock","13":"taxable","14":"shipping-taxable","15":"purchasable","16":"product-type-variable"},"jetpack_sharing_enabled":true,"_links":{"self":[{"href":"https:\/\/www.regaloperfectobysary.com\/index.php\/wp-json\/wp\/v2\/product\/5950","targetHints":{"allow":["GET"]}}],"collection":[{"href":"https:\/\/www.regaloperfectobysary.com\/index.php\/wp-json\/wp\/v2\/product"}],"about":[{"href":"https:\/\/www.regaloperfectobysary.com\/index.php\/wp-json\/wp\/v2\/types\/product"}],"replies":[{"embeddable":true,"href":"https:\/\/www.regaloperfectobysary.com\/index.php\/wp-json\/wp\/v2\/comments?post=5950"}],"wp:featuredmedia":[{"embeddable":true,"href":"https:\/\/www.regaloperfectobysary.com\/index.php\/wp-json\/wp\/v2\/media\/5957"}],"wp:attachment":[{"href":"https:\/\/www.regaloperfectobysary.com\/index.php\/wp-json\/wp\/v2\/media?parent=5950"}],"wp:term":[{"taxonomy":"product_brand","embeddable":true,"href":"https:\/\/www.regaloperfectobysary.com\/index.php\/wp-json\/wp\/v2\/product_brand?post=5950"},{"taxonomy":"product_cat","embeddable":true,"href":"https:\/\/www.regaloperfectobysary.com\/index.php\/wp-json\/wp\/v2\/product_cat?post=5950"},{"taxonomy":"product_tag","embeddable":true,"href":"https:\/\/www.regaloperfectobysary.com\/index.php\/wp-json\/wp\/v2\/product_tag?post=5950"}],"curies":[{"name":"wp","href":"https:\/\/api.w.org\/{rel}","templated":true}]}}