{"id":5913,"date":"2025-10-01T23:50:18","date_gmt":"2025-10-01T21:50:18","guid":{"rendered":"https:\/\/www.regaloperfectobysary.com\/?post_type=product&#038;p=5913"},"modified":"2025-10-02T00:03:45","modified_gmt":"2025-10-01T22:03:45","slug":"labial-liquido-mate-nude","status":"publish","type":"product","link":"https:\/\/www.regaloperfectobysary.com\/index.php\/producto\/labial-liquido-mate-nude\/","title":{"rendered":"Labial L\u00edquido Mate Nude"},"content":{"rendered":"<p>Confort y duraci\u00f3n extrema. LIP MATTE NUDE, tinte de labios con color de larga duraci\u00f3n, ha venido a revolucionar nuestro ritual de maquillaje. Gracias a sus 24h de duraci\u00f3n, al confort de su f\u00f3rmula y a su acabado, tan solo unos segundos despu\u00e9s de la aplicaci\u00f3n, el color se fusiona con los labios como un &#8220;tatuaje&#8221;.<\/p>\n<p>Se fusiona con los labios con total transparencia y ligereza para potenciar su color natural, sin efecto de materia pero con un confort sorprendente. Gracias a su f\u00f3rmula minuciosamente elaborada, es el primer tinte altamente &#8216;besable&#8217; y con un efecto &#8216;no transfer&#8217;.<\/p>\n","protected":false},"excerpt":{"rendered":"<p>Confort y duraci\u00f3n extrema. LIP MATTE NUDE, tinte de labios con color de larga duraci\u00f3n, ha venido a revolucionar nuestro ritual de maquillaje. Gracias a sus 24h de duraci\u00f3n, al confort de su f\u00f3rmula y a su acabado, tan solo unos segundos despu\u00e9s de la aplicaci\u00f3n, el color se fusiona con los labios como un &hellip; <\/p>\n","protected":false},"featured_media":5921,"comment_status":"open","ping_status":"closed","template":"","meta":{"_themeisle_gutenberg_block_has_review":false},"product_brand":[651],"product_cat":[523,520],"product_tag":[],"class_list":{"0":"post-5913","1":"product","2":"type-product","3":"status-publish","4":"has-post-thumbnail","6":"product_brand-ddonna","7":"product_cat-labios","8":"product_cat-maquillaje","10":"first","11":"instock","12":"taxable","13":"shipping-taxable","14":"purchasable","15":"product-type-variable"},"jetpack_sharing_enabled":true,"_links":{"self":[{"href":"https:\/\/www.regaloperfectobysary.com\/index.php\/wp-json\/wp\/v2\/product\/5913","targetHints":{"allow":["GET"]}}],"collection":[{"href":"https:\/\/www.regaloperfectobysary.com\/index.php\/wp-json\/wp\/v2\/product"}],"about":[{"href":"https:\/\/www.regaloperfectobysary.com\/index.php\/wp-json\/wp\/v2\/types\/product"}],"replies":[{"embeddable":true,"href":"https:\/\/www.regaloperfectobysary.com\/index.php\/wp-json\/wp\/v2\/comments?post=5913"}],"wp:featuredmedia":[{"embeddable":true,"href":"https:\/\/www.regaloperfectobysary.com\/index.php\/wp-json\/wp\/v2\/media\/5921"}],"wp:attachment":[{"href":"https:\/\/www.regaloperfectobysary.com\/index.php\/wp-json\/wp\/v2\/media?parent=5913"}],"wp:term":[{"taxonomy":"product_brand","embeddable":true,"href":"https:\/\/www.regaloperfectobysary.com\/index.php\/wp-json\/wp\/v2\/product_brand?post=5913"},{"taxonomy":"product_cat","embeddable":true,"href":"https:\/\/www.regaloperfectobysary.com\/index.php\/wp-json\/wp\/v2\/product_cat?post=5913"},{"taxonomy":"product_tag","embeddable":true,"href":"https:\/\/www.regaloperfectobysary.com\/index.php\/wp-json\/wp\/v2\/product_tag?post=5913"}],"curies":[{"name":"wp","href":"https:\/\/api.w.org\/{rel}","templated":true}]}}