{"id":5885,"date":"2025-09-28T21:26:56","date_gmt":"2025-09-28T19:26:56","guid":{"rendered":"https:\/\/www.regaloperfectobysary.com\/?post_type=product&#038;p=5885"},"modified":"2025-10-05T01:22:12","modified_gmt":"2025-10-04T23:22:12","slug":"brillo-labios-refresco","status":"publish","type":"product","link":"https:\/\/www.regaloperfectobysary.com\/index.php\/producto\/brillo-labios-refresco\/","title":{"rendered":"Brillos Labios Refrescos"},"content":{"rendered":"<p>No quedarte con la colecci\u00f3n completa de estas botellitas va a ser misi\u00f3n imposible. Pero qu\u00e9 son en realidad? Aunque parezcan botellas de refrescos son brillos de labios hidratantes, sin color. 5 aromas diferentes:<\/p>\n<p>*Rojo = Cola,<\/p>\n<p>*Naranja = Naranja,<\/p>\n<p>*Amarillo = Lim\u00f3n,<\/p>\n<p>*Verde = Lima,<\/p>\n<p>*Morado = Cereza.<\/p>\n<p>Aparte de ser el centro de todas las miradas cuando te apliques uno de estos brillos para hidratarte los labios, qu\u00e9 te parece la idea de ponerlos tambi\u00e9n de decoraci\u00f3n?<\/p>\n<p>Sin duda todo un acierto para sorprender a amantes de los refrescos!<\/p>\n","protected":false},"excerpt":{"rendered":"<p>Son hidratantes, sin color.<\/p>\n","protected":false},"featured_media":6029,"comment_status":"open","ping_status":"closed","template":"","meta":{"_themeisle_gutenberg_block_has_review":false},"product_brand":[656],"product_cat":[523,520],"product_tag":[],"class_list":{"0":"post-5885","1":"product","2":"type-product","3":"status-publish","4":"has-post-thumbnail","6":"product_brand-leticia-well","7":"product_cat-labios","8":"product_cat-maquillaje","10":"first","11":"instock","12":"taxable","13":"shipping-taxable","14":"purchasable","15":"product-type-variable"},"jetpack_sharing_enabled":true,"_links":{"self":[{"href":"https:\/\/www.regaloperfectobysary.com\/index.php\/wp-json\/wp\/v2\/product\/5885","targetHints":{"allow":["GET"]}}],"collection":[{"href":"https:\/\/www.regaloperfectobysary.com\/index.php\/wp-json\/wp\/v2\/product"}],"about":[{"href":"https:\/\/www.regaloperfectobysary.com\/index.php\/wp-json\/wp\/v2\/types\/product"}],"replies":[{"embeddable":true,"href":"https:\/\/www.regaloperfectobysary.com\/index.php\/wp-json\/wp\/v2\/comments?post=5885"}],"wp:featuredmedia":[{"embeddable":true,"href":"https:\/\/www.regaloperfectobysary.com\/index.php\/wp-json\/wp\/v2\/media\/6029"}],"wp:attachment":[{"href":"https:\/\/www.regaloperfectobysary.com\/index.php\/wp-json\/wp\/v2\/media?parent=5885"}],"wp:term":[{"taxonomy":"product_brand","embeddable":true,"href":"https:\/\/www.regaloperfectobysary.com\/index.php\/wp-json\/wp\/v2\/product_brand?post=5885"},{"taxonomy":"product_cat","embeddable":true,"href":"https:\/\/www.regaloperfectobysary.com\/index.php\/wp-json\/wp\/v2\/product_cat?post=5885"},{"taxonomy":"product_tag","embeddable":true,"href":"https:\/\/www.regaloperfectobysary.com\/index.php\/wp-json\/wp\/v2\/product_tag?post=5885"}],"curies":[{"name":"wp","href":"https:\/\/api.w.org\/{rel}","templated":true}]}}