{"id":5786,"date":"2025-06-14T00:00:27","date_gmt":"2025-06-13T22:00:27","guid":{"rendered":"https:\/\/www.regaloperfectobysary.com\/?post_type=product&#038;p=5786"},"modified":"2025-09-16T19:29:18","modified_gmt":"2025-09-16T17:29:18","slug":"brillos-labios-peptidos","status":"publish","type":"product","link":"https:\/\/www.regaloperfectobysary.com\/index.php\/producto\/brillos-labios-peptidos\/","title":{"rendered":"Brillos Labios P\u00e9ptidos"},"content":{"rendered":"<p>Brillo de labios con f\u00f3rmula ligera, no pegajoso. Hidrataci\u00f3n intensa.<\/p>\n<p>Encuentra el brillo perfecto para tus labios, 12 tonos diferentes.<\/p>\n","protected":false},"excerpt":{"rendered":"<p>Inspiraci\u00f3n a Rhode. Producto Viral.<\/p>\n","protected":false},"featured_media":0,"comment_status":"open","ping_status":"closed","template":"","meta":{"_themeisle_gutenberg_block_has_review":false},"product_brand":[700],"product_cat":[523,520],"product_tag":[],"class_list":{"0":"post-5786","1":"product","2":"type-product","3":"status-publish","5":"product_brand-page-vine","6":"product_cat-labios","7":"product_cat-maquillaje","9":"first","10":"instock","11":"taxable","12":"shipping-taxable","13":"purchasable","14":"product-type-variable"},"jetpack_sharing_enabled":true,"_links":{"self":[{"href":"https:\/\/www.regaloperfectobysary.com\/index.php\/wp-json\/wp\/v2\/product\/5786","targetHints":{"allow":["GET"]}}],"collection":[{"href":"https:\/\/www.regaloperfectobysary.com\/index.php\/wp-json\/wp\/v2\/product"}],"about":[{"href":"https:\/\/www.regaloperfectobysary.com\/index.php\/wp-json\/wp\/v2\/types\/product"}],"replies":[{"embeddable":true,"href":"https:\/\/www.regaloperfectobysary.com\/index.php\/wp-json\/wp\/v2\/comments?post=5786"}],"wp:attachment":[{"href":"https:\/\/www.regaloperfectobysary.com\/index.php\/wp-json\/wp\/v2\/media?parent=5786"}],"wp:term":[{"taxonomy":"product_brand","embeddable":true,"href":"https:\/\/www.regaloperfectobysary.com\/index.php\/wp-json\/wp\/v2\/product_brand?post=5786"},{"taxonomy":"product_cat","embeddable":true,"href":"https:\/\/www.regaloperfectobysary.com\/index.php\/wp-json\/wp\/v2\/product_cat?post=5786"},{"taxonomy":"product_tag","embeddable":true,"href":"https:\/\/www.regaloperfectobysary.com\/index.php\/wp-json\/wp\/v2\/product_tag?post=5786"}],"curies":[{"name":"wp","href":"https:\/\/api.w.org\/{rel}","templated":true}]}}