{"id":5622,"date":"2025-05-14T00:01:59","date_gmt":"2025-05-13T22:01:59","guid":{"rendered":"https:\/\/www.regaloperfectobysary.com\/?post_type=product&#038;p=5622"},"modified":"2025-05-14T13:20:55","modified_gmt":"2025-05-14T11:20:55","slug":"parches-acne-purificantes","status":"publish","type":"product","link":"https:\/\/www.regaloperfectobysary.com\/index.php\/producto\/parches-acne-purificantes\/","title":{"rendered":"Parches Acn\u00e9 Purificantes"},"content":{"rendered":"<p>Necesitas una soluci\u00f3n r\u00e1pida para combatir las impurezas de la piel? Nuestros parches purificadores son la respuesta. Dise\u00f1ados espec\u00edficamente para pieles con acn\u00e9, estos parches ofrecen un efecto inmediato, ayud\u00e1ndote a conseguir una piel m\u00e1s clara y radiante.<\/p>\n<p>-Caracter\u00edsticas Principales:*Elimina las impurezas: Los parches purificantes utilizan una tecnolog\u00eda transd\u00e9rmica avanzada para eliminar eficazmente las impurezas de la piel. Esto incluye puntos negros, granos y otras imperfecciones.<br \/>\n*Efecto instant\u00e1neo: Una vez aplicados, estos parches act\u00faan r\u00e1pidamente para hacer frente a las impurezas. Puedes ver y sentir la diferencia ya despu\u00e9s de una aplicaci\u00f3n.<br \/>\n*Dermatol\u00f3gicamente probada: Nuestra f\u00f3rmula ha sido rigurosamente probada bajo la supervisi\u00f3n de dermat\u00f3logos para garantizar la m\u00e1xima eficacia y seguridad para su piel.<br \/>\n*F\u00e1cil aplicaci\u00f3n: Cada paquete contiene 30 parches, completos con un pr\u00e1ctico aplicador. Basta con aplicar un parche en las zonas afectadas y dejar que act\u00fae para obtener resultados visibles.<br \/>\n*Para uso localizado: Los parches purificadores son ideales para usar en la cara y otras \u00e1reas problem\u00e1ticas del cuerpo. Se pueden utilizar en cualquier momento del d\u00eda.<\/p>\n<p>Combate las impurezas de tu piel con los Parches Purificantes, una soluci\u00f3n fiable y r\u00e1pida para una piel m\u00e1s clara y luminosa. Act\u00faa ahora para afrontar las imperfecciones y recuperar tu confianza en tu piel.<\/p>\n","protected":false},"excerpt":{"rendered":"<p>Resolvemos el problema de las pieles con acn\u00e9 con nuestros parches purificantes. Estos parches, dermatol\u00f3gicamente testados, act\u00faan de manera efectiva, eliminando las impurezas de la piel con una aplicaci\u00f3n simple y r\u00e1pida.<\/p>\n","protected":false},"featured_media":5623,"comment_status":"open","ping_status":"closed","template":"","meta":{"_themeisle_gutenberg_block_has_review":false},"product_brand":[649],"product_cat":[639,599,640,551],"product_tag":[],"class_list":{"0":"post-5622","1":"product","2":"type-product","3":"status-publish","4":"has-post-thumbnail","6":"product_brand-cosmi","7":"product_cat-hombres","8":"product_cat-rutina-facial","9":"product_cat-rutina-facial-hombres","10":"product_cat-spa","12":"first","13":"onbackorder","14":"taxable","15":"shipping-taxable","16":"purchasable","17":"product-type-simple"},"jetpack_sharing_enabled":true,"_links":{"self":[{"href":"https:\/\/www.regaloperfectobysary.com\/index.php\/wp-json\/wp\/v2\/product\/5622","targetHints":{"allow":["GET"]}}],"collection":[{"href":"https:\/\/www.regaloperfectobysary.com\/index.php\/wp-json\/wp\/v2\/product"}],"about":[{"href":"https:\/\/www.regaloperfectobysary.com\/index.php\/wp-json\/wp\/v2\/types\/product"}],"replies":[{"embeddable":true,"href":"https:\/\/www.regaloperfectobysary.com\/index.php\/wp-json\/wp\/v2\/comments?post=5622"}],"wp:featuredmedia":[{"embeddable":true,"href":"https:\/\/www.regaloperfectobysary.com\/index.php\/wp-json\/wp\/v2\/media\/5623"}],"wp:attachment":[{"href":"https:\/\/www.regaloperfectobysary.com\/index.php\/wp-json\/wp\/v2\/media?parent=5622"}],"wp:term":[{"taxonomy":"product_brand","embeddable":true,"href":"https:\/\/www.regaloperfectobysary.com\/index.php\/wp-json\/wp\/v2\/product_brand?post=5622"},{"taxonomy":"product_cat","embeddable":true,"href":"https:\/\/www.regaloperfectobysary.com\/index.php\/wp-json\/wp\/v2\/product_cat?post=5622"},{"taxonomy":"product_tag","embeddable":true,"href":"https:\/\/www.regaloperfectobysary.com\/index.php\/wp-json\/wp\/v2\/product_tag?post=5622"}],"curies":[{"name":"wp","href":"https:\/\/api.w.org\/{rel}","templated":true}]}}