{"id":5592,"date":"2025-05-14T00:00:40","date_gmt":"2025-05-13T22:00:40","guid":{"rendered":"https:\/\/www.regaloperfectobysary.com\/?post_type=product&#038;p=5592"},"modified":"2025-05-14T13:07:30","modified_gmt":"2025-05-14T11:07:30","slug":"s-o-o-acne-crema-spot","status":"publish","type":"product","link":"https:\/\/www.regaloperfectobysary.com\/index.php\/producto\/s-o-o-acne-crema-spot\/","title":{"rendered":"S.O.S. Acn\u00e9 Crema SPOT"},"content":{"rendered":"<p><strong>La crema spot SOS para el acn\u00e9 <\/strong>es un tratamiento espec\u00edfico, formulado espec\u00edficamente para reducir r\u00e1pidamente las espinillas y las imperfecciones. Se aplica directamente en las \u00e1reas problem\u00e1ticas y act\u00faa de forma localizada para calmar, desamar y acelerar la curaci\u00f3n de las espinillas. Es ideal para tratamientos de emergencia cuando se desea reducir una imperfecci\u00f3n en poco tiempo.<\/p>\n<p>-Caracter\u00edsticas:<\/p>\n<p>*Tratamiento formulado para actuar directamente sobre el grano o imperfecci\u00f3n individual, sin tener que aplicar el producto en todo el rostro.<\/p>\n<p>*F\u00f3rmula r\u00e1pida. Esta crema da resultados visibles en pocas horas o durante la noche.<\/p>\n<p>*No comedog\u00e9nica. Las cremas spot son ligeras y no obstruyen los poros, evitando m\u00e1s brotes.<\/p>\n<p>-Modo de uso:<\/p>\n<p>*Lava bien la cara con un limpiador suave antes de aplicar la crema.<\/p>\n<p>*Toma una peque\u00f1a cantidad de producto y apl\u00edcala directamente sobre el grano o la zona inflamada. Por lo general, basta con aplicar el producto 1-2 veces al d\u00eda.<\/p>\n<p>*Dejar que el producto se absorba por completo y no enjuagar. Tambi\u00e9n se puede usar debajo del maquillaje.<\/p>\n<p>*Repetici\u00f3n: Contin\u00faa aplicando el tratamiento hasta que la imperfecci\u00f3n se reduzca visiblemente. La mayor\u00eda de los productos spot funcionan en pocos d\u00edas.<\/p>\n<p>-Aspectos positivos:<\/p>\n<p>*Act\u00faa en pocas horas para reducir el enrojecimiento y la hinchaz\u00f3n de las espinillas, ayudando a que desaparezcan m\u00e1s r\u00e1pido.<\/p>\n<p>*Tratamiento localizado. Puede tratar granos individuales sin tener que aplicar un producto en toda la cara, lo que lo hace menos agresivo para la piel circundante.<\/p>\n<p>*Reducci\u00f3n de cicatrices. Contiene ingredientes que ayudan a prevenir las cicatrices del acn\u00e9 y a mejorar el proceso de curaci\u00f3n de la piel.<\/p>\n<p>*F\u00e1cil uso. El formato pr\u00e1ctico permite una aplicaci\u00f3n r\u00e1pida y discreta, incluso durante el d\u00eda o bajo el maquillaje.<\/p>\n<p>Por lo tanto, una crema spot SOS para el acn\u00e9 es un excelente aliado para quienes sufren de imperfecciones ocasionales y buscan un tratamiento r\u00e1pido y eficaz para reducir las espinillas en el menor tiempo posible.<\/p>\n","protected":false},"excerpt":{"rendered":"<p>Con la crema spot S.O.S. acn\u00e9, puedes decir adi\u00f3s a las erupciones cut\u00e1neas! Una <em>crema <\/em>t\u00f3pica exclusiva para el tratamiento del <em>acn\u00e9 <\/em>que elimina las erupciones es imprescindible en su rutina de cuidado de la piel.<\/p>\n","protected":false},"featured_media":5593,"comment_status":"open","ping_status":"closed","template":"","meta":{"_themeisle_gutenberg_block_has_review":false},"product_brand":[649],"product_cat":[639,599,640,551],"product_tag":[],"class_list":{"0":"post-5592","1":"product","2":"type-product","3":"status-publish","4":"has-post-thumbnail","6":"product_brand-cosmi","7":"product_cat-hombres","8":"product_cat-rutina-facial","9":"product_cat-rutina-facial-hombres","10":"product_cat-spa","12":"first","13":"instock","14":"taxable","15":"shipping-taxable","16":"purchasable","17":"product-type-simple"},"jetpack_sharing_enabled":true,"_links":{"self":[{"href":"https:\/\/www.regaloperfectobysary.com\/index.php\/wp-json\/wp\/v2\/product\/5592","targetHints":{"allow":["GET"]}}],"collection":[{"href":"https:\/\/www.regaloperfectobysary.com\/index.php\/wp-json\/wp\/v2\/product"}],"about":[{"href":"https:\/\/www.regaloperfectobysary.com\/index.php\/wp-json\/wp\/v2\/types\/product"}],"replies":[{"embeddable":true,"href":"https:\/\/www.regaloperfectobysary.com\/index.php\/wp-json\/wp\/v2\/comments?post=5592"}],"wp:featuredmedia":[{"embeddable":true,"href":"https:\/\/www.regaloperfectobysary.com\/index.php\/wp-json\/wp\/v2\/media\/5593"}],"wp:attachment":[{"href":"https:\/\/www.regaloperfectobysary.com\/index.php\/wp-json\/wp\/v2\/media?parent=5592"}],"wp:term":[{"taxonomy":"product_brand","embeddable":true,"href":"https:\/\/www.regaloperfectobysary.com\/index.php\/wp-json\/wp\/v2\/product_brand?post=5592"},{"taxonomy":"product_cat","embeddable":true,"href":"https:\/\/www.regaloperfectobysary.com\/index.php\/wp-json\/wp\/v2\/product_cat?post=5592"},{"taxonomy":"product_tag","embeddable":true,"href":"https:\/\/www.regaloperfectobysary.com\/index.php\/wp-json\/wp\/v2\/product_tag?post=5592"}],"curies":[{"name":"wp","href":"https:\/\/api.w.org\/{rel}","templated":true}]}}