{"id":5588,"date":"2025-05-24T00:00:09","date_gmt":"2025-05-23T22:00:09","guid":{"rendered":"https:\/\/www.regaloperfectobysary.com\/?post_type=product&#038;p=5588"},"modified":"2025-05-15T01:22:32","modified_gmt":"2025-05-14T23:22:32","slug":"mascaras-faciales-caliente-frio-rosa","status":"publish","type":"product","link":"https:\/\/www.regaloperfectobysary.com\/index.php\/producto\/mascaras-faciales-caliente-frio-rosa\/","title":{"rendered":"M\u00e1scaras Faciales Caliente\/Fr\u00edo"},"content":{"rendered":"<p>Una mascarilla facial reutilizable, de efecto caliente y efecto fr\u00edo en rosa o en lila.<\/p>\n<p>-Efecto calor (humed\u00e9cela con agua tibia asegur\u00e1ndote de que no est\u00e9 demasiado caliente para la piel):<\/p>\n<p>*Alivia la sequedad ocular.<\/p>\n<p>*Combate el cansancio ocular.<\/p>\n<div class=\"elementor-element elementor-element-45fd9894 elementor-widget elementor-widget-text-editor\" data-id=\"45fd9894\" data-element_type=\"widget\" data-widget_type=\"text-editor.default\">\n<div class=\"elementor-widget-container\">\n<div class=\"elementor-text-editor elementor-clearfix\">\n<p>*Ayuda a rebajar la inflamaci\u00f3n de los p\u00e1rpados.<\/p>\n<\/div>\n<\/div>\n<\/div>\n<div class=\"elementor-element elementor-element-d5c7454 elementor-widget elementor-widget-text-editor\" data-id=\"d5c7454\" data-element_type=\"widget\" data-widget_type=\"text-editor.default\">\n<div class=\"elementor-widget-container\">\n<div class=\"elementor-text-editor elementor-clearfix\">\n<p>*Estimula la vasodilataci\u00f3n y por tanto, la circulaci\u00f3n, lo que promueve la eliminaci\u00f3n de toxinas y la relajaci\u00f3n de los m\u00fasculos faciales (m\u00fasculos orbiculares, temporales, pr\u00f3cer y el nasal).<\/p>\n<p>*Reduce de manera considerable la sensaci\u00f3n de esfuerzo ocular.<\/p>\n<p>-Efecto fr\u00edo (sum\u00e9rgela en agua fr\u00eda o refrig\u00e9rala antes de usarla):<\/p>\n<p>*Alivia los s\u00edntomas de picor, hinchaz\u00f3n, y lacrimeo\u00a0producto de alergias y la poluci\u00f3n ambiental.<\/p>\n<p>*Alivia la congesti\u00f3n de la zona ocular consiguiendo la desinflamaci\u00f3n de los p\u00e1rpados, la reducci\u00f3n de las bolsas de los ojos y las ojeras.<\/p>\n<p>*Mejora la apariencia de la piel al disminuir el enrojecimiento\u00a0o amoratamiento de p\u00e1rpados y ojeras.<\/p>\n<div class=\"elementor-element elementor-element-171200b elementor-widget elementor-widget-text-editor\" data-id=\"171200b\" data-element_type=\"widget\" data-widget_type=\"text-editor.default\">\n<div class=\"elementor-widget-container\">\n<div class=\"elementor-text-editor elementor-clearfix\">\n<p>*Mejora el brillo y la elasticidad de la piel alrededor de los ojos.<\/p>\n<p>-Recomendaciones:<\/p>\n<p>*Lavar la mascarilla facial reutilizable a mano con agua tibia y un detergente suave. Antes de guardarla, hay que secarla completamente.<\/p>\n<p>*Utilizarla de 10 a 15 minutos dependiendo del efecto deseado (fr\u00edo o calor).<\/p>\n<p>*Es ideal para potenciar el efecto de tus productos de cuidado facial. Apl\u00edcalos antes de usar la m\u00e1scara en caliente o despu\u00e9s de usarla en fr\u00edo para sellar los beneficios.<\/p>\n<p>*Apta para todo tipo de pieles, incluidas las sensibles.<\/p>\n<\/div>\n<\/div>\n<\/div>\n<\/div>\n<\/div>\n<\/div>\n","protected":false},"excerpt":{"rendered":"<p>Una m\u00e1scara facial reutilizable de efecto caliente y efecto fr\u00edo (rosa o lila).<\/p>\n","protected":false},"featured_media":0,"comment_status":"open","ping_status":"closed","template":"","meta":{"_themeisle_gutenberg_block_has_review":false},"product_brand":[692],"product_cat":[639,599,640,551],"product_tag":[],"class_list":{"0":"post-5588","1":"product","2":"type-product","3":"status-publish","5":"product_brand-rubyface","6":"product_cat-hombres","7":"product_cat-rutina-facial","8":"product_cat-rutina-facial-hombres","9":"product_cat-spa","11":"first","12":"instock","13":"taxable","14":"shipping-taxable","15":"purchasable","16":"product-type-variable"},"jetpack_sharing_enabled":true,"_links":{"self":[{"href":"https:\/\/www.regaloperfectobysary.com\/index.php\/wp-json\/wp\/v2\/product\/5588","targetHints":{"allow":["GET"]}}],"collection":[{"href":"https:\/\/www.regaloperfectobysary.com\/index.php\/wp-json\/wp\/v2\/product"}],"about":[{"href":"https:\/\/www.regaloperfectobysary.com\/index.php\/wp-json\/wp\/v2\/types\/product"}],"replies":[{"embeddable":true,"href":"https:\/\/www.regaloperfectobysary.com\/index.php\/wp-json\/wp\/v2\/comments?post=5588"}],"wp:attachment":[{"href":"https:\/\/www.regaloperfectobysary.com\/index.php\/wp-json\/wp\/v2\/media?parent=5588"}],"wp:term":[{"taxonomy":"product_brand","embeddable":true,"href":"https:\/\/www.regaloperfectobysary.com\/index.php\/wp-json\/wp\/v2\/product_brand?post=5588"},{"taxonomy":"product_cat","embeddable":true,"href":"https:\/\/www.regaloperfectobysary.com\/index.php\/wp-json\/wp\/v2\/product_cat?post=5588"},{"taxonomy":"product_tag","embeddable":true,"href":"https:\/\/www.regaloperfectobysary.com\/index.php\/wp-json\/wp\/v2\/product_tag?post=5588"}],"curies":[{"name":"wp","href":"https:\/\/api.w.org\/{rel}","templated":true}]}}