{"id":5587,"date":"2025-05-23T00:00:35","date_gmt":"2025-05-22T22:00:35","guid":{"rendered":"https:\/\/www.regaloperfectobysary.com\/?post_type=product&#038;p=5587"},"modified":"2025-05-15T01:24:53","modified_gmt":"2025-05-14T23:24:53","slug":"toallas-desechables-20x20cm","status":"publish","type":"product","link":"https:\/\/www.regaloperfectobysary.com\/index.php\/producto\/toallas-desechables-20x20cm\/","title":{"rendered":"Toallas Desechables 20x20cm"},"content":{"rendered":"<p>Toallas desechables 100% algod\u00f3n. Son suaves y resistentes. Higi\u00e9nicamente m\u00e1s segura.<\/p>\n<p>Se puede usar en hospitales, en campings, para ir al gimnasio, de viaje, para hacer la rutina facial,&#8230;<\/p>\n<p>50 piezas por paquete, de 20 x 20 cm.<\/p>\n","protected":false},"excerpt":{"rendered":"<p>Toallas Desechables suaves y resistentes. Higi\u00e9nicamente m\u00e1s segura. 100% algod\u00f3n.<\/p>\n","protected":false},"featured_media":0,"comment_status":"open","ping_status":"closed","template":"","meta":{"_themeisle_gutenberg_block_has_review":false},"product_brand":[649],"product_cat":[554,639,599,640,551],"product_tag":[],"class_list":{"0":"post-5587","1":"product","2":"type-product","3":"status-publish","5":"product_brand-cosmi","6":"product_cat-cuidado-corporal","7":"product_cat-hombres","8":"product_cat-rutina-facial","9":"product_cat-rutina-facial-hombres","10":"product_cat-spa","12":"first","13":"instock","14":"taxable","15":"shipping-taxable","16":"purchasable","17":"product-type-simple"},"jetpack_sharing_enabled":true,"_links":{"self":[{"href":"https:\/\/www.regaloperfectobysary.com\/index.php\/wp-json\/wp\/v2\/product\/5587","targetHints":{"allow":["GET"]}}],"collection":[{"href":"https:\/\/www.regaloperfectobysary.com\/index.php\/wp-json\/wp\/v2\/product"}],"about":[{"href":"https:\/\/www.regaloperfectobysary.com\/index.php\/wp-json\/wp\/v2\/types\/product"}],"replies":[{"embeddable":true,"href":"https:\/\/www.regaloperfectobysary.com\/index.php\/wp-json\/wp\/v2\/comments?post=5587"}],"wp:attachment":[{"href":"https:\/\/www.regaloperfectobysary.com\/index.php\/wp-json\/wp\/v2\/media?parent=5587"}],"wp:term":[{"taxonomy":"product_brand","embeddable":true,"href":"https:\/\/www.regaloperfectobysary.com\/index.php\/wp-json\/wp\/v2\/product_brand?post=5587"},{"taxonomy":"product_cat","embeddable":true,"href":"https:\/\/www.regaloperfectobysary.com\/index.php\/wp-json\/wp\/v2\/product_cat?post=5587"},{"taxonomy":"product_tag","embeddable":true,"href":"https:\/\/www.regaloperfectobysary.com\/index.php\/wp-json\/wp\/v2\/product_tag?post=5587"}],"curies":[{"name":"wp","href":"https:\/\/api.w.org\/{rel}","templated":true}]}}