{"id":5577,"date":"2025-09-29T00:00:31","date_gmt":"2025-09-28T22:00:31","guid":{"rendered":"https:\/\/www.regaloperfectobysary.com\/?post_type=product&#038;p=5577"},"modified":"2025-09-30T09:42:14","modified_gmt":"2025-09-30T07:42:14","slug":"balsamos-labiales-xxl","status":"publish","type":"product","link":"https:\/\/www.regaloperfectobysary.com\/index.php\/producto\/balsamos-labiales-xxl\/","title":{"rendered":"B\u00e1lsamos Labiales XXL"},"content":{"rendered":"<p>B\u00e1lsamos labiales nutritivos para labios \u00e1speros y sensibles que los deja suaves gracias a que elimina las c\u00e9lulas muertas. Contiene Vitaminas para hidratar los labios secos y agrietados, d\u00e1ndoles un acabado brillante.<\/p>\n<p><b>Beneficios:<\/b><br \/>\n*Nutrici\u00f3n.<\/p>\n<p>*Hidrataci\u00f3n.<\/p>\n<p>*Elimina c\u00e9lulas muertas.<\/p>\n<p>*Efecto glow.<\/p>\n<p>*Suavizar.<\/p>\n<p><b>Modo de uso: <\/b>Aplicar una cantidad adecuada en los labios con un suave masaje. Reaplicar cuando est\u00e9n los labios secos o deshidratados.<\/p>\n","protected":false},"excerpt":{"rendered":"<p>B\u00e1lsamos labiales en 8 sabores incre\u00edbles. Dise\u00f1ados para nutrir los labios con un aspecto suave.<\/p>\n","protected":false},"featured_media":5910,"comment_status":"open","ping_status":"closed","template":"","meta":{"_themeisle_gutenberg_block_has_review":false},"product_brand":[651],"product_cat":[523,520],"product_tag":[],"class_list":{"0":"post-5577","1":"product","2":"type-product","3":"status-publish","4":"has-post-thumbnail","6":"product_brand-ddonna","7":"product_cat-labios","8":"product_cat-maquillaje","10":"first","11":"instock","12":"taxable","13":"shipping-taxable","14":"purchasable","15":"product-type-variable"},"jetpack_sharing_enabled":true,"_links":{"self":[{"href":"https:\/\/www.regaloperfectobysary.com\/index.php\/wp-json\/wp\/v2\/product\/5577","targetHints":{"allow":["GET"]}}],"collection":[{"href":"https:\/\/www.regaloperfectobysary.com\/index.php\/wp-json\/wp\/v2\/product"}],"about":[{"href":"https:\/\/www.regaloperfectobysary.com\/index.php\/wp-json\/wp\/v2\/types\/product"}],"replies":[{"embeddable":true,"href":"https:\/\/www.regaloperfectobysary.com\/index.php\/wp-json\/wp\/v2\/comments?post=5577"}],"wp:featuredmedia":[{"embeddable":true,"href":"https:\/\/www.regaloperfectobysary.com\/index.php\/wp-json\/wp\/v2\/media\/5910"}],"wp:attachment":[{"href":"https:\/\/www.regaloperfectobysary.com\/index.php\/wp-json\/wp\/v2\/media?parent=5577"}],"wp:term":[{"taxonomy":"product_brand","embeddable":true,"href":"https:\/\/www.regaloperfectobysary.com\/index.php\/wp-json\/wp\/v2\/product_brand?post=5577"},{"taxonomy":"product_cat","embeddable":true,"href":"https:\/\/www.regaloperfectobysary.com\/index.php\/wp-json\/wp\/v2\/product_cat?post=5577"},{"taxonomy":"product_tag","embeddable":true,"href":"https:\/\/www.regaloperfectobysary.com\/index.php\/wp-json\/wp\/v2\/product_tag?post=5577"}],"curies":[{"name":"wp","href":"https:\/\/api.w.org\/{rel}","templated":true}]}}