{"id":5570,"date":"2025-05-20T00:00:05","date_gmt":"2025-05-19T22:00:05","guid":{"rendered":"https:\/\/www.regaloperfectobysary.com\/?post_type=product&#038;p=5570"},"modified":"2025-05-21T20:53:02","modified_gmt":"2025-05-21T18:53:02","slug":"iluminadores-liquidos-power-puff","status":"publish","type":"product","link":"https:\/\/www.regaloperfectobysary.com\/index.php\/producto\/iluminadores-liquidos-power-puff\/","title":{"rendered":"Iluminadores L\u00edquidos Power Puff"},"content":{"rendered":"<p>Estos ligeros iluminadores l\u00edquidos Power Puff a\u00f1aden color a tus mejillas dejando un resultado natural.<\/p>\n<p>Son especialmente incre\u00edbles porque:<br \/>\n*Su formato es sencillamente irresistible y moderno, pr\u00e1ctico de usar y para llevar siempre contigo.<br \/>\n*Se extiende y difumina f\u00e1cilmente gracias al suave aplicador de esponja con dosificaci\u00f3n regulable, sin desperdiciar nada.<br \/>\n*Su textura ligera est\u00e1 muy pigmentada y tiene un precioso acabado luminoso.<\/p>\n<p>Crea tu propio look y usa m\u00e1s producto si quieres que el tono sea m\u00e1s intenso!<\/p>\n<p>Ahora un dilema importante&#8230; escoger uno, dos,&#8230; quiz\u00e1s mejor llevarse la serie al completo?<\/p>\n<p>&nbsp;<\/p>\n","protected":false},"excerpt":{"rendered":"<p>Iluminadores ligeros l\u00edquidos, a\u00f1aden color a tus mejillas con resultado natural.<\/p>\n<p>(inspira a los de Charlotte Tibury).<\/p>\n","protected":false},"featured_media":5643,"comment_status":"open","ping_status":"closed","template":"","meta":{"_themeisle_gutenberg_block_has_review":false},"product_brand":[651],"product_cat":[520,524],"product_tag":[],"class_list":{"0":"post-5570","1":"product","2":"type-product","3":"status-publish","4":"has-post-thumbnail","6":"product_brand-ddonna","7":"product_cat-maquillaje","8":"product_cat-rostro","10":"first","11":"instock","12":"taxable","13":"shipping-taxable","14":"purchasable","15":"product-type-variable"},"jetpack_sharing_enabled":true,"_links":{"self":[{"href":"https:\/\/www.regaloperfectobysary.com\/index.php\/wp-json\/wp\/v2\/product\/5570","targetHints":{"allow":["GET"]}}],"collection":[{"href":"https:\/\/www.regaloperfectobysary.com\/index.php\/wp-json\/wp\/v2\/product"}],"about":[{"href":"https:\/\/www.regaloperfectobysary.com\/index.php\/wp-json\/wp\/v2\/types\/product"}],"replies":[{"embeddable":true,"href":"https:\/\/www.regaloperfectobysary.com\/index.php\/wp-json\/wp\/v2\/comments?post=5570"}],"wp:featuredmedia":[{"embeddable":true,"href":"https:\/\/www.regaloperfectobysary.com\/index.php\/wp-json\/wp\/v2\/media\/5643"}],"wp:attachment":[{"href":"https:\/\/www.regaloperfectobysary.com\/index.php\/wp-json\/wp\/v2\/media?parent=5570"}],"wp:term":[{"taxonomy":"product_brand","embeddable":true,"href":"https:\/\/www.regaloperfectobysary.com\/index.php\/wp-json\/wp\/v2\/product_brand?post=5570"},{"taxonomy":"product_cat","embeddable":true,"href":"https:\/\/www.regaloperfectobysary.com\/index.php\/wp-json\/wp\/v2\/product_cat?post=5570"},{"taxonomy":"product_tag","embeddable":true,"href":"https:\/\/www.regaloperfectobysary.com\/index.php\/wp-json\/wp\/v2\/product_tag?post=5570"}],"curies":[{"name":"wp","href":"https:\/\/api.w.org\/{rel}","templated":true}]}}