{"id":5485,"date":"2025-05-10T00:00:39","date_gmt":"2025-05-09T22:00:39","guid":{"rendered":"https:\/\/www.regaloperfectobysary.com\/?post_type=product&#038;p=5485"},"modified":"2025-05-06T10:29:19","modified_gmt":"2025-05-06T08:29:19","slug":"neceser-esencial-viaje-corporal-set-amarillo","status":"publish","type":"product","link":"https:\/\/www.regaloperfectobysary.com\/index.php\/producto\/neceser-esencial-viaje-corporal-set-amarillo\/","title":{"rendered":"Neceser Esencial Viaje Set Amarillo"},"content":{"rendered":"<p><strong>**La cara frontal del neceser contiene:<\/strong> un gel de ducha, un champ\u00fa para el pelo y una crema corporal, todos con la dulce fragancia de fresa. Adecuado para todo tipo de piel y cabello. La f\u00f3rmula est\u00e1 enriquecida con Aloe Vera para dar bienestar al cuerpo y al cabello incluso cuando viajas. El neceser rosa incluido es perfecto para guardar tus productos, lo que hace que el set sea ideal para viajes, gimnasio o fines de semana fuera de casa.<\/p>\n<p>**<strong>La cara trasera del neceser contiene: <\/strong>Un Exfoliante Labial de Vainilla, una Crema Facial con \u00e1cido hialur\u00f3nico, Limpiador Facial con \u00e1cido hialur\u00f3nico y unas mu\u00f1equeras amarillas dentro de una bolsita con dise\u00f1o de pesta\u00f1as.<\/p>\n<p><strong>**Uno de los lados del neceser contiene:<\/strong> un B\u00e1lsamo labial de osito amarillo.<\/p>\n<p>Este set es una idea de regalo perfecta para aquellos que aman cuidarse, ideal para cumplea\u00f1os, fiestas y otras ocasiones especiales.<\/p>\n","protected":false},"excerpt":{"rendered":"<p>Todo lo que necesitas para el cuidado corporal y facial formato viaje en un mismo neceser.<\/p>\n","protected":false},"featured_media":5486,"comment_status":"open","ping_status":"closed","template":"","meta":{"_themeisle_gutenberg_block_has_review":false},"product_brand":[649],"product_cat":[554,551],"product_tag":[],"class_list":{"0":"post-5485","1":"product","2":"type-product","3":"status-publish","4":"has-post-thumbnail","6":"product_brand-cosmi","7":"product_cat-cuidado-corporal","8":"product_cat-spa","10":"first","11":"outofstock","12":"taxable","13":"shipping-taxable","14":"purchasable","15":"product-type-simple"},"jetpack_sharing_enabled":true,"_links":{"self":[{"href":"https:\/\/www.regaloperfectobysary.com\/index.php\/wp-json\/wp\/v2\/product\/5485","targetHints":{"allow":["GET"]}}],"collection":[{"href":"https:\/\/www.regaloperfectobysary.com\/index.php\/wp-json\/wp\/v2\/product"}],"about":[{"href":"https:\/\/www.regaloperfectobysary.com\/index.php\/wp-json\/wp\/v2\/types\/product"}],"replies":[{"embeddable":true,"href":"https:\/\/www.regaloperfectobysary.com\/index.php\/wp-json\/wp\/v2\/comments?post=5485"}],"wp:featuredmedia":[{"embeddable":true,"href":"https:\/\/www.regaloperfectobysary.com\/index.php\/wp-json\/wp\/v2\/media\/5486"}],"wp:attachment":[{"href":"https:\/\/www.regaloperfectobysary.com\/index.php\/wp-json\/wp\/v2\/media?parent=5485"}],"wp:term":[{"taxonomy":"product_brand","embeddable":true,"href":"https:\/\/www.regaloperfectobysary.com\/index.php\/wp-json\/wp\/v2\/product_brand?post=5485"},{"taxonomy":"product_cat","embeddable":true,"href":"https:\/\/www.regaloperfectobysary.com\/index.php\/wp-json\/wp\/v2\/product_cat?post=5485"},{"taxonomy":"product_tag","embeddable":true,"href":"https:\/\/www.regaloperfectobysary.com\/index.php\/wp-json\/wp\/v2\/product_tag?post=5485"}],"curies":[{"name":"wp","href":"https:\/\/api.w.org\/{rel}","templated":true}]}}