{"id":5475,"date":"2025-05-16T00:00:01","date_gmt":"2025-05-15T22:00:01","guid":{"rendered":"https:\/\/www.regaloperfectobysary.com\/?post_type=product&#038;p=5475"},"modified":"2025-08-18T18:40:50","modified_gmt":"2025-08-18T16:40:50","slug":"gel-casita-frutos-rojos","status":"publish","type":"product","link":"https:\/\/www.regaloperfectobysary.com\/index.php\/producto\/gel-casita-frutos-rojos\/","title":{"rendered":"Gel Casita Frutos Rojos"},"content":{"rendered":"<p>Cl\u00e1sico ambientador en formato gel que, gracias a su c\u00f3modo y pr\u00e1ctico tama\u00f1o, se adapta f\u00e1cilmente a todos los espacios del hogar. Un dulce aroma a frutos rojos que elimina eficazmente los malos olores, y proporciona un duradero aroma agradable lleno de vitalidad.<\/p>\n<p>Quitar la pel\u00edcula protectora y dejar que el aroma comience a desprenderse.<\/p>\n","protected":false},"excerpt":{"rendered":"<p>Suave aroma a frutos rojos. Elimina eficazmente los malos olores, y proporciona un duradero aroma agradable.<\/p>\n","protected":false},"featured_media":5476,"comment_status":"open","ping_status":"closed","template":"","meta":{"_themeisle_gutenberg_block_has_review":false},"product_brand":[687],"product_cat":[686,487],"product_tag":[],"class_list":{"0":"post-5475","1":"product","2":"type-product","3":"status-publish","4":"has-post-thumbnail","6":"product_brand-la-casa-de-los-aromas","7":"product_cat-ambientadores-gel","8":"product_cat-hogar","10":"first","11":"instock","12":"taxable","13":"shipping-taxable","14":"purchasable","15":"product-type-simple"},"jetpack_sharing_enabled":true,"_links":{"self":[{"href":"https:\/\/www.regaloperfectobysary.com\/index.php\/wp-json\/wp\/v2\/product\/5475","targetHints":{"allow":["GET"]}}],"collection":[{"href":"https:\/\/www.regaloperfectobysary.com\/index.php\/wp-json\/wp\/v2\/product"}],"about":[{"href":"https:\/\/www.regaloperfectobysary.com\/index.php\/wp-json\/wp\/v2\/types\/product"}],"replies":[{"embeddable":true,"href":"https:\/\/www.regaloperfectobysary.com\/index.php\/wp-json\/wp\/v2\/comments?post=5475"}],"wp:featuredmedia":[{"embeddable":true,"href":"https:\/\/www.regaloperfectobysary.com\/index.php\/wp-json\/wp\/v2\/media\/5476"}],"wp:attachment":[{"href":"https:\/\/www.regaloperfectobysary.com\/index.php\/wp-json\/wp\/v2\/media?parent=5475"}],"wp:term":[{"taxonomy":"product_brand","embeddable":true,"href":"https:\/\/www.regaloperfectobysary.com\/index.php\/wp-json\/wp\/v2\/product_brand?post=5475"},{"taxonomy":"product_cat","embeddable":true,"href":"https:\/\/www.regaloperfectobysary.com\/index.php\/wp-json\/wp\/v2\/product_cat?post=5475"},{"taxonomy":"product_tag","embeddable":true,"href":"https:\/\/www.regaloperfectobysary.com\/index.php\/wp-json\/wp\/v2\/product_tag?post=5475"}],"curies":[{"name":"wp","href":"https:\/\/api.w.org\/{rel}","templated":true}]}}