{"id":5473,"date":"2025-05-16T00:01:22","date_gmt":"2025-05-15T22:01:22","guid":{"rendered":"https:\/\/www.regaloperfectobysary.com\/?post_type=product&#038;p=5473"},"modified":"2025-08-18T18:38:51","modified_gmt":"2025-08-18T16:38:51","slug":"gel-casita-algodon","status":"publish","type":"product","link":"https:\/\/www.regaloperfectobysary.com\/index.php\/producto\/gel-casita-algodon\/","title":{"rendered":"Gel Casita Algod\u00f3n"},"content":{"rendered":"<p>Cl\u00e1sico ambientador en formato gel que, gracias a su c\u00f3modo y pr\u00e1ctico tama\u00f1o, se adapta f\u00e1cilmente a todos los espacios del hogar. Un suave aroma a algod\u00f3n que elimina eficazmente los malos olores, y proporciona un duradero aroma agradable lleno de positividad.<\/p>\n<p>Quitar la pel\u00edcula protectora y dejar que el aroma comience a desprenderse.<\/p>\n","protected":false},"excerpt":{"rendered":"<p>Suave aroma a algod\u00f3n. Elimina eficazmente los malos olores, y proporciona un duradero aroma agradable.<\/p>\n","protected":false},"featured_media":5474,"comment_status":"open","ping_status":"closed","template":"","meta":{"_themeisle_gutenberg_block_has_review":false},"product_brand":[687],"product_cat":[686,487],"product_tag":[],"class_list":{"0":"post-5473","1":"product","2":"type-product","3":"status-publish","4":"has-post-thumbnail","6":"product_brand-la-casa-de-los-aromas","7":"product_cat-ambientadores-gel","8":"product_cat-hogar","10":"first","11":"onbackorder","12":"taxable","13":"shipping-taxable","14":"purchasable","15":"product-type-simple"},"jetpack_sharing_enabled":true,"_links":{"self":[{"href":"https:\/\/www.regaloperfectobysary.com\/index.php\/wp-json\/wp\/v2\/product\/5473","targetHints":{"allow":["GET"]}}],"collection":[{"href":"https:\/\/www.regaloperfectobysary.com\/index.php\/wp-json\/wp\/v2\/product"}],"about":[{"href":"https:\/\/www.regaloperfectobysary.com\/index.php\/wp-json\/wp\/v2\/types\/product"}],"replies":[{"embeddable":true,"href":"https:\/\/www.regaloperfectobysary.com\/index.php\/wp-json\/wp\/v2\/comments?post=5473"}],"wp:featuredmedia":[{"embeddable":true,"href":"https:\/\/www.regaloperfectobysary.com\/index.php\/wp-json\/wp\/v2\/media\/5474"}],"wp:attachment":[{"href":"https:\/\/www.regaloperfectobysary.com\/index.php\/wp-json\/wp\/v2\/media?parent=5473"}],"wp:term":[{"taxonomy":"product_brand","embeddable":true,"href":"https:\/\/www.regaloperfectobysary.com\/index.php\/wp-json\/wp\/v2\/product_brand?post=5473"},{"taxonomy":"product_cat","embeddable":true,"href":"https:\/\/www.regaloperfectobysary.com\/index.php\/wp-json\/wp\/v2\/product_cat?post=5473"},{"taxonomy":"product_tag","embeddable":true,"href":"https:\/\/www.regaloperfectobysary.com\/index.php\/wp-json\/wp\/v2\/product_tag?post=5473"}],"curies":[{"name":"wp","href":"https:\/\/api.w.org\/{rel}","templated":true}]}}