{"id":5464,"date":"2025-05-09T00:00:30","date_gmt":"2025-05-08T22:00:30","guid":{"rendered":"https:\/\/www.regaloperfectobysary.com\/?post_type=product&#038;p=5464"},"modified":"2025-05-11T23:07:35","modified_gmt":"2025-05-11T21:07:35","slug":"parches-infantiles-citronella","status":"publish","type":"product","link":"https:\/\/www.regaloperfectobysary.com\/index.php\/producto\/parches-infantiles-citronella\/","title":{"rendered":"Parches Infantiles Citronella"},"content":{"rendered":"<p>Hab\u00edas visto o escuchado hablar sobre los parches impregnados con aceite de citronela?<\/p>\n<p>Ahora puedes protegerte y proteger a los m\u00e1s peque\u00f1os de la casa contra los mosquitos molestos mediante estos parches con aceite esencial de Citronela (conocida por sus propiedades rep\u00e9lanles de insectos). Tambi\u00e9n est\u00e1n impregnadas con aceite esencial de eucalipto y aceite esencial de geranio. S\u00f3lo los pegas en la ropa, mochila,.. y te olvidas de ellos.<\/p>\n<p>En formato rectangular de 2,5 cm x 1,6 cm. Casi invisibles.<\/p>\n<p>Estos parches son una soluci\u00f3n natural y efectiva para disfrutar del aire libre sin preocupaciones, de dormir tranquilamente,.. todo gracias a este repelente duradero.<\/p>\n<p>Ideales para los m\u00e1s peques.<\/p>\n","protected":false},"excerpt":{"rendered":"<p>Repelente natural contra varios insectos en formato parche.<\/p>\n","protected":false},"featured_media":5465,"comment_status":"open","ping_status":"closed","template":"","meta":{"_themeisle_gutenberg_block_has_review":false},"product_brand":[649],"product_cat":[554,551],"product_tag":[],"class_list":{"0":"post-5464","1":"product","2":"type-product","3":"status-publish","4":"has-post-thumbnail","6":"product_brand-cosmi","7":"product_cat-cuidado-corporal","8":"product_cat-spa","10":"first","11":"instock","12":"taxable","13":"shipping-taxable","14":"purchasable","15":"product-type-simple"},"jetpack_sharing_enabled":true,"_links":{"self":[{"href":"https:\/\/www.regaloperfectobysary.com\/index.php\/wp-json\/wp\/v2\/product\/5464","targetHints":{"allow":["GET"]}}],"collection":[{"href":"https:\/\/www.regaloperfectobysary.com\/index.php\/wp-json\/wp\/v2\/product"}],"about":[{"href":"https:\/\/www.regaloperfectobysary.com\/index.php\/wp-json\/wp\/v2\/types\/product"}],"replies":[{"embeddable":true,"href":"https:\/\/www.regaloperfectobysary.com\/index.php\/wp-json\/wp\/v2\/comments?post=5464"}],"wp:featuredmedia":[{"embeddable":true,"href":"https:\/\/www.regaloperfectobysary.com\/index.php\/wp-json\/wp\/v2\/media\/5465"}],"wp:attachment":[{"href":"https:\/\/www.regaloperfectobysary.com\/index.php\/wp-json\/wp\/v2\/media?parent=5464"}],"wp:term":[{"taxonomy":"product_brand","embeddable":true,"href":"https:\/\/www.regaloperfectobysary.com\/index.php\/wp-json\/wp\/v2\/product_brand?post=5464"},{"taxonomy":"product_cat","embeddable":true,"href":"https:\/\/www.regaloperfectobysary.com\/index.php\/wp-json\/wp\/v2\/product_cat?post=5464"},{"taxonomy":"product_tag","embeddable":true,"href":"https:\/\/www.regaloperfectobysary.com\/index.php\/wp-json\/wp\/v2\/product_tag?post=5464"}],"curies":[{"name":"wp","href":"https:\/\/api.w.org\/{rel}","templated":true}]}}