{"id":5450,"date":"2025-05-08T00:00:47","date_gmt":"2025-05-07T22:00:47","guid":{"rendered":"https:\/\/www.regaloperfectobysary.com\/?post_type=product&#038;p=5450"},"modified":"2025-05-06T10:29:23","modified_gmt":"2025-05-06T08:29:23","slug":"pulseras-citronella","status":"publish","type":"product","link":"https:\/\/www.regaloperfectobysary.com\/index.php\/producto\/pulseras-citronella\/","title":{"rendered":"Pulseras Citronella"},"content":{"rendered":"<p>Di adi\u00f3s a los insectos este verano con estas pulseras de Cosmi.<\/p>\n<p>Prot\u00e9gete a ti y a tu familia contra los mosquitos molestos mediante estas pulseras atractivas impregnadas con aceite de Citronela (conocida por sus propiedades rep\u00e9lanles de insectos). Son f\u00e1ciles de ajustar, se acomodan a todas las mu\u00f1ecas. Tambi\u00e9n se pueden ajustar al tobillo.<\/p>\n<p>Ahora puedes disfrutar del aire libre, de dormir tranquilamente,.. todo gracias a este repelente duradero. Reemplaza la pulsera aproximadamente cada 7 d\u00edas o cuando notes que el aroma a citronela disminuye.<\/p>\n<p>Disponibles en varios colores.<\/p>\n","protected":false},"excerpt":{"rendered":"<p>Repelente natural contra varios insectos en pulsera.<\/p>\n","protected":false},"featured_media":5451,"comment_status":"open","ping_status":"closed","template":"","meta":{"_themeisle_gutenberg_block_has_review":false},"product_brand":[649],"product_cat":[554,551],"product_tag":[],"class_list":{"0":"post-5450","1":"product","2":"type-product","3":"status-publish","4":"has-post-thumbnail","6":"product_brand-cosmi","7":"product_cat-cuidado-corporal","8":"product_cat-spa","10":"first","11":"instock","12":"taxable","13":"shipping-taxable","14":"purchasable","15":"product-type-variable"},"jetpack_sharing_enabled":true,"_links":{"self":[{"href":"https:\/\/www.regaloperfectobysary.com\/index.php\/wp-json\/wp\/v2\/product\/5450","targetHints":{"allow":["GET"]}}],"collection":[{"href":"https:\/\/www.regaloperfectobysary.com\/index.php\/wp-json\/wp\/v2\/product"}],"about":[{"href":"https:\/\/www.regaloperfectobysary.com\/index.php\/wp-json\/wp\/v2\/types\/product"}],"replies":[{"embeddable":true,"href":"https:\/\/www.regaloperfectobysary.com\/index.php\/wp-json\/wp\/v2\/comments?post=5450"}],"wp:featuredmedia":[{"embeddable":true,"href":"https:\/\/www.regaloperfectobysary.com\/index.php\/wp-json\/wp\/v2\/media\/5451"}],"wp:attachment":[{"href":"https:\/\/www.regaloperfectobysary.com\/index.php\/wp-json\/wp\/v2\/media?parent=5450"}],"wp:term":[{"taxonomy":"product_brand","embeddable":true,"href":"https:\/\/www.regaloperfectobysary.com\/index.php\/wp-json\/wp\/v2\/product_brand?post=5450"},{"taxonomy":"product_cat","embeddable":true,"href":"https:\/\/www.regaloperfectobysary.com\/index.php\/wp-json\/wp\/v2\/product_cat?post=5450"},{"taxonomy":"product_tag","embeddable":true,"href":"https:\/\/www.regaloperfectobysary.com\/index.php\/wp-json\/wp\/v2\/product_tag?post=5450"}],"curies":[{"name":"wp","href":"https:\/\/api.w.org\/{rel}","templated":true}]}}