{"id":5402,"date":"2025-05-02T00:00:54","date_gmt":"2025-05-01T22:00:54","guid":{"rendered":"https:\/\/www.regaloperfectobysary.com\/?post_type=product&#038;p=5402"},"modified":"2025-05-06T10:28:55","modified_gmt":"2025-05-06T08:28:55","slug":"taza-ceramica-lazo-asa","status":"publish","type":"product","link":"https:\/\/www.regaloperfectobysary.com\/index.php\/producto\/taza-ceramica-lazo-asa\/","title":{"rendered":"Taza Cer\u00e1mica Lazo Asa"},"content":{"rendered":"<p>Siento mucho que no te puedas resistir al encanto de estas fant\u00e1sticas tazas de cer\u00e1mica de alta calidad. Su dise\u00f1o en relieve no pasa desapercibido pero sin duda, lo que las hace especiales es su asa en forma de lazo. Sin palabras!<\/p>\n<p>Adem\u00e1s trae cada una su cuchara con una bolita y una tapa, perfecta para el t\u00e9 o para el uso que le quieras dar (por ejemplo, para las brochas).<\/p>\n<p>Recuerda, para conservar las tazas intactas no meterlas ni microondas ni lavavajillas. Pero son apta para bebidas calientes y fr\u00edas.<\/p>\n<p>Qu\u00e9 te parece si las a\u00f1ades a tu colecci\u00f3n de tazas favoritas? O incluso, para decoraci\u00f3n o para sorprender en alguna celebraci\u00f3n..<\/p>\n<p>&nbsp;<\/p>\n","protected":false},"excerpt":{"rendered":"<p>Tazas de cer\u00e1mica de alta calidad, lo que las hace especiales es su asa en forma de lazo.<\/p>\n","protected":false},"featured_media":5403,"comment_status":"open","ping_status":"closed","template":"","meta":{"_themeisle_gutenberg_block_has_review":false},"product_brand":[653],"product_cat":[487,671],"product_tag":[],"class_list":{"0":"post-5402","1":"product","2":"type-product","3":"status-publish","4":"has-post-thumbnail","6":"product_brand-tazas","7":"product_cat-hogar","8":"product_cat-tazas-ceramica","10":"first","11":"instock","12":"taxable","13":"shipping-taxable","14":"purchasable","15":"product-type-variable"},"jetpack_sharing_enabled":true,"_links":{"self":[{"href":"https:\/\/www.regaloperfectobysary.com\/index.php\/wp-json\/wp\/v2\/product\/5402","targetHints":{"allow":["GET"]}}],"collection":[{"href":"https:\/\/www.regaloperfectobysary.com\/index.php\/wp-json\/wp\/v2\/product"}],"about":[{"href":"https:\/\/www.regaloperfectobysary.com\/index.php\/wp-json\/wp\/v2\/types\/product"}],"replies":[{"embeddable":true,"href":"https:\/\/www.regaloperfectobysary.com\/index.php\/wp-json\/wp\/v2\/comments?post=5402"}],"wp:featuredmedia":[{"embeddable":true,"href":"https:\/\/www.regaloperfectobysary.com\/index.php\/wp-json\/wp\/v2\/media\/5403"}],"wp:attachment":[{"href":"https:\/\/www.regaloperfectobysary.com\/index.php\/wp-json\/wp\/v2\/media?parent=5402"}],"wp:term":[{"taxonomy":"product_brand","embeddable":true,"href":"https:\/\/www.regaloperfectobysary.com\/index.php\/wp-json\/wp\/v2\/product_brand?post=5402"},{"taxonomy":"product_cat","embeddable":true,"href":"https:\/\/www.regaloperfectobysary.com\/index.php\/wp-json\/wp\/v2\/product_cat?post=5402"},{"taxonomy":"product_tag","embeddable":true,"href":"https:\/\/www.regaloperfectobysary.com\/index.php\/wp-json\/wp\/v2\/product_tag?post=5402"}],"curies":[{"name":"wp","href":"https:\/\/api.w.org\/{rel}","templated":true}]}}