{"id":5395,"date":"2025-05-04T00:00:07","date_gmt":"2025-05-03T22:00:07","guid":{"rendered":"https:\/\/www.regaloperfectobysary.com\/?post_type=product&#038;p=5395"},"modified":"2025-04-29T19:10:23","modified_gmt":"2025-04-29T17:10:23","slug":"taza-ceramica-tulipanes","status":"publish","type":"product","link":"https:\/\/www.regaloperfectobysary.com\/index.php\/producto\/taza-ceramica-tulipanes\/","title":{"rendered":"Taza Cer\u00e1mica Tulipanes Rosa"},"content":{"rendered":"<p>Si eres amante de las tazas artesanales, florales, originales,&#8230; este modelo te va a enamorar.<\/p>\n<p>Una fant\u00e1stica taza de cer\u00e1mica de alta calidad en relieve. Con dise\u00f1o en 3D de tulipanes rosa y la asa simula una hoja. Divina!<\/p>\n<p>Recuerda, para conservar la taza intacta no meterla ni microondas ni lavavajillas. Pero es apta para bebidas calientes y fr\u00edas.<\/p>\n<p>Qu\u00e9 te parece si la a\u00f1ades a tu colecci\u00f3n de tazas favoritas? O incluso, es un regalo perfecto para las mam\u00e1s, las mujeres guerreras,..<\/p>\n<p>&nbsp;<\/p>\n<p>(Naranja &#8211; Azul &#8211; Amarilla).<\/p>\n","protected":false},"excerpt":{"rendered":"<p>Tazas de cer\u00e1mica con relieve, dise\u00f1o tulipanes.<\/p>\n","protected":false},"featured_media":5400,"comment_status":"open","ping_status":"closed","template":"","meta":{"_themeisle_gutenberg_block_has_review":false},"product_brand":[653],"product_cat":[487,671],"product_tag":[],"class_list":{"0":"post-5395","1":"product","2":"type-product","3":"status-publish","4":"has-post-thumbnail","6":"product_brand-tazas","7":"product_cat-hogar","8":"product_cat-tazas-ceramica","10":"first","11":"instock","12":"taxable","13":"shipping-taxable","14":"purchasable","15":"product-type-simple"},"jetpack_sharing_enabled":true,"_links":{"self":[{"href":"https:\/\/www.regaloperfectobysary.com\/index.php\/wp-json\/wp\/v2\/product\/5395","targetHints":{"allow":["GET"]}}],"collection":[{"href":"https:\/\/www.regaloperfectobysary.com\/index.php\/wp-json\/wp\/v2\/product"}],"about":[{"href":"https:\/\/www.regaloperfectobysary.com\/index.php\/wp-json\/wp\/v2\/types\/product"}],"replies":[{"embeddable":true,"href":"https:\/\/www.regaloperfectobysary.com\/index.php\/wp-json\/wp\/v2\/comments?post=5395"}],"wp:featuredmedia":[{"embeddable":true,"href":"https:\/\/www.regaloperfectobysary.com\/index.php\/wp-json\/wp\/v2\/media\/5400"}],"wp:attachment":[{"href":"https:\/\/www.regaloperfectobysary.com\/index.php\/wp-json\/wp\/v2\/media?parent=5395"}],"wp:term":[{"taxonomy":"product_brand","embeddable":true,"href":"https:\/\/www.regaloperfectobysary.com\/index.php\/wp-json\/wp\/v2\/product_brand?post=5395"},{"taxonomy":"product_cat","embeddable":true,"href":"https:\/\/www.regaloperfectobysary.com\/index.php\/wp-json\/wp\/v2\/product_cat?post=5395"},{"taxonomy":"product_tag","embeddable":true,"href":"https:\/\/www.regaloperfectobysary.com\/index.php\/wp-json\/wp\/v2\/product_tag?post=5395"}],"curies":[{"name":"wp","href":"https:\/\/api.w.org\/{rel}","templated":true}]}}