{"id":5394,"date":"2025-05-01T00:02:51","date_gmt":"2025-04-30T22:02:51","guid":{"rendered":"https:\/\/www.regaloperfectobysary.com\/?post_type=product&#038;p=5394"},"modified":"2025-05-01T00:46:38","modified_gmt":"2025-04-30T22:46:38","slug":"perfume-celeb-royal","status":"publish","type":"product","link":"https:\/\/www.regaloperfectobysary.com\/index.php\/producto\/perfume-celeb-royal\/","title":{"rendered":"Perfume Celeb Royal"},"content":{"rendered":"<p>Este perfume premium presentado en formato de copa roja ofrece sutiles acordes de frutas ex\u00f3ticas y delicadas flores.<\/p>\n<p>Las Notas de Salida son flor del mandarino, zarzamora (frambuesa negra), naranja y kiwi.<\/p>\n<p>Las Notas de Coraz\u00f3n son nen\u00fafar (lirio de agua), fresia, peon\u00eda y orqu\u00eddea.<\/p>\n<p>Las Notas de Fondo son almizcle, s\u00e1ndalo, madera de \u00e9bano y caoba.<\/p>\n<p>Sin duda, un perfume original para a\u00f1adir a tu colecci\u00f3n.<\/p>\n<p>&nbsp;<\/p>\n","protected":false},"excerpt":{"rendered":"<p>Formato copa roja.<\/p>\n","protected":false},"featured_media":5495,"comment_status":"open","ping_status":"closed","template":"","meta":{"_themeisle_gutenberg_block_has_review":false},"product_brand":[682],"product_cat":[521,564],"product_tag":[],"class_list":{"0":"post-5394","1":"product","2":"type-product","3":"status-publish","4":"has-post-thumbnail","6":"product_brand-mirage-brands","7":"product_cat-perfumeria","8":"product_cat-perfumes","10":"first","11":"instock","12":"taxable","13":"shipping-taxable","14":"purchasable","15":"product-type-simple"},"jetpack_sharing_enabled":true,"_links":{"self":[{"href":"https:\/\/www.regaloperfectobysary.com\/index.php\/wp-json\/wp\/v2\/product\/5394","targetHints":{"allow":["GET"]}}],"collection":[{"href":"https:\/\/www.regaloperfectobysary.com\/index.php\/wp-json\/wp\/v2\/product"}],"about":[{"href":"https:\/\/www.regaloperfectobysary.com\/index.php\/wp-json\/wp\/v2\/types\/product"}],"replies":[{"embeddable":true,"href":"https:\/\/www.regaloperfectobysary.com\/index.php\/wp-json\/wp\/v2\/comments?post=5394"}],"wp:featuredmedia":[{"embeddable":true,"href":"https:\/\/www.regaloperfectobysary.com\/index.php\/wp-json\/wp\/v2\/media\/5495"}],"wp:attachment":[{"href":"https:\/\/www.regaloperfectobysary.com\/index.php\/wp-json\/wp\/v2\/media?parent=5394"}],"wp:term":[{"taxonomy":"product_brand","embeddable":true,"href":"https:\/\/www.regaloperfectobysary.com\/index.php\/wp-json\/wp\/v2\/product_brand?post=5394"},{"taxonomy":"product_cat","embeddable":true,"href":"https:\/\/www.regaloperfectobysary.com\/index.php\/wp-json\/wp\/v2\/product_cat?post=5394"},{"taxonomy":"product_tag","embeddable":true,"href":"https:\/\/www.regaloperfectobysary.com\/index.php\/wp-json\/wp\/v2\/product_tag?post=5394"}],"curies":[{"name":"wp","href":"https:\/\/api.w.org\/{rel}","templated":true}]}}