{"id":5369,"date":"2025-04-29T00:00:14","date_gmt":"2025-04-28T22:00:14","guid":{"rendered":"https:\/\/www.regaloperfectobysary.com\/?post_type=product&#038;p=5369"},"modified":"2025-05-07T00:59:47","modified_gmt":"2025-05-06T22:59:47","slug":"caja-6-labiales-liquidos-fijos-mate-a","status":"publish","type":"product","link":"https:\/\/www.regaloperfectobysary.com\/index.php\/producto\/caja-6-labiales-liquidos-fijos-mate-a\/","title":{"rendered":"Caja 6 Labiales L\u00edquidos Fijos Mate A"},"content":{"rendered":"<p>Buscas Labiales L\u00edquidos mate, c\u00f3modos de llevar, resistentes al agua, fijos, de alta pigmentaci\u00f3n, colores atrevidos,..? No Busques m\u00e1s! Ahora todas esas ventajas las tienes en una misma caja de 6 labiales.<\/p>\n<p>Son labiales de secado r\u00e1pido, aroma agradable, de f\u00e1cil aplicaci\u00f3n y larga duraci\u00f3n.<\/p>\n<p>Esta caja es ideal para regalar como tambi\u00e9n de uso propio.<\/p>\n<p>(Caja 6 Labiales L\u00edquidos Fijos Mate B agotada de momento).<\/p>\n","protected":false},"excerpt":{"rendered":"<p>Labiales l\u00edquidos mate, de secado r\u00e1pido, aroma agradable, de f\u00e1cil aplicaci\u00f3n y larga duraci\u00f3n.<\/p>\n","protected":false},"featured_media":5553,"comment_status":"open","ping_status":"closed","template":"","meta":{"_themeisle_gutenberg_block_has_review":false},"product_brand":[680],"product_cat":[523,520],"product_tag":[],"class_list":{"0":"post-5369","1":"product","2":"type-product","3":"status-publish","4":"has-post-thumbnail","6":"product_brand-handaiyan","7":"product_cat-labios","8":"product_cat-maquillaje","10":"first","11":"instock","12":"taxable","13":"shipping-taxable","14":"purchasable","15":"product-type-simple"},"jetpack_sharing_enabled":true,"_links":{"self":[{"href":"https:\/\/www.regaloperfectobysary.com\/index.php\/wp-json\/wp\/v2\/product\/5369","targetHints":{"allow":["GET"]}}],"collection":[{"href":"https:\/\/www.regaloperfectobysary.com\/index.php\/wp-json\/wp\/v2\/product"}],"about":[{"href":"https:\/\/www.regaloperfectobysary.com\/index.php\/wp-json\/wp\/v2\/types\/product"}],"replies":[{"embeddable":true,"href":"https:\/\/www.regaloperfectobysary.com\/index.php\/wp-json\/wp\/v2\/comments?post=5369"}],"wp:featuredmedia":[{"embeddable":true,"href":"https:\/\/www.regaloperfectobysary.com\/index.php\/wp-json\/wp\/v2\/media\/5553"}],"wp:attachment":[{"href":"https:\/\/www.regaloperfectobysary.com\/index.php\/wp-json\/wp\/v2\/media?parent=5369"}],"wp:term":[{"taxonomy":"product_brand","embeddable":true,"href":"https:\/\/www.regaloperfectobysary.com\/index.php\/wp-json\/wp\/v2\/product_brand?post=5369"},{"taxonomy":"product_cat","embeddable":true,"href":"https:\/\/www.regaloperfectobysary.com\/index.php\/wp-json\/wp\/v2\/product_cat?post=5369"},{"taxonomy":"product_tag","embeddable":true,"href":"https:\/\/www.regaloperfectobysary.com\/index.php\/wp-json\/wp\/v2\/product_tag?post=5369"}],"curies":[{"name":"wp","href":"https:\/\/api.w.org\/{rel}","templated":true}]}}