{"id":524,"date":"2023-12-02T23:25:06","date_gmt":"2023-12-02T22:25:06","guid":{"rendered":"https:\/\/www.regaloperfectobysary.com\/?post_type=product&#038;p=524"},"modified":"2024-08-17T11:55:22","modified_gmt":"2024-08-17T09:55:22","slug":"sets-sorpresa-cosmeticos","status":"publish","type":"product","link":"https:\/\/www.regaloperfectobysary.com\/index.php\/producto\/sets-sorpresa-cosmeticos\/","title":{"rendered":"Sets Sorpresa Cosm\u00e9ticos &#038; Accesorios"},"content":{"rendered":"<p>Qu\u00e9 maravilla! Estas Cajas \/ Bolsas Sorpresa con productos seleccionados al azar (por mi) de mi tienda, en este caso productos de cosm\u00e9tica &amp; accesorios, est\u00e1n pensadas para las personitas m\u00e1s indecisas o incluso las m\u00e1s aventureras del universo!<\/p>\n<p>*Las m\u00e1s indecisas porque quieren regalar productos de cosm\u00e9tica pero no saben muy bien qu\u00e9 escoger, no tienen tiempo de personalizar un detalle especial,&#8230;<\/p>\n<p>*Y para las m\u00e1s aventureras porque les re-que-te-encantan los misterios y recibir una sorpresa aun sin ser una fecha importante les llena de alusi\u00f3n,&#8230;<\/p>\n<p>*Bueno, tambi\u00e9n cabe la posibilidad de que conf\u00edas en m\u00ed y por eso te dejas guiar por mi elecci\u00f3n de productos,&#8230;<\/p>\n<p>Sea como sea, solo necesitas escoger el importe deseado y de lo dem\u00e1s me encargo yo, es decir, preparar\u00e9 tu caja \/ bolsa con mucha dedicaci\u00f3n y por supuesto, much\u00edsimo amor.<\/p>\n<p>Eso s\u00ed, al ser productos de cosm\u00e9tica es muy importante que me escribas en observaciones todo lo que me puedas decir del tipo de piel. Adem\u00e1s de la edad a qui\u00e9n va dirigida la sorpresa,&#8230;<\/p>\n<p>Tambi\u00e9n, el detalle de mencionar las preferencias de productos, colores, ocasi\u00f3n del regalo,&#8230; me ser\u00eda de gran ayuda para poder personalizar la caja \/ bolsa con m\u00e1s precisi\u00f3n y hacerla \u00fanica como exclusiva.<\/p>\n","protected":false},"excerpt":{"rendered":"<p>Desp\u00eddete de perder horas buscando productos de cosm\u00e9tica porque aqu\u00ed tienes la soluci\u00f3n, con mi Caja \/ Bolsa Sorpresa con cosm\u00e9ticos &amp; accesorios seleccionados al azar (por mi) de mi tienda, acertar\u00e1s!<\/p>\n","protected":false},"featured_media":1432,"comment_status":"open","ping_status":"closed","template":"","meta":{"_themeisle_gutenberg_block_has_review":false},"product_brand":[],"product_cat":[15],"product_tag":[247],"class_list":{"0":"post-524","1":"product","2":"type-product","3":"status-publish","4":"has-post-thumbnail","6":"product_cat-productos","7":"product_tag-sorpresa","9":"first","10":"instock","11":"taxable","12":"shipping-taxable","13":"purchasable","14":"product-type-variable"},"jetpack_sharing_enabled":true,"_links":{"self":[{"href":"https:\/\/www.regaloperfectobysary.com\/index.php\/wp-json\/wp\/v2\/product\/524","targetHints":{"allow":["GET"]}}],"collection":[{"href":"https:\/\/www.regaloperfectobysary.com\/index.php\/wp-json\/wp\/v2\/product"}],"about":[{"href":"https:\/\/www.regaloperfectobysary.com\/index.php\/wp-json\/wp\/v2\/types\/product"}],"replies":[{"embeddable":true,"href":"https:\/\/www.regaloperfectobysary.com\/index.php\/wp-json\/wp\/v2\/comments?post=524"}],"wp:featuredmedia":[{"embeddable":true,"href":"https:\/\/www.regaloperfectobysary.com\/index.php\/wp-json\/wp\/v2\/media\/1432"}],"wp:attachment":[{"href":"https:\/\/www.regaloperfectobysary.com\/index.php\/wp-json\/wp\/v2\/media?parent=524"}],"wp:term":[{"taxonomy":"product_brand","embeddable":true,"href":"https:\/\/www.regaloperfectobysary.com\/index.php\/wp-json\/wp\/v2\/product_brand?post=524"},{"taxonomy":"product_cat","embeddable":true,"href":"https:\/\/www.regaloperfectobysary.com\/index.php\/wp-json\/wp\/v2\/product_cat?post=524"},{"taxonomy":"product_tag","embeddable":true,"href":"https:\/\/www.regaloperfectobysary.com\/index.php\/wp-json\/wp\/v2\/product_tag?post=524"}],"curies":[{"name":"wp","href":"https:\/\/api.w.org\/{rel}","templated":true}]}}