{"id":5231,"date":"2025-04-14T00:00:08","date_gmt":"2025-04-13T22:00:08","guid":{"rendered":"https:\/\/www.regaloperfectobysary.com\/?post_type=product&#038;p=5231"},"modified":"2025-08-22T13:36:19","modified_gmt":"2025-08-22T11:36:19","slug":"pasta-dental-con-sabor","status":"publish","type":"product","link":"https:\/\/www.regaloperfectobysary.com\/index.php\/producto\/pasta-dental-con-sabor\/","title":{"rendered":"Pasta Dental con Sabor"},"content":{"rendered":"<p>Llena tu cepillado de frescura veraniega con el delicioso sabor de las nuevas pastas de dientes.<\/p>\n<p>Enriquecidas con fl\u00faor y calcio, ayuda a prevenir las caries y mantiene tus dientes fuertes y sanos.<\/p>\n<p>Su f\u00f3rmula vegana y libre de az\u00facar es ideal para toda la familia, desde los 3 a\u00f1os.<\/p>\n<p>Aplica sobre el cepillo, cepilla durante 2 minutos y \u00a1a presumir de sonrisa! Para los m\u00e1s peque\u00f1os (menores de 6 a\u00f1os), recuerda usar solo la cantidad de un guisante.<\/p>\n<p>&nbsp;<\/p>\n<p>*El frescor del mel\u00f3n y sonrisa perfecta en cada cepillado. Cuida tus dientes con fl\u00faor y calcio, sin az\u00facar y en formato vegano con la Pasta de dientes Mel\u00f3n The Fruit Company (Nota frutal mel\u00f3n y tropical con floral e hierba, salida c\u00edtrica y verde).<\/p>\n<p>*Dientes sanos con el sabor dulce y jugoso del melocot\u00f3n. La Pasta de Dientes Melocot\u00f3n The Fruit Company es vegana, sin az\u00facar y perfecta para toda la familia (Nota melocot\u00f3n).<\/p>\n<p>*Sabor a verano y dientes limpios todo el a\u00f1o con la Pasta de Dientes Sand\u00eda The Fruit Company. F\u00f3rmula vegana, sin az\u00facares y con fl\u00faor y calcio para una sonrisa perfecta (Salida a frutal sand\u00eda, pl\u00e1tano y cereza, cuerpo a dulce caramelo con un toque de an\u00eds, muguet y acordes l\u00e1cteos, para finalizar con un fondo almizclado a vainilla y frambuesas).<\/p>\n<p>*Cepilla con sabor a moras y dale a tu sonrisa un toque frutal y saludable! La Pasta de Dientes Moras The Fruit Company es vegana, sin az\u00facar y con fl\u00faor para prevenir caries (Salida donde predominan las notas refrescantes de fresas y frambuesas con un toque de c\u00edtricos mediterr\u00e1neos. Esta fragancia descubre un extraordinario coraz\u00f3n, donde moras y frambuesas se funden con notas florales de violetas. Un fondo dulce , tostado y almizclado enriquece esta fragancia).<\/p>\n<p>&nbsp;<\/p>\n","protected":false},"excerpt":{"rendered":"<p>Llena tu cepillado de frescura veraniega con el delicioso sabor de las nuevas pastas de dientes TFC.<\/p>\n","protected":false},"featured_media":5556,"comment_status":"open","ping_status":"closed","template":"","meta":{"_themeisle_gutenberg_block_has_review":false},"product_brand":[673],"product_cat":[583,551],"product_tag":[],"class_list":{"0":"post-5231","1":"product","2":"type-product","3":"status-publish","4":"has-post-thumbnail","6":"product_brand-the-fruit-company","7":"product_cat-higiene-dental-bucal","8":"product_cat-spa","10":"first","11":"instock","12":"taxable","13":"shipping-taxable","14":"purchasable","15":"product-type-variable"},"jetpack_sharing_enabled":true,"_links":{"self":[{"href":"https:\/\/www.regaloperfectobysary.com\/index.php\/wp-json\/wp\/v2\/product\/5231","targetHints":{"allow":["GET"]}}],"collection":[{"href":"https:\/\/www.regaloperfectobysary.com\/index.php\/wp-json\/wp\/v2\/product"}],"about":[{"href":"https:\/\/www.regaloperfectobysary.com\/index.php\/wp-json\/wp\/v2\/types\/product"}],"replies":[{"embeddable":true,"href":"https:\/\/www.regaloperfectobysary.com\/index.php\/wp-json\/wp\/v2\/comments?post=5231"}],"wp:featuredmedia":[{"embeddable":true,"href":"https:\/\/www.regaloperfectobysary.com\/index.php\/wp-json\/wp\/v2\/media\/5556"}],"wp:attachment":[{"href":"https:\/\/www.regaloperfectobysary.com\/index.php\/wp-json\/wp\/v2\/media?parent=5231"}],"wp:term":[{"taxonomy":"product_brand","embeddable":true,"href":"https:\/\/www.regaloperfectobysary.com\/index.php\/wp-json\/wp\/v2\/product_brand?post=5231"},{"taxonomy":"product_cat","embeddable":true,"href":"https:\/\/www.regaloperfectobysary.com\/index.php\/wp-json\/wp\/v2\/product_cat?post=5231"},{"taxonomy":"product_tag","embeddable":true,"href":"https:\/\/www.regaloperfectobysary.com\/index.php\/wp-json\/wp\/v2\/product_tag?post=5231"}],"curies":[{"name":"wp","href":"https:\/\/api.w.org\/{rel}","templated":true}]}}