{"id":5230,"date":"2025-04-12T00:01:26","date_gmt":"2025-04-11T22:01:26","guid":{"rendered":"https:\/\/www.regaloperfectobysary.com\/?post_type=product&#038;p=5230"},"modified":"2025-04-29T18:49:06","modified_gmt":"2025-04-29T16:49:06","slug":"pack-huevo-amarillo-3","status":"publish","type":"product","link":"https:\/\/www.regaloperfectobysary.com\/index.php\/producto\/pack-huevo-amarillo-3\/","title":{"rendered":"Pack Huevo Amarillo + 3"},"content":{"rendered":"<p>Un Peque\u00f1o Pack con 3 productos de maquillaje (un brillo de labios en forma de caramelo, una m\u00e1scara de pesta\u00f1as volumen waterproof, un esmalte para las u\u00f1as) y una esponja de maquillaje dentro de un huevo s\u00faper especial porque de esta manera la esponja est\u00e1 protegida.<\/p>\n<p>Este pack es ideal tanto para regalar como para uso personal.<\/p>\n","protected":false},"excerpt":{"rendered":"<p>Peque\u00f1o pack con productos de maquillaje en tonos amarillos y morados.<\/p>\n","protected":false},"featured_media":5228,"comment_status":"open","ping_status":"closed","template":"","meta":{"_themeisle_gutenberg_block_has_review":false},"product_brand":[651,669,656],"product_cat":[528,492,547,523,519,520,526,551],"product_tag":[],"class_list":{"0":"post-5230","1":"product","2":"type-product","3":"status-publish","4":"has-post-thumbnail","6":"product_brand-ddonna","7":"product_brand-easy-paris","8":"product_brand-leticia-well","9":"product_cat-accesorios-maquillaje","10":"product_cat-fechas-magicas","11":"product_cat-huevo-dorado","12":"product_cat-labios","13":"product_cat-manicura-pedicura","14":"product_cat-maquillaje","15":"product_cat-pestanas","16":"product_cat-spa","18":"first","19":"instock","20":"taxable","21":"shipping-taxable","22":"purchasable","23":"product-type-simple"},"jetpack_sharing_enabled":true,"_links":{"self":[{"href":"https:\/\/www.regaloperfectobysary.com\/index.php\/wp-json\/wp\/v2\/product\/5230","targetHints":{"allow":["GET"]}}],"collection":[{"href":"https:\/\/www.regaloperfectobysary.com\/index.php\/wp-json\/wp\/v2\/product"}],"about":[{"href":"https:\/\/www.regaloperfectobysary.com\/index.php\/wp-json\/wp\/v2\/types\/product"}],"replies":[{"embeddable":true,"href":"https:\/\/www.regaloperfectobysary.com\/index.php\/wp-json\/wp\/v2\/comments?post=5230"}],"wp:featuredmedia":[{"embeddable":true,"href":"https:\/\/www.regaloperfectobysary.com\/index.php\/wp-json\/wp\/v2\/media\/5228"}],"wp:attachment":[{"href":"https:\/\/www.regaloperfectobysary.com\/index.php\/wp-json\/wp\/v2\/media?parent=5230"}],"wp:term":[{"taxonomy":"product_brand","embeddable":true,"href":"https:\/\/www.regaloperfectobysary.com\/index.php\/wp-json\/wp\/v2\/product_brand?post=5230"},{"taxonomy":"product_cat","embeddable":true,"href":"https:\/\/www.regaloperfectobysary.com\/index.php\/wp-json\/wp\/v2\/product_cat?post=5230"},{"taxonomy":"product_tag","embeddable":true,"href":"https:\/\/www.regaloperfectobysary.com\/index.php\/wp-json\/wp\/v2\/product_tag?post=5230"}],"curies":[{"name":"wp","href":"https:\/\/api.w.org\/{rel}","templated":true}]}}