{"id":5125,"date":"2025-03-31T00:00:50","date_gmt":"2025-03-30T22:00:50","guid":{"rendered":"https:\/\/www.regaloperfectobysary.com\/?post_type=product&#038;p=5125"},"modified":"2025-06-03T21:09:14","modified_gmt":"2025-06-03T19:09:14","slug":"balsamo-labial-pollito","status":"publish","type":"product","link":"https:\/\/www.regaloperfectobysary.com\/index.php\/producto\/balsamo-labial-pollito\/","title":{"rendered":"B\u00e1lsamo Labial Pollito"},"content":{"rendered":"<p>En Regalo Perfecto by Sary hemos pensado en ti y en la persona a la que necesita hidratar sus labios de una forma adorable en fechas de Pascua. Te presentamos este b\u00e1lsamo en forma de pollito, ideal para regalar. Un compa\u00f1ero ideal para uso diario.<\/p>\n<p>Adem\u00e1s, te ofrecemos un plus. Una bolsita con dise\u00f1o de conejito que enviaremos aleatoriamente (en observaciones dejar preferencia). Esta bolsita es perfecta para regalarla junto al protector labial de pollito como para a\u00f1adirle a mayores chocolates o almendras para ser un detalle todav\u00eda m\u00e1s completo y especial.<\/p>\n<p>Cabe mencionar, es de melocot\u00f3n.<\/p>\n<p>Recuerda, el formato es perfecto para todas las edades!<\/p>\n","protected":false},"excerpt":{"rendered":"<p>B\u00e1lsamo de Pollito, de melocot\u00f3n con su bolsita de conejito.<\/p>\n","protected":false},"featured_media":5756,"comment_status":"open","ping_status":"closed","template":"","meta":{"_themeisle_gutenberg_block_has_review":false},"product_brand":[669],"product_cat":[492,547,523,520,548,585],"product_tag":[],"class_list":{"0":"post-5125","1":"product","2":"type-product","3":"status-publish","4":"has-post-thumbnail","6":"product_brand-easy-paris","7":"product_cat-fechas-magicas","8":"product_cat-huevo-dorado","9":"product_cat-labios","10":"product_cat-maquillaje","11":"product_cat-maquillaje-peques","12":"product_cat-peques","14":"first","15":"instock","16":"taxable","17":"shipping-taxable","18":"purchasable","19":"product-type-simple"},"jetpack_sharing_enabled":true,"_links":{"self":[{"href":"https:\/\/www.regaloperfectobysary.com\/index.php\/wp-json\/wp\/v2\/product\/5125","targetHints":{"allow":["GET"]}}],"collection":[{"href":"https:\/\/www.regaloperfectobysary.com\/index.php\/wp-json\/wp\/v2\/product"}],"about":[{"href":"https:\/\/www.regaloperfectobysary.com\/index.php\/wp-json\/wp\/v2\/types\/product"}],"replies":[{"embeddable":true,"href":"https:\/\/www.regaloperfectobysary.com\/index.php\/wp-json\/wp\/v2\/comments?post=5125"}],"wp:featuredmedia":[{"embeddable":true,"href":"https:\/\/www.regaloperfectobysary.com\/index.php\/wp-json\/wp\/v2\/media\/5756"}],"wp:attachment":[{"href":"https:\/\/www.regaloperfectobysary.com\/index.php\/wp-json\/wp\/v2\/media?parent=5125"}],"wp:term":[{"taxonomy":"product_brand","embeddable":true,"href":"https:\/\/www.regaloperfectobysary.com\/index.php\/wp-json\/wp\/v2\/product_brand?post=5125"},{"taxonomy":"product_cat","embeddable":true,"href":"https:\/\/www.regaloperfectobysary.com\/index.php\/wp-json\/wp\/v2\/product_cat?post=5125"},{"taxonomy":"product_tag","embeddable":true,"href":"https:\/\/www.regaloperfectobysary.com\/index.php\/wp-json\/wp\/v2\/product_tag?post=5125"}],"curies":[{"name":"wp","href":"https:\/\/api.w.org\/{rel}","templated":true}]}}