{"id":5032,"date":"2025-03-08T00:10:25","date_gmt":"2025-03-07T23:10:25","guid":{"rendered":"https:\/\/www.regaloperfectobysary.com\/?post_type=product&#038;p=5032"},"modified":"2025-06-03T21:24:40","modified_gmt":"2025-06-03T19:24:40","slug":"duo-glow-neon","status":"publish","type":"product","link":"https:\/\/www.regaloperfectobysary.com\/index.php\/producto\/duo-glow-neon\/","title":{"rendered":"D\u00fao Glow Ne\u00f3n"},"content":{"rendered":"<p>Quieres llegar a un lugar y que todos los ojitos sepan que has llegado? Cons\u00edguelo usando uno de estos d\u00faos de delineador y m\u00e1scara de pesta\u00f1as de colores s\u00faper intensos.<\/p>\n<p>Durante el d\u00eda ya brillan pero imag\u00ednate el resplandor del neon bajo la luz ultravioleta y la luz negra, una locura!<\/p>\n<p>Escoge entre los 8 colores y si no puedes, ll\u00e9vate todos los tonos! Eso s\u00ed, todos ellos contienen un coletero de regalito \u00a0porque te mereces un detallito por parte de la tienda.<\/p>\n","protected":false},"excerpt":{"rendered":"<p>Colores s\u00faper intensos que brillan con luz de ne\u00f3n.<\/p>\n<p>( Sueltos: <a href=\"https:\/\/www.regaloperfectobysary.com\/index.php\/producto\/eye-liner-glow-efecto-uv-neon\/\" target=\"_blank\" rel=\"noopener\">Delineadores Glow<\/a> &amp; <a href=\"https:\/\/www.regaloperfectobysary.com\/index.php\/producto\/rimel-glow-efecto-uv-neon\/\" target=\"_blank\" rel=\"noopener\">M\u00e1scaras de Pesta\u00f1as Glow<\/a> ).<\/p>\n","protected":false},"featured_media":5033,"comment_status":"open","ping_status":"closed","template":"","meta":{"_themeisle_gutenberg_block_has_review":false},"product_brand":[651],"product_cat":[520,525,526],"product_tag":[],"class_list":{"0":"post-5032","1":"product","2":"type-product","3":"status-publish","4":"has-post-thumbnail","6":"product_brand-ddonna","7":"product_cat-maquillaje","8":"product_cat-ojos","9":"product_cat-pestanas","11":"first","12":"instock","13":"taxable","14":"shipping-taxable","15":"purchasable","16":"product-type-variable"},"jetpack_sharing_enabled":true,"_links":{"self":[{"href":"https:\/\/www.regaloperfectobysary.com\/index.php\/wp-json\/wp\/v2\/product\/5032","targetHints":{"allow":["GET"]}}],"collection":[{"href":"https:\/\/www.regaloperfectobysary.com\/index.php\/wp-json\/wp\/v2\/product"}],"about":[{"href":"https:\/\/www.regaloperfectobysary.com\/index.php\/wp-json\/wp\/v2\/types\/product"}],"replies":[{"embeddable":true,"href":"https:\/\/www.regaloperfectobysary.com\/index.php\/wp-json\/wp\/v2\/comments?post=5032"}],"wp:featuredmedia":[{"embeddable":true,"href":"https:\/\/www.regaloperfectobysary.com\/index.php\/wp-json\/wp\/v2\/media\/5033"}],"wp:attachment":[{"href":"https:\/\/www.regaloperfectobysary.com\/index.php\/wp-json\/wp\/v2\/media?parent=5032"}],"wp:term":[{"taxonomy":"product_brand","embeddable":true,"href":"https:\/\/www.regaloperfectobysary.com\/index.php\/wp-json\/wp\/v2\/product_brand?post=5032"},{"taxonomy":"product_cat","embeddable":true,"href":"https:\/\/www.regaloperfectobysary.com\/index.php\/wp-json\/wp\/v2\/product_cat?post=5032"},{"taxonomy":"product_tag","embeddable":true,"href":"https:\/\/www.regaloperfectobysary.com\/index.php\/wp-json\/wp\/v2\/product_tag?post=5032"}],"curies":[{"name":"wp","href":"https:\/\/api.w.org\/{rel}","templated":true}]}}