{"id":5014,"date":"2025-04-09T00:00:53","date_gmt":"2025-04-08T22:00:53","guid":{"rendered":"https:\/\/www.regaloperfectobysary.com\/?post_type=product&#038;p=5014"},"modified":"2025-10-05T01:15:51","modified_gmt":"2025-10-04T23:15:51","slug":"barras-labiales-5-en-1","status":"publish","type":"product","link":"https:\/\/www.regaloperfectobysary.com\/index.php\/producto\/barras-labiales-5-en-1\/","title":{"rendered":"Barras Labiales 5 en 1"},"content":{"rendered":"<p>Ll\u00e9vate a todas partes 5 barras de labios en 1 mismo envase para retocarte o cambiar de look en cualquier momento.<\/p>\n<p>5 Colores preciosos de f\u00e1cil aplicaci\u00f3n gracias a su f\u00f3rmula cremosa. Disponibles en 4 modelos diferentes en formato compacto. Se pueden llevar todos a la vez o llevar el que se necesite.<\/p>\n<p>Ya tienes tu favorito, o la colecci\u00f3n completa?<\/p>\n","protected":false},"excerpt":{"rendered":"<p>5 Barras de labios en 1 mismo envase, tipo l\u00e1piz.<\/p>\n","protected":false},"featured_media":6024,"comment_status":"open","ping_status":"closed","template":"","meta":{"_themeisle_gutenberg_block_has_review":false},"product_brand":[656],"product_cat":[523,520],"product_tag":[],"class_list":{"0":"post-5014","1":"product","2":"type-product","3":"status-publish","4":"has-post-thumbnail","6":"product_brand-leticia-well","7":"product_cat-labios","8":"product_cat-maquillaje","10":"first","11":"instock","12":"taxable","13":"shipping-taxable","14":"purchasable","15":"product-type-variable"},"jetpack_sharing_enabled":true,"_links":{"self":[{"href":"https:\/\/www.regaloperfectobysary.com\/index.php\/wp-json\/wp\/v2\/product\/5014","targetHints":{"allow":["GET"]}}],"collection":[{"href":"https:\/\/www.regaloperfectobysary.com\/index.php\/wp-json\/wp\/v2\/product"}],"about":[{"href":"https:\/\/www.regaloperfectobysary.com\/index.php\/wp-json\/wp\/v2\/types\/product"}],"replies":[{"embeddable":true,"href":"https:\/\/www.regaloperfectobysary.com\/index.php\/wp-json\/wp\/v2\/comments?post=5014"}],"wp:featuredmedia":[{"embeddable":true,"href":"https:\/\/www.regaloperfectobysary.com\/index.php\/wp-json\/wp\/v2\/media\/6024"}],"wp:attachment":[{"href":"https:\/\/www.regaloperfectobysary.com\/index.php\/wp-json\/wp\/v2\/media?parent=5014"}],"wp:term":[{"taxonomy":"product_brand","embeddable":true,"href":"https:\/\/www.regaloperfectobysary.com\/index.php\/wp-json\/wp\/v2\/product_brand?post=5014"},{"taxonomy":"product_cat","embeddable":true,"href":"https:\/\/www.regaloperfectobysary.com\/index.php\/wp-json\/wp\/v2\/product_cat?post=5014"},{"taxonomy":"product_tag","embeddable":true,"href":"https:\/\/www.regaloperfectobysary.com\/index.php\/wp-json\/wp\/v2\/product_tag?post=5014"}],"curies":[{"name":"wp","href":"https:\/\/api.w.org\/{rel}","templated":true}]}}