{"id":4954,"date":"2025-02-14T23:39:23","date_gmt":"2025-02-14T22:39:23","guid":{"rendered":"https:\/\/www.regaloperfectobysary.com\/?post_type=product&#038;p=4954"},"modified":"2025-02-14T23:39:24","modified_gmt":"2025-02-14T22:39:24","slug":"cajita-love-3-especial","status":"publish","type":"product","link":"https:\/\/www.regaloperfectobysary.com\/index.php\/producto\/cajita-love-3-especial\/","title":{"rendered":"Cajita Love 3 Especial"},"content":{"rendered":"<p>Hay dos opciones para jugar a este mini sorteo y llevarse la Cajita Love 3:<\/p>\n<p>1.Comprar tu n\u00famero o tus n\u00fameros favoritos y esperar a que se agoten los n\u00fameros para saber el resultado del sorteo. Aqu\u00ed puede que te toque o puede que no. Es cuesti\u00f3n del azar.<\/p>\n<p>2.Comprar todos los n\u00fameros disponibles y llevarte s\u00ed o s\u00ed la cajita love 3. En caso de completar todos los n\u00fameros una \u00fanica persona se la lleva. En caso de haber varias personas jugando, puede que le toque a la que compre m\u00e1s n\u00fameros como la que menos. Es cuesti\u00f3n del azar.<\/p>\n<p>Mucha Suerte!<\/p>\n<p>&nbsp;<\/p>\n<p>(Por cierto, contiene:<\/p>\n<p>*Una taza del t\u00e9,<\/p>\n<p>*Una cuchara blanca,<\/p>\n<p>*Un platito que sirve de tapa,<\/p>\n<p>*La mini talla Por Amor,<\/p>\n<p>*Un D\u00fao Matte perfilador y labial,<\/p>\n<p>*Un brillo osito dorado que es un llavero,<\/p>\n<p>*Una crema de manos,<\/p>\n<p>*Un exfoliante de labios,<\/p>\n<p>*Un gel para el crecimiento de las pesta\u00f1as).<\/p>\n","protected":false},"excerpt":{"rendered":"<p>Cajita para sortear. Mucha Suerte!<\/p>\n","protected":false},"featured_media":4983,"comment_status":"open","ping_status":"closed","template":"","meta":{"_themeisle_gutenberg_block_has_review":false},"product_brand":[651,658,656,657,659,653],"product_cat":[542,511,539,488],"product_tag":[655],"class_list":{"0":"post-4954","1":"product","2":"type-product","3":"status-publish","4":"has-post-thumbnail","6":"product_brand-ddonna","7":"product_brand-kiss-beauty","8":"product_brand-leticia-well","9":"product_brand-prady","10":"product_brand-sensinity","11":"product_brand-tazas","12":"product_cat-hilo-rojo-del-destino","13":"product_cat-mini-sorteos","14":"product_cat-por-para-ti","15":"product_cat-suerte","16":"product_tag-san-valentin","18":"first","19":"instock","20":"taxable","21":"shipping-taxable","22":"purchasable","23":"product-type-variable"},"jetpack_sharing_enabled":true,"_links":{"self":[{"href":"https:\/\/www.regaloperfectobysary.com\/index.php\/wp-json\/wp\/v2\/product\/4954","targetHints":{"allow":["GET"]}}],"collection":[{"href":"https:\/\/www.regaloperfectobysary.com\/index.php\/wp-json\/wp\/v2\/product"}],"about":[{"href":"https:\/\/www.regaloperfectobysary.com\/index.php\/wp-json\/wp\/v2\/types\/product"}],"replies":[{"embeddable":true,"href":"https:\/\/www.regaloperfectobysary.com\/index.php\/wp-json\/wp\/v2\/comments?post=4954"}],"wp:featuredmedia":[{"embeddable":true,"href":"https:\/\/www.regaloperfectobysary.com\/index.php\/wp-json\/wp\/v2\/media\/4983"}],"wp:attachment":[{"href":"https:\/\/www.regaloperfectobysary.com\/index.php\/wp-json\/wp\/v2\/media?parent=4954"}],"wp:term":[{"taxonomy":"product_brand","embeddable":true,"href":"https:\/\/www.regaloperfectobysary.com\/index.php\/wp-json\/wp\/v2\/product_brand?post=4954"},{"taxonomy":"product_cat","embeddable":true,"href":"https:\/\/www.regaloperfectobysary.com\/index.php\/wp-json\/wp\/v2\/product_cat?post=4954"},{"taxonomy":"product_tag","embeddable":true,"href":"https:\/\/www.regaloperfectobysary.com\/index.php\/wp-json\/wp\/v2\/product_tag?post=4954"}],"curies":[{"name":"wp","href":"https:\/\/api.w.org\/{rel}","templated":true}]}}