{"id":4698,"date":"2025-05-26T00:01:05","date_gmt":"2025-05-25T22:01:05","guid":{"rendered":"https:\/\/www.regaloperfectobysary.com\/index.php\/producto\/gel-caballo-efecto-frio\/"},"modified":"2026-03-18T23:02:54","modified_gmt":"2026-03-18T22:02:54","slug":"gel-caballo-efecto-frio","status":"publish","type":"product","link":"https:\/\/www.regaloperfectobysary.com\/index.php\/producto\/gel-caballo-efecto-frio\/","title":{"rendered":"Gel Caballo Efecto Fr\u00edo"},"content":{"rendered":"<p>El b\u00e1lsamo Caballo con efecto fr\u00edo es un producto popular en el campo de los tratamientos para el bienestar muscular y articular.<\/p>\n<p>-Beneficios<\/p>\n<p>*Proporciona una sensaci\u00f3n de frescura inmediata, ideal para aliviar el dolor y la tensi\u00f3n.<br \/>\n*\u00datil para aliviar el dolor muscular y articular, especialmente despu\u00e9s de una actividad f\u00edsica intensa.<br \/>\n*Contiene ingredientes antiinflamatorios que pueden reducir la hinchaz\u00f3n y la inflamaci\u00f3n.<br \/>\n*Ayuda a mejorar la circulaci\u00f3n sangu\u00ednea en la zona aplicada.<br \/>\n*Formulado para una aplicaci\u00f3n f\u00e1cil y r\u00e1pida, adecuada para deportistas y para quienes tienen un estilo de vida activo.<\/p>\n<p>-Modo de uso:<\/p>\n<p>*Aplicar una cantidad generosa de gel en la zona afectada y masajear suavemente hasta su completa absorci\u00f3n.<br \/>\n*Se puede utilizar hasta 3 veces al d\u00eda, dependiendo de las necesidades y la gravedad del dolor.<br \/>\n*No aplicar sobre pieles irritadas, heridas abiertas o mucosas.<br \/>\n*Despu\u00e9s de la aplicaci\u00f3n, es fundamental lavarse las manos para evitar el contacto con los ojos y otras \u00e1reas sensibles.<br \/>\n*Conservar el producto en un lugar fresco y seco, lejos de la luz directa.<\/p>\n<p>-Precauciones:<\/p>\n<p>*Antes de utilizar el producto, realice una prueba en una peque\u00f1a zona de la piel para comprobar posibles reacciones al\u00e9rgicas.<\/p>\n<p>*Consultar a un m\u00e9dico en caso de condiciones espec\u00edficas o si est\u00e1 tomando medicamentos.<\/p>\n","protected":false},"excerpt":{"rendered":"<p>El b\u00e1lsamo Caballo con efecto fr\u00edo es ideal <span class=\"a-list-item\">para masajes terap\u00e9uticos, alivia las tensiones musculares y articulares, nutre <\/span><span class=\"a-list-item\">y regenera la piel gracias a los extractos naturales, ideal despu\u00e9s de la pr\u00e1ctica de una actividad deportiva.<\/span><\/p>\n","protected":false},"featured_media":5608,"comment_status":"open","ping_status":"closed","template":"","meta":{"_themeisle_gutenberg_block_has_review":false},"product_brand":[649],"product_cat":[554,551],"product_tag":[],"class_list":{"0":"post-4698","1":"product","2":"type-product","3":"status-publish","4":"has-post-thumbnail","6":"product_brand-cosmi","7":"product_cat-cuidado-corporal","8":"product_cat-spa","10":"first","11":"instock","12":"taxable","13":"shipping-taxable","14":"purchasable","15":"product-type-simple"},"jetpack_sharing_enabled":true,"_links":{"self":[{"href":"https:\/\/www.regaloperfectobysary.com\/index.php\/wp-json\/wp\/v2\/product\/4698","targetHints":{"allow":["GET"]}}],"collection":[{"href":"https:\/\/www.regaloperfectobysary.com\/index.php\/wp-json\/wp\/v2\/product"}],"about":[{"href":"https:\/\/www.regaloperfectobysary.com\/index.php\/wp-json\/wp\/v2\/types\/product"}],"replies":[{"embeddable":true,"href":"https:\/\/www.regaloperfectobysary.com\/index.php\/wp-json\/wp\/v2\/comments?post=4698"}],"wp:featuredmedia":[{"embeddable":true,"href":"https:\/\/www.regaloperfectobysary.com\/index.php\/wp-json\/wp\/v2\/media\/5608"}],"wp:attachment":[{"href":"https:\/\/www.regaloperfectobysary.com\/index.php\/wp-json\/wp\/v2\/media?parent=4698"}],"wp:term":[{"taxonomy":"product_brand","embeddable":true,"href":"https:\/\/www.regaloperfectobysary.com\/index.php\/wp-json\/wp\/v2\/product_brand?post=4698"},{"taxonomy":"product_cat","embeddable":true,"href":"https:\/\/www.regaloperfectobysary.com\/index.php\/wp-json\/wp\/v2\/product_cat?post=4698"},{"taxonomy":"product_tag","embeddable":true,"href":"https:\/\/www.regaloperfectobysary.com\/index.php\/wp-json\/wp\/v2\/product_tag?post=4698"}],"curies":[{"name":"wp","href":"https:\/\/api.w.org\/{rel}","templated":true}]}}