{"id":4696,"date":"2025-05-26T00:00:08","date_gmt":"2025-05-25T22:00:08","guid":{"rendered":"https:\/\/www.regaloperfectobysary.com\/index.php\/producto\/gel-caballo-efecto-calor\/"},"modified":"2025-11-18T00:44:20","modified_gmt":"2025-11-17T23:44:20","slug":"gel-caballo-efecto-calor","status":"publish","type":"product","link":"https:\/\/www.regaloperfectobysary.com\/index.php\/producto\/gel-caballo-efecto-calor\/","title":{"rendered":"Gel Caballo Efecto Calor"},"content":{"rendered":"<p>El gel b\u00e1lsamo Caballo efecto calor es un producto muy conocido en el sector de los tratamientos para el bienestar muscular y articular. Se utiliza principalmente por su efecto de calentamiento y calmante.<\/p>\n<p>-Beneficios:<\/p>\n<p>*Efecto de calor. Ayuda a calentar los m\u00fasculos y las articulaciones, favoreciendo la circulaci\u00f3n sangu\u00ednea.<br \/>\n*Puede ayudar a reducir la tensi\u00f3n muscular y el dolor.<br \/>\n*Indicado para aliviar dolores y molestias musculares despu\u00e9s del entrenamiento o esfuerzos f\u00edsicos.<br \/>\n*Puede ser utilizado por atletas, personas con trabajos f\u00edsicamente exigentes o personas que sufren de tensiones espor\u00e1dicas.<br \/>\n*Ingredientes naturales. Formulado con ingredientes naturales como extractos de \u00e1rnica, mentol y aceites esenciales.<\/p>\n<p>-Modo de uso:<\/p>\n<p>*Aplicar una cantidad adecuada de gel en la zona afectada y masajear suavemente hasta que se absorba por completo.<br \/>\n*Se puede utilizar hasta 3 veces al d\u00eda, seg\u00fan las necesidades.<br \/>\n*Evitar aplicar el producto sobre heridas abiertas o piel da\u00f1ada.<br \/>\n*Despu\u00e9s de la aplicaci\u00f3n, se recomienda lavarse las manos para evitar el contacto con los ojos u otras partes sensibles.<br \/>\n*Mantener el producto en un lugar fresco y seco, lejos de la luz directa.<\/p>\n<p>-Precauciones:<\/p>\n<p>*Realizar una prueba en una peque\u00f1a zona de la piel para comprobar posibles reacciones al\u00e9rgicas.<br \/>\n*Consultar a un m\u00e9dico en caso de condiciones especiales o si est\u00e1 tomando medicamentos.<\/p>\n","protected":false},"excerpt":{"rendered":"<p>El gel b\u00e1lsamo Caballo efecto Caliente es una pomada que favorece la circulaci\u00f3n sangu\u00ednea y regenera los m\u00fasculos cansados despu\u00e9s del deporte o el esfuerzo f\u00edsico. Ideal para los atletas o para todos aquellos que desean relajarse.<\/p>\n","protected":false},"featured_media":5609,"comment_status":"open","ping_status":"closed","template":"","meta":{"_themeisle_gutenberg_block_has_review":false},"product_brand":[649],"product_cat":[554,551],"product_tag":[],"class_list":{"0":"post-4696","1":"product","2":"type-product","3":"status-publish","4":"has-post-thumbnail","6":"product_brand-cosmi","7":"product_cat-cuidado-corporal","8":"product_cat-spa","10":"first","11":"instock","12":"taxable","13":"shipping-taxable","14":"purchasable","15":"product-type-simple"},"jetpack_sharing_enabled":true,"_links":{"self":[{"href":"https:\/\/www.regaloperfectobysary.com\/index.php\/wp-json\/wp\/v2\/product\/4696","targetHints":{"allow":["GET"]}}],"collection":[{"href":"https:\/\/www.regaloperfectobysary.com\/index.php\/wp-json\/wp\/v2\/product"}],"about":[{"href":"https:\/\/www.regaloperfectobysary.com\/index.php\/wp-json\/wp\/v2\/types\/product"}],"replies":[{"embeddable":true,"href":"https:\/\/www.regaloperfectobysary.com\/index.php\/wp-json\/wp\/v2\/comments?post=4696"}],"wp:featuredmedia":[{"embeddable":true,"href":"https:\/\/www.regaloperfectobysary.com\/index.php\/wp-json\/wp\/v2\/media\/5609"}],"wp:attachment":[{"href":"https:\/\/www.regaloperfectobysary.com\/index.php\/wp-json\/wp\/v2\/media?parent=4696"}],"wp:term":[{"taxonomy":"product_brand","embeddable":true,"href":"https:\/\/www.regaloperfectobysary.com\/index.php\/wp-json\/wp\/v2\/product_brand?post=4696"},{"taxonomy":"product_cat","embeddable":true,"href":"https:\/\/www.regaloperfectobysary.com\/index.php\/wp-json\/wp\/v2\/product_cat?post=4696"},{"taxonomy":"product_tag","embeddable":true,"href":"https:\/\/www.regaloperfectobysary.com\/index.php\/wp-json\/wp\/v2\/product_tag?post=4696"}],"curies":[{"name":"wp","href":"https:\/\/api.w.org\/{rel}","templated":true}]}}