{"id":4530,"date":"2023-12-12T12:08:25","date_gmt":"2023-12-12T11:08:25","guid":{"rendered":"https:\/\/www.regaloperfectobysary.com\/?post_type=product&#038;p=4530"},"modified":"2024-11-14T23:09:51","modified_gmt":"2024-11-14T22:09:51","slug":"roll-on-nube-algodon","status":"publish","type":"product","link":"https:\/\/www.regaloperfectobysary.com\/index.php\/producto\/roll-on-nube-algodon\/","title":{"rendered":"Ron On Nube Algod\u00f3n"},"content":{"rendered":"<p>\ud83c\uddea\ud83c\uddf8 El <strong>Roll On Nube de Algod\u00f3n<\/strong> es un desodorante antitranspirante que protege y cuida la delicada zona de la piel de las axilas manteniendo el sudor controlado durante 48 horas. Perfumado con una deliciosa fragancia donde la nube de algod\u00f3n y las esencias frutales son algunos de sus acordes m\u00e1s reconocibles.<\/p>\n<p>O <strong>Roll On Nuvem de Algod\u00e3o<\/strong> \u00e9 um desodorante antitranspirante que protege e cuida da delicada regi\u00e3o da pele das axilas, mantendo o suor controlado por 48 horas. Perfumado com uma fragr\u00e2ncia deliciosa onde a nuvem de algod\u00e3o e as ess\u00eancias de frutas s\u00e3o alguns dos seus acordes mais reconhecidos.<\/p>\n<p>&nbsp;<\/p>\n","protected":false},"excerpt":{"rendered":"<p>\ud83c\uddea\ud83c\uddf8 Roll on perfumado con una deliciosa fragancia donde la nube de algod\u00f3n y las esencias frutales son algunos de sus acordes m\u00e1s reconocibles.<\/p>\n<p>\ud83c\uddf5\ud83c\uddf9 Roll on perfumado com uma fragr\u00e2ncia deliciosa onde a nuvem de algod\u00e3o e as ess\u00eancias de frutas s\u00e3o alguns dos seus acordes mais reconhecidos.<\/p>\n","protected":false},"featured_media":4514,"comment_status":"open","ping_status":"closed","template":"","meta":{"_themeisle_gutenberg_block_has_review":false},"product_brand":[],"product_cat":[555,551],"product_tag":[245],"class_list":{"0":"post-4530","1":"product","2":"type-product","3":"status-publish","4":"has-post-thumbnail","6":"product_cat-cuidado-personal","7":"product_cat-spa","8":"product_tag-tulipan-negro","10":"first","11":"instock","12":"sale","13":"taxable","14":"shipping-taxable","15":"purchasable","16":"product-type-simple"},"jetpack_sharing_enabled":true,"_links":{"self":[{"href":"https:\/\/www.regaloperfectobysary.com\/index.php\/wp-json\/wp\/v2\/product\/4530","targetHints":{"allow":["GET"]}}],"collection":[{"href":"https:\/\/www.regaloperfectobysary.com\/index.php\/wp-json\/wp\/v2\/product"}],"about":[{"href":"https:\/\/www.regaloperfectobysary.com\/index.php\/wp-json\/wp\/v2\/types\/product"}],"replies":[{"embeddable":true,"href":"https:\/\/www.regaloperfectobysary.com\/index.php\/wp-json\/wp\/v2\/comments?post=4530"}],"wp:featuredmedia":[{"embeddable":true,"href":"https:\/\/www.regaloperfectobysary.com\/index.php\/wp-json\/wp\/v2\/media\/4514"}],"wp:attachment":[{"href":"https:\/\/www.regaloperfectobysary.com\/index.php\/wp-json\/wp\/v2\/media?parent=4530"}],"wp:term":[{"taxonomy":"product_brand","embeddable":true,"href":"https:\/\/www.regaloperfectobysary.com\/index.php\/wp-json\/wp\/v2\/product_brand?post=4530"},{"taxonomy":"product_cat","embeddable":true,"href":"https:\/\/www.regaloperfectobysary.com\/index.php\/wp-json\/wp\/v2\/product_cat?post=4530"},{"taxonomy":"product_tag","embeddable":true,"href":"https:\/\/www.regaloperfectobysary.com\/index.php\/wp-json\/wp\/v2\/product_tag?post=4530"}],"curies":[{"name":"wp","href":"https:\/\/api.w.org\/{rel}","templated":true}]}}