{"id":4528,"date":"2023-12-12T12:54:16","date_gmt":"2023-12-12T11:54:16","guid":{"rendered":"https:\/\/www.regaloperfectobysary.com\/?post_type=product&#038;p=4528"},"modified":"2024-11-14T23:04:57","modified_gmt":"2024-11-14T22:04:57","slug":"roll-on-candy-fantasy","status":"publish","type":"product","link":"https:\/\/www.regaloperfectobysary.com\/index.php\/producto\/roll-on-candy-fantasy\/","title":{"rendered":"Roll On Candy Fantasy"},"content":{"rendered":"<p>\ud83c\uddea\ud83c\uddf8 El<strong> Roll on Candy Fantasy<\/strong> es un desodorante antitranspirante dermatol\u00f3gicamente probado para ser efectivo en el sudor y suave en la piel, manteni\u00e9ndola seca y fresca. Perfumado con una de las fragancias m\u00e1s deseadas, las chuches!<\/p>\n<p>*Desodorante formato Roll On, antitranspirante, dermatol\u00f3gicamente probado para ser efectivo en el sudor y suave en la piel, manteni\u00e9ndola seca y fresca.<\/p>\n<p>\ud83c\uddf5\ud83c\uddf9 O <strong>Roll on Candy Fantasy<\/strong> \u00e9 um desodorante antitranspirante dermatologicamente testado para ser eficaz no suor e suave na pele, mantendo-a seca e fresca. Perfumado com uma das fragr\u00e2ncias mais desejadas, os doces!<\/p>\n<p>*Desodorante Roll On, antitranspirante, dermatologicamente testado para ser eficaz no suor e suave na pele, mantendo-a seca e fresca.<\/p>\n","protected":false},"excerpt":{"rendered":"<p>\ud83c\uddea\ud83c\uddf8 Este Roll on es de un mundo de fantas\u00eda para tu piel, inundar\u00e1 tu ba\u00f1o de vibrantes y chispeantes sensaciones.<\/p>\n<p>\ud83c\uddf5\ud83c\uddf9 Este Roll on \u00e9 de um mundo de fantasia para a tua pele, ir\u00e1 inundar a tua casa de banho com sensa\u00e7\u00f5es vibrantes e brilhantes.<\/p>\n","protected":false},"featured_media":4509,"comment_status":"open","ping_status":"closed","template":"","meta":{"_themeisle_gutenberg_block_has_review":false},"product_brand":[],"product_cat":[555,551],"product_tag":[245],"class_list":{"0":"post-4528","1":"product","2":"type-product","3":"status-publish","4":"has-post-thumbnail","6":"product_cat-cuidado-personal","7":"product_cat-spa","8":"product_tag-tulipan-negro","10":"first","11":"onbackorder","12":"sale","13":"taxable","14":"shipping-taxable","15":"purchasable","16":"product-type-simple"},"jetpack_sharing_enabled":true,"_links":{"self":[{"href":"https:\/\/www.regaloperfectobysary.com\/index.php\/wp-json\/wp\/v2\/product\/4528","targetHints":{"allow":["GET"]}}],"collection":[{"href":"https:\/\/www.regaloperfectobysary.com\/index.php\/wp-json\/wp\/v2\/product"}],"about":[{"href":"https:\/\/www.regaloperfectobysary.com\/index.php\/wp-json\/wp\/v2\/types\/product"}],"replies":[{"embeddable":true,"href":"https:\/\/www.regaloperfectobysary.com\/index.php\/wp-json\/wp\/v2\/comments?post=4528"}],"wp:featuredmedia":[{"embeddable":true,"href":"https:\/\/www.regaloperfectobysary.com\/index.php\/wp-json\/wp\/v2\/media\/4509"}],"wp:attachment":[{"href":"https:\/\/www.regaloperfectobysary.com\/index.php\/wp-json\/wp\/v2\/media?parent=4528"}],"wp:term":[{"taxonomy":"product_brand","embeddable":true,"href":"https:\/\/www.regaloperfectobysary.com\/index.php\/wp-json\/wp\/v2\/product_brand?post=4528"},{"taxonomy":"product_cat","embeddable":true,"href":"https:\/\/www.regaloperfectobysary.com\/index.php\/wp-json\/wp\/v2\/product_cat?post=4528"},{"taxonomy":"product_tag","embeddable":true,"href":"https:\/\/www.regaloperfectobysary.com\/index.php\/wp-json\/wp\/v2\/product_tag?post=4528"}],"curies":[{"name":"wp","href":"https:\/\/api.w.org\/{rel}","templated":true}]}}