{"id":4526,"date":"2023-12-12T12:43:39","date_gmt":"2023-12-12T11:43:39","guid":{"rendered":"https:\/\/www.regaloperfectobysary.com\/?post_type=product&#038;p=4526"},"modified":"2024-11-14T22:49:12","modified_gmt":"2024-11-14T21:49:12","slug":"roll-on-coco-pure-white","status":"publish","type":"product","link":"https:\/\/www.regaloperfectobysary.com\/index.php\/producto\/roll-on-coco-pure-white\/","title":{"rendered":"Roll On Coco Pure White"},"content":{"rendered":"<p>\ud83c\uddea\ud83c\uddf8 El <strong>Roll On Coco Pure White<\/strong> es un desodorante antitranspirante para la hidrataci\u00f3n de la piel que proporciona unas sensaci\u00f3n de frescor duradero durante todo el d\u00eda. Perfumado con una fragancia ex\u00f3tica y refrescante.<\/p>\n<p>*Desodorante formato Roll On, antitranspirante, dermatol\u00f3gicamente probado para ser efectivo en el sudor y suave en la piel, manteni\u00e9ndola seca y fresca.<\/p>\n<p>\ud83c\uddf5\ud83c\uddf9 O <strong>Roll On Coco Pure White<\/strong> \u00e9 um desodorante antitranspirante para hidrata\u00e7\u00e3o da pele que proporciona uma sensa\u00e7\u00e3o de frescor duradouro ao longo do dia. Perfumado com uma fragr\u00e2ncia ex\u00f3tica e refrescante.<\/p>\n<p>*Desodorante Roll On, antitranspirante, dermatologicamente testado para ser eficaz no suor e suave na pele, mantendo-a seca e fresca.<\/p>\n<p>&nbsp;<\/p>\n","protected":false},"excerpt":{"rendered":"<p>\ud83c\uddea\ud83c\uddf8 Roll On\u00a0antitranspirante para la hidrataci\u00f3n de la piel que proporciona unas sensaci\u00f3n de frescor duradero durante todo el d\u00eda.<\/p>\n<p>\ud83c\uddf5\ud83c\uddf9 Roll On antitranspirante para hidrata\u00e7\u00e3o da pele que proporciona uma sensa\u00e7\u00e3o de frescor duradouro ao longo do dia.<\/p>\n","protected":false},"featured_media":4511,"comment_status":"open","ping_status":"closed","template":"","meta":{"_themeisle_gutenberg_block_has_review":false},"product_brand":[],"product_cat":[555,551],"product_tag":[245],"class_list":{"0":"post-4526","1":"product","2":"type-product","3":"status-publish","4":"has-post-thumbnail","6":"product_cat-cuidado-personal","7":"product_cat-spa","8":"product_tag-tulipan-negro","10":"first","11":"onbackorder","12":"sale","13":"taxable","14":"shipping-taxable","15":"purchasable","16":"product-type-simple"},"jetpack_sharing_enabled":true,"_links":{"self":[{"href":"https:\/\/www.regaloperfectobysary.com\/index.php\/wp-json\/wp\/v2\/product\/4526","targetHints":{"allow":["GET"]}}],"collection":[{"href":"https:\/\/www.regaloperfectobysary.com\/index.php\/wp-json\/wp\/v2\/product"}],"about":[{"href":"https:\/\/www.regaloperfectobysary.com\/index.php\/wp-json\/wp\/v2\/types\/product"}],"replies":[{"embeddable":true,"href":"https:\/\/www.regaloperfectobysary.com\/index.php\/wp-json\/wp\/v2\/comments?post=4526"}],"wp:featuredmedia":[{"embeddable":true,"href":"https:\/\/www.regaloperfectobysary.com\/index.php\/wp-json\/wp\/v2\/media\/4511"}],"wp:attachment":[{"href":"https:\/\/www.regaloperfectobysary.com\/index.php\/wp-json\/wp\/v2\/media?parent=4526"}],"wp:term":[{"taxonomy":"product_brand","embeddable":true,"href":"https:\/\/www.regaloperfectobysary.com\/index.php\/wp-json\/wp\/v2\/product_brand?post=4526"},{"taxonomy":"product_cat","embeddable":true,"href":"https:\/\/www.regaloperfectobysary.com\/index.php\/wp-json\/wp\/v2\/product_cat?post=4526"},{"taxonomy":"product_tag","embeddable":true,"href":"https:\/\/www.regaloperfectobysary.com\/index.php\/wp-json\/wp\/v2\/product_tag?post=4526"}],"curies":[{"name":"wp","href":"https:\/\/api.w.org\/{rel}","templated":true}]}}