{"id":4524,"date":"2023-12-12T12:34:23","date_gmt":"2023-12-12T11:34:23","guid":{"rendered":"https:\/\/www.regaloperfectobysary.com\/?post_type=product&#038;p=4524"},"modified":"2024-11-14T22:37:41","modified_gmt":"2024-11-14T21:37:41","slug":"roll-on-fresa-nata","status":"publish","type":"product","link":"https:\/\/www.regaloperfectobysary.com\/index.php\/producto\/roll-on-fresa-nata\/","title":{"rendered":"Roll On Fresa &#038; Nata"},"content":{"rendered":"<p>\ud83c\uddea\ud83c\uddf8\u00a0El <strong>Roll On Fresa &amp; Nata<\/strong> es un desodorante antitranspirante que regula el exceso de sudoraci\u00f3n, aporta calma y suavidad a la zona de la axila y no irrita la piel. Perfumado con notas refrescantes de fresas junto con acordes de l\u00e1cteos cremosos.<\/p>\n<p>\ud83c\uddf5\ud83c\uddf9\u00a0O Desodorizante<strong> Roll On\u00a0Morango &amp; Creme<\/strong> \u00e9 um desodorizante antitranspirante que regula o excesso de transpira\u00e7\u00e3o, proporciona calma e suavidade \u00e0 zona das axilas e n\u00e3o irrita a pele. Perfumado com notas refrescantes de morango junto com acordes cremosos de latic\u00ednios.<\/p>\n<p>&nbsp;<\/p>\n","protected":false},"excerpt":{"rendered":"<p>\ud83c\uddea\ud83c\uddf8 Desodorante formato Roll On, antitranspirante, dermatol\u00f3gicamente probado para ser efectivo en el sudor y suave en la piel, manteni\u00e9ndola seca y fresca.<\/p>\n<p>\ud83c\uddf5\ud83c\uddf9 Desodorante Roll On, antitranspirante, dermatologicamente testado para ser eficaz no suor e suave na pele, mantendo-a seca e fresca.<\/p>\n<p>&nbsp;<\/p>\n","protected":false},"featured_media":4512,"comment_status":"open","ping_status":"closed","template":"","meta":{"_themeisle_gutenberg_block_has_review":false},"product_brand":[],"product_cat":[555,551],"product_tag":[245],"class_list":{"0":"post-4524","1":"product","2":"type-product","3":"status-publish","4":"has-post-thumbnail","6":"product_cat-cuidado-personal","7":"product_cat-spa","8":"product_tag-tulipan-negro","10":"first","11":"onbackorder","12":"sale","13":"taxable","14":"shipping-taxable","15":"purchasable","16":"product-type-simple"},"jetpack_sharing_enabled":true,"_links":{"self":[{"href":"https:\/\/www.regaloperfectobysary.com\/index.php\/wp-json\/wp\/v2\/product\/4524","targetHints":{"allow":["GET"]}}],"collection":[{"href":"https:\/\/www.regaloperfectobysary.com\/index.php\/wp-json\/wp\/v2\/product"}],"about":[{"href":"https:\/\/www.regaloperfectobysary.com\/index.php\/wp-json\/wp\/v2\/types\/product"}],"replies":[{"embeddable":true,"href":"https:\/\/www.regaloperfectobysary.com\/index.php\/wp-json\/wp\/v2\/comments?post=4524"}],"wp:featuredmedia":[{"embeddable":true,"href":"https:\/\/www.regaloperfectobysary.com\/index.php\/wp-json\/wp\/v2\/media\/4512"}],"wp:attachment":[{"href":"https:\/\/www.regaloperfectobysary.com\/index.php\/wp-json\/wp\/v2\/media?parent=4524"}],"wp:term":[{"taxonomy":"product_brand","embeddable":true,"href":"https:\/\/www.regaloperfectobysary.com\/index.php\/wp-json\/wp\/v2\/product_brand?post=4524"},{"taxonomy":"product_cat","embeddable":true,"href":"https:\/\/www.regaloperfectobysary.com\/index.php\/wp-json\/wp\/v2\/product_cat?post=4524"},{"taxonomy":"product_tag","embeddable":true,"href":"https:\/\/www.regaloperfectobysary.com\/index.php\/wp-json\/wp\/v2\/product_tag?post=4524"}],"curies":[{"name":"wp","href":"https:\/\/api.w.org\/{rel}","templated":true}]}}