{"id":4523,"date":"2023-12-12T22:24:39","date_gmt":"2023-12-12T21:24:39","guid":{"rendered":"https:\/\/www.regaloperfectobysary.com\/?post_type=product&#038;p=4523"},"modified":"2024-11-14T22:32:40","modified_gmt":"2024-11-14T21:32:40","slug":"roll-on-crema-jabon","status":"publish","type":"product","link":"https:\/\/www.regaloperfectobysary.com\/index.php\/producto\/roll-on-crema-jabon\/","title":{"rendered":"Roll On Crema Jab\u00f3n"},"content":{"rendered":"<p>\ud83c\uddea\ud83c\uddf8 El <strong>Roll On Crema de Jab\u00f3n<\/strong> antitranspirante es un pr\u00e1ctico y c\u00f3modo formato que ofrece una dosificaci\u00f3n precisa y eficaz, mantiene el sudor controlado con una agradable fragancia. Proporciona protecci\u00f3n durante todo el d\u00eda permiti\u00e9ndote disfrutar de su fragancia cuando m\u00e1s se necesita.<\/p>\n<p>Encontrar un desodorante eficaz, en ocasiones se convierte en una tarea casi imposible. Te lo recomendamos si: Necesitas un antitranspirante que te proteja y que aporte la suavidad de la crema de jab\u00f3n que tu piel necesita.<\/p>\n<p>&nbsp;<\/p>\n<p>\ud83c\uddf5\ud83c\uddf9 O antitranspirante <strong>Roll On Creme de Sabonete<\/strong> \u00e9 um formato pr\u00e1tico e confort\u00e1vel que oferece dosagem precisa e eficaz, mantendo o suor controlado com uma fragr\u00e2ncia agrad\u00e1vel. Proporciona prote\u00e7\u00e3o durante todo o dia permitindo que desfrutes de sua fragr\u00e2ncia quando mais se precisa.<\/p>\n<p>Encontrar um desodorizante eficaz \u00e0s vezes se torna uma tarefa quase imposs\u00edvel. Recomendamos se: precisas de um antitranspirante que proteja e proporcione a suavidade do sabonete que tua pele precisa.<\/p>\n","protected":false},"excerpt":{"rendered":"<p>\ud83c\uddea\ud83c\uddf8 Recomendado si necesitas un extra de hidrataci\u00f3n y cremosidad para tu piel. Libre de Parabenos.<\/p>\n<p>\ud83c\uddf5\ud83c\uddf9 Recomendado se precisas de hidrata\u00e7\u00e3o e cremosidade extra para tua pele. Livre de Parabenos.<\/p>\n","protected":false},"featured_media":4513,"comment_status":"open","ping_status":"closed","template":"","meta":{"_themeisle_gutenberg_block_has_review":false},"product_brand":[],"product_cat":[555,645,639,551],"product_tag":[245],"class_list":{"0":"post-4523","1":"product","2":"type-product","3":"status-publish","4":"has-post-thumbnail","6":"product_cat-cuidado-personal","7":"product_cat-cuidado-personal-hombres","8":"product_cat-hombres","9":"product_cat-spa","10":"product_tag-tulipan-negro","12":"first","13":"onbackorder","14":"sale","15":"taxable","16":"shipping-taxable","17":"purchasable","18":"product-type-simple"},"jetpack_sharing_enabled":true,"_links":{"self":[{"href":"https:\/\/www.regaloperfectobysary.com\/index.php\/wp-json\/wp\/v2\/product\/4523","targetHints":{"allow":["GET"]}}],"collection":[{"href":"https:\/\/www.regaloperfectobysary.com\/index.php\/wp-json\/wp\/v2\/product"}],"about":[{"href":"https:\/\/www.regaloperfectobysary.com\/index.php\/wp-json\/wp\/v2\/types\/product"}],"replies":[{"embeddable":true,"href":"https:\/\/www.regaloperfectobysary.com\/index.php\/wp-json\/wp\/v2\/comments?post=4523"}],"wp:featuredmedia":[{"embeddable":true,"href":"https:\/\/www.regaloperfectobysary.com\/index.php\/wp-json\/wp\/v2\/media\/4513"}],"wp:attachment":[{"href":"https:\/\/www.regaloperfectobysary.com\/index.php\/wp-json\/wp\/v2\/media?parent=4523"}],"wp:term":[{"taxonomy":"product_brand","embeddable":true,"href":"https:\/\/www.regaloperfectobysary.com\/index.php\/wp-json\/wp\/v2\/product_brand?post=4523"},{"taxonomy":"product_cat","embeddable":true,"href":"https:\/\/www.regaloperfectobysary.com\/index.php\/wp-json\/wp\/v2\/product_cat?post=4523"},{"taxonomy":"product_tag","embeddable":true,"href":"https:\/\/www.regaloperfectobysary.com\/index.php\/wp-json\/wp\/v2\/product_tag?post=4523"}],"curies":[{"name":"wp","href":"https:\/\/api.w.org\/{rel}","templated":true}]}}