{"id":4522,"date":"2023-12-12T12:58:33","date_gmt":"2023-12-12T11:58:33","guid":{"rendered":"https:\/\/www.regaloperfectobysary.com\/?post_type=product&#038;p=4522"},"modified":"2024-11-14T22:31:58","modified_gmt":"2024-11-14T21:31:58","slug":"roll-on-aloe-vera-jojoba","status":"publish","type":"product","link":"https:\/\/www.regaloperfectobysary.com\/index.php\/producto\/roll-on-aloe-vera-jojoba\/","title":{"rendered":"Roll On Aloe Vera &#038; Jojoba"},"content":{"rendered":"<p>\ud83c\uddea\ud83c\uddf8 El <strong>Desodorante Aloe Vera y la Jojoba<\/strong>.\u00a0Es posible cuidar tu piel en una zona tan delicada como la axila, gracias a los aceites naturales propios del Aloe Vera y la Jojoba.\u00a0Te aportar\u00e1n un efecto calmante y fresco que ayudan a restaurar el equilibrio de tu piel. Su f\u00f3rmula est\u00e1 libre de Sales de Aluminio.<\/p>\n<p>Te lo recomendamos si: quieres un desodorante en roll on que respete tu piel, libre de Parabenos y Sales de Aluminio y que adem\u00e1s contenga las propiedades naturales del Aloe vera y Jojoba.<\/p>\n<p>\ud83c\uddf5\ud83c\uddf9 O <strong>Desodorizante Aloe Vera e Jojoba. <\/strong>\u00c9 poss\u00edvel cuidar da pele numa zona t\u00e3o delicada como a axila, gra\u00e7as aos \u00f3leos naturais de Aloe Vera e Jojoba. Proporcionar\u00e3o um efeito calmante e fresco que ajuda a restaurar o equil\u00edbrio da tua pele. Sua f\u00f3rmula \u00e9 isenta de Sais de Alum\u00ednio.<\/p>\n<p>Recomendamos se: desejas um desodorizante em roll-on que respeite a tua pele, livre de parabenos e sem sais de alum\u00ednio e que tamb\u00e9m contenha as propriedades naturais de Aloe Vera e Jojoba.<\/p>\n<p>&nbsp;<\/p>\n","protected":false},"excerpt":{"rendered":"<p>\ud83c\uddea\ud83c\uddf8 Es posible cuidar tu piel en una zona tan delicada como la axila, gracias a los aceites naturales propios del Aloe Vera y la Jojoba.<\/p>\n<p>\ud83c\uddf5\ud83c\uddf9 \u00c9 poss\u00edvel cuidar da pele numa zona t\u00e3o delicada como a axila, gra\u00e7as aos \u00f3leos naturais de Aloe Vera e Jojoba.<\/p>\n<p>&nbsp;<\/p>\n","protected":false},"featured_media":4508,"comment_status":"open","ping_status":"closed","template":"","meta":{"_themeisle_gutenberg_block_has_review":false},"product_brand":[],"product_cat":[555,645,639,551],"product_tag":[245],"class_list":{"0":"post-4522","1":"product","2":"type-product","3":"status-publish","4":"has-post-thumbnail","6":"product_cat-cuidado-personal","7":"product_cat-cuidado-personal-hombres","8":"product_cat-hombres","9":"product_cat-spa","10":"product_tag-tulipan-negro","12":"first","13":"onbackorder","14":"sale","15":"taxable","16":"shipping-taxable","17":"purchasable","18":"product-type-simple"},"jetpack_sharing_enabled":true,"_links":{"self":[{"href":"https:\/\/www.regaloperfectobysary.com\/index.php\/wp-json\/wp\/v2\/product\/4522","targetHints":{"allow":["GET"]}}],"collection":[{"href":"https:\/\/www.regaloperfectobysary.com\/index.php\/wp-json\/wp\/v2\/product"}],"about":[{"href":"https:\/\/www.regaloperfectobysary.com\/index.php\/wp-json\/wp\/v2\/types\/product"}],"replies":[{"embeddable":true,"href":"https:\/\/www.regaloperfectobysary.com\/index.php\/wp-json\/wp\/v2\/comments?post=4522"}],"wp:featuredmedia":[{"embeddable":true,"href":"https:\/\/www.regaloperfectobysary.com\/index.php\/wp-json\/wp\/v2\/media\/4508"}],"wp:attachment":[{"href":"https:\/\/www.regaloperfectobysary.com\/index.php\/wp-json\/wp\/v2\/media?parent=4522"}],"wp:term":[{"taxonomy":"product_brand","embeddable":true,"href":"https:\/\/www.regaloperfectobysary.com\/index.php\/wp-json\/wp\/v2\/product_brand?post=4522"},{"taxonomy":"product_cat","embeddable":true,"href":"https:\/\/www.regaloperfectobysary.com\/index.php\/wp-json\/wp\/v2\/product_cat?post=4522"},{"taxonomy":"product_tag","embeddable":true,"href":"https:\/\/www.regaloperfectobysary.com\/index.php\/wp-json\/wp\/v2\/product_tag?post=4522"}],"curies":[{"name":"wp","href":"https:\/\/api.w.org\/{rel}","templated":true}]}}