{"id":4521,"date":"2023-12-12T12:49:01","date_gmt":"2023-12-12T11:49:01","guid":{"rendered":"https:\/\/www.regaloperfectobysary.com\/?post_type=product&#038;p=4521"},"modified":"2024-11-14T12:58:05","modified_gmt":"2024-11-14T11:58:05","slug":"roll-on-algodon-talco","status":"publish","type":"product","link":"https:\/\/www.regaloperfectobysary.com\/index.php\/producto\/roll-on-algodon-talco\/","title":{"rendered":"Roll On Algod\u00f3n &#038; Talco"},"content":{"rendered":"<p>\ud83c\uddea\ud83c\uddf8\u00a0D\u00e9jate mimar con el <strong>Roll On Algod\u00f3n &amp; Talco<\/strong> que aporta m\u00e1xima suavidad y cuidado de tu piel. Su f\u00f3rmula est\u00e1 especialmente indicada para mantener el sudor controlado. Regala a tu piel un gesto de confort y bienestar duradero.<\/p>\n<p>*Te lo recomendamos si: quieres un desodorante en roll on que respete tu piel, libre de Parabenos y que adem\u00e1s contenga las propiedades naturales del Algod\u00f3n y el Talco.<\/p>\n<p>\ud83c\uddf5\ud83c\uddf9 Deixa-te mimar com o <strong>Roll On Algod\u00e3o e Talco<\/strong> que proporciona a m\u00e1xima suavidade e cuidado \u00e0 tua pele. Sua f\u00f3rmula \u00e9 especialmente indicada para manter o suor controlado. Da a tua pele um gesto de conforto e bem-estar duradouro.<\/p>\n<p>*Recomendamos se: pretendes um desodorizante roll-on que respeite a tua pele, livre de Parabenos e que contenha tamb\u00e9m as propriedades naturais do Algod\u00e3o e do Talco.<\/p>\n","protected":false},"excerpt":{"rendered":"<p>\ud83c\uddea\ud83c\uddf8 Regala a tu piel un gesto de confort y bienestar duradero.<\/p>\n<p>\ud83c\uddf5\ud83c\uddf9 Da a tua pele um gesto de conforto e bem-estar duradouro.<\/p>\n","protected":false},"featured_media":4507,"comment_status":"open","ping_status":"closed","template":"","meta":{"_themeisle_gutenberg_block_has_review":false},"product_brand":[],"product_cat":[555,645,639,551],"product_tag":[245],"class_list":{"0":"post-4521","1":"product","2":"type-product","3":"status-publish","4":"has-post-thumbnail","6":"product_cat-cuidado-personal","7":"product_cat-cuidado-personal-hombres","8":"product_cat-hombres","9":"product_cat-spa","10":"product_tag-tulipan-negro","12":"first","13":"onbackorder","14":"sale","15":"taxable","16":"shipping-taxable","17":"purchasable","18":"product-type-simple"},"jetpack_sharing_enabled":true,"_links":{"self":[{"href":"https:\/\/www.regaloperfectobysary.com\/index.php\/wp-json\/wp\/v2\/product\/4521","targetHints":{"allow":["GET"]}}],"collection":[{"href":"https:\/\/www.regaloperfectobysary.com\/index.php\/wp-json\/wp\/v2\/product"}],"about":[{"href":"https:\/\/www.regaloperfectobysary.com\/index.php\/wp-json\/wp\/v2\/types\/product"}],"replies":[{"embeddable":true,"href":"https:\/\/www.regaloperfectobysary.com\/index.php\/wp-json\/wp\/v2\/comments?post=4521"}],"wp:featuredmedia":[{"embeddable":true,"href":"https:\/\/www.regaloperfectobysary.com\/index.php\/wp-json\/wp\/v2\/media\/4507"}],"wp:attachment":[{"href":"https:\/\/www.regaloperfectobysary.com\/index.php\/wp-json\/wp\/v2\/media?parent=4521"}],"wp:term":[{"taxonomy":"product_brand","embeddable":true,"href":"https:\/\/www.regaloperfectobysary.com\/index.php\/wp-json\/wp\/v2\/product_brand?post=4521"},{"taxonomy":"product_cat","embeddable":true,"href":"https:\/\/www.regaloperfectobysary.com\/index.php\/wp-json\/wp\/v2\/product_cat?post=4521"},{"taxonomy":"product_tag","embeddable":true,"href":"https:\/\/www.regaloperfectobysary.com\/index.php\/wp-json\/wp\/v2\/product_tag?post=4521"}],"curies":[{"name":"wp","href":"https:\/\/api.w.org\/{rel}","templated":true}]}}