{"id":4520,"date":"2023-12-12T12:42:03","date_gmt":"2023-12-12T11:42:03","guid":{"rendered":"https:\/\/www.regaloperfectobysary.com\/?post_type=product&#038;p=4520"},"modified":"2024-11-14T12:57:38","modified_gmt":"2024-11-14T11:57:38","slug":"roll-on-original","status":"publish","type":"product","link":"https:\/\/www.regaloperfectobysary.com\/index.php\/producto\/roll-on-original\/","title":{"rendered":"Roll On Original"},"content":{"rendered":"<p>\ud83c\uddea\ud83c\uddf8 El <strong>Desodorante Roll On Original<\/strong> en un formato c\u00f3modo y con la fragancia de toda la vida. Contiene la f\u00f3rmula perfecta con ingredientes escogidos con mucho cari\u00f1o. Adem\u00e1s, su emulsi\u00f3n ayuda a neutralizar el olor.<\/p>\n<p>\ud83c\uddf5\ud83c\uddf9 O <strong>Desodorizante Roll-On Original<\/strong> num formato confort\u00e1vel e com a fragr\u00e2ncia de toda a vida. Cont\u00e9m a f\u00f3rmula perfeita com ingredientes escolhidos com amor. Al\u00e9m disso, sua emuls\u00e3o ajuda a neutralizar o odor.<\/p>\n<p>&nbsp;<\/p>\n","protected":false},"excerpt":{"rendered":"<p>\ud83c\uddea\ud83c\uddf8 Desodorante formato Roll On, antitranspirante, dermatol\u00f3gicamente probado para ser efectivo en el sudor y suave en la piel, manteni\u00e9ndola seca y fresca.<\/p>\n<p>\ud83c\uddf5\ud83c\uddf9 Desodorante Roll On, antitranspirante, dermatologicamente testado para ser eficaz no suor e suave na pele, mantendo-a seca e fresca.<\/p>\n<p>&nbsp;<\/p>\n","protected":false},"featured_media":4515,"comment_status":"open","ping_status":"closed","template":"","meta":{"_themeisle_gutenberg_block_has_review":false},"product_brand":[],"product_cat":[555,645,639,551],"product_tag":[245],"class_list":{"0":"post-4520","1":"product","2":"type-product","3":"status-publish","4":"has-post-thumbnail","6":"product_cat-cuidado-personal","7":"product_cat-cuidado-personal-hombres","8":"product_cat-hombres","9":"product_cat-spa","10":"product_tag-tulipan-negro","12":"first","13":"onbackorder","14":"sale","15":"taxable","16":"shipping-taxable","17":"purchasable","18":"product-type-simple"},"jetpack_sharing_enabled":true,"_links":{"self":[{"href":"https:\/\/www.regaloperfectobysary.com\/index.php\/wp-json\/wp\/v2\/product\/4520","targetHints":{"allow":["GET"]}}],"collection":[{"href":"https:\/\/www.regaloperfectobysary.com\/index.php\/wp-json\/wp\/v2\/product"}],"about":[{"href":"https:\/\/www.regaloperfectobysary.com\/index.php\/wp-json\/wp\/v2\/types\/product"}],"replies":[{"embeddable":true,"href":"https:\/\/www.regaloperfectobysary.com\/index.php\/wp-json\/wp\/v2\/comments?post=4520"}],"wp:featuredmedia":[{"embeddable":true,"href":"https:\/\/www.regaloperfectobysary.com\/index.php\/wp-json\/wp\/v2\/media\/4515"}],"wp:attachment":[{"href":"https:\/\/www.regaloperfectobysary.com\/index.php\/wp-json\/wp\/v2\/media?parent=4520"}],"wp:term":[{"taxonomy":"product_brand","embeddable":true,"href":"https:\/\/www.regaloperfectobysary.com\/index.php\/wp-json\/wp\/v2\/product_brand?post=4520"},{"taxonomy":"product_cat","embeddable":true,"href":"https:\/\/www.regaloperfectobysary.com\/index.php\/wp-json\/wp\/v2\/product_cat?post=4520"},{"taxonomy":"product_tag","embeddable":true,"href":"https:\/\/www.regaloperfectobysary.com\/index.php\/wp-json\/wp\/v2\/product_tag?post=4520"}],"curies":[{"name":"wp","href":"https:\/\/api.w.org\/{rel}","templated":true}]}}