{"id":4506,"date":"2023-12-12T12:15:11","date_gmt":"2023-12-12T11:15:11","guid":{"rendered":"https:\/\/www.regaloperfectobysary.com\/?post_type=product&#038;p=4506"},"modified":"2024-11-14T12:23:18","modified_gmt":"2024-11-14T11:23:18","slug":"roll-on-fresa-cereza","status":"publish","type":"product","link":"https:\/\/www.regaloperfectobysary.com\/index.php\/producto\/roll-on-fresa-cereza\/","title":{"rendered":"Roll On Fresa &#038; Cereza"},"content":{"rendered":"<p>\ud83c\uddea\ud83c\uddf8 El <strong>Roll On Fresa &amp; Cereza<\/strong> es un desodorante antitranspirante dise\u00f1ado para mantener el sudor controlado, que har\u00e1 despreocuparte del mal olor o el sudor, durante todo el d\u00eda. Perfumado con una exquisita fragancia dulce, con ciertos toques rebeldes y picantes procedentes de la cereza.<\/p>\n<p>\ud83c\uddf5\ud83c\uddf9\u00a0O <strong>Roll On Morango &amp; Cereja<\/strong> \u00e9 um desodorante antitranspirante desenvolvido para manter o suor sob controle, fazendo com que n\u00e3o te preocupes com mau odor ou suor o dia todo. Perfumado com uma fragr\u00e2ncia doce requintada, com certos toques rebeldes e picantes da cereja.<\/p>\n<p>&nbsp;<\/p>\n","protected":false},"excerpt":{"rendered":"<p>\ud83c\uddea\ud83c\uddf8 Desodorante formato Roll On, antitranspirante, dermatol\u00f3gicamente probado para ser efectivo en el sudor y suave en la piel, manteni\u00e9ndola seca y fresca.<\/p>\n<p>\ud83c\uddf5\ud83c\uddf9 Desodorante Roll On, antitranspirante, dermatologicamente testado para ser eficaz no suor e suave na pele, mantendo-a seca e fresca.<\/p>\n<p>&nbsp;<\/p>\n","protected":false},"featured_media":4510,"comment_status":"open","ping_status":"closed","template":"","meta":{"_themeisle_gutenberg_block_has_review":false},"product_brand":[],"product_cat":[555,551],"product_tag":[245],"class_list":{"0":"post-4506","1":"product","2":"type-product","3":"status-publish","4":"has-post-thumbnail","6":"product_cat-cuidado-personal","7":"product_cat-spa","8":"product_tag-tulipan-negro","10":"first","11":"onbackorder","12":"sale","13":"taxable","14":"shipping-taxable","15":"purchasable","16":"product-type-simple"},"jetpack_sharing_enabled":true,"_links":{"self":[{"href":"https:\/\/www.regaloperfectobysary.com\/index.php\/wp-json\/wp\/v2\/product\/4506","targetHints":{"allow":["GET"]}}],"collection":[{"href":"https:\/\/www.regaloperfectobysary.com\/index.php\/wp-json\/wp\/v2\/product"}],"about":[{"href":"https:\/\/www.regaloperfectobysary.com\/index.php\/wp-json\/wp\/v2\/types\/product"}],"replies":[{"embeddable":true,"href":"https:\/\/www.regaloperfectobysary.com\/index.php\/wp-json\/wp\/v2\/comments?post=4506"}],"wp:featuredmedia":[{"embeddable":true,"href":"https:\/\/www.regaloperfectobysary.com\/index.php\/wp-json\/wp\/v2\/media\/4510"}],"wp:attachment":[{"href":"https:\/\/www.regaloperfectobysary.com\/index.php\/wp-json\/wp\/v2\/media?parent=4506"}],"wp:term":[{"taxonomy":"product_brand","embeddable":true,"href":"https:\/\/www.regaloperfectobysary.com\/index.php\/wp-json\/wp\/v2\/product_brand?post=4506"},{"taxonomy":"product_cat","embeddable":true,"href":"https:\/\/www.regaloperfectobysary.com\/index.php\/wp-json\/wp\/v2\/product_cat?post=4506"},{"taxonomy":"product_tag","embeddable":true,"href":"https:\/\/www.regaloperfectobysary.com\/index.php\/wp-json\/wp\/v2\/product_tag?post=4506"}],"curies":[{"name":"wp","href":"https:\/\/api.w.org\/{rel}","templated":true}]}}