{"id":4432,"date":"2025-03-08T00:00:02","date_gmt":"2025-03-07T23:00:02","guid":{"rendered":"https:\/\/www.regaloperfectobysary.com\/?post_type=product&#038;p=4432"},"modified":"2025-06-03T21:23:41","modified_gmt":"2025-06-03T19:23:41","slug":"delineadores-glow-neon","status":"publish","type":"product","link":"https:\/\/www.regaloperfectobysary.com\/index.php\/producto\/delineadores-glow-neon\/","title":{"rendered":"Delineadores Glow Ne\u00f3n"},"content":{"rendered":"<p><span class=\"a-list-item\">Eye Liner Glow. La diversi\u00f3n a\u00f1adida de la magia fluorescente de estos delineadores para ojos llamar\u00e1n la atenci\u00f3n de todos.<\/span><\/p>\n<p><span class=\"a-list-item\">Los 8 colores superintensos brillan con luz de ne\u00f3n durante el d\u00eda y un resplandor impresionante bajo la luz ultravioleta y la luz negra, impresionante!<\/span><\/p>\n<p><span class=\"a-list-item\">Calidad Premium, con una f\u00f3rmula altamente pigmentada. Puedes crear looks de larga duraci\u00f3n con colores vibrantes que son perfectos para a\u00f1adir color ne\u00f3n brillante a festivales, discotecas, disfraces, producciones esc\u00e9nicas, fiestas, en cualquier lugar donde quieras destacar.<\/span><\/p>\n<p><span class=\"a-list-item\">El dilema es poder quedarse con solo un delineador.<\/span><\/p>\n<p><span class=\"a-list-item\">*Se aplican f\u00e1cilmente usando el aplicador de cepillo dentro del tubo para una definici\u00f3n y recubrimiento perfectos de la linea del ojo. Para eliminarlo, simplemente utiliza toallitas desmaquillantes.<\/span><\/p>\n","protected":false},"excerpt":{"rendered":"<p><span class=\"a-list-item\">8 Colores s\u00faper intensos que brillan con luz de ne\u00f3n. Una fantas\u00eda!<\/span><\/p>\n<p>( Packs D\u00fao: <a href=\"https:\/\/www.regaloperfectobysary.com\/index.php\/producto\/duo-glow-neon\/\" target=\"_blank\" rel=\"noopener\">Delineadores Glow + M\u00e1scaras de Pesta\u00f1as Glow<\/a> ).<\/p>\n","protected":false},"featured_media":4433,"comment_status":"open","ping_status":"closed","template":"","meta":{"_themeisle_gutenberg_block_has_review":false},"product_brand":[651],"product_cat":[520,525],"product_tag":[],"class_list":{"0":"post-4432","1":"product","2":"type-product","3":"status-publish","4":"has-post-thumbnail","6":"product_brand-ddonna","7":"product_cat-maquillaje","8":"product_cat-ojos","10":"first","11":"instock","12":"taxable","13":"shipping-taxable","14":"purchasable","15":"product-type-variable"},"jetpack_sharing_enabled":true,"_links":{"self":[{"href":"https:\/\/www.regaloperfectobysary.com\/index.php\/wp-json\/wp\/v2\/product\/4432","targetHints":{"allow":["GET"]}}],"collection":[{"href":"https:\/\/www.regaloperfectobysary.com\/index.php\/wp-json\/wp\/v2\/product"}],"about":[{"href":"https:\/\/www.regaloperfectobysary.com\/index.php\/wp-json\/wp\/v2\/types\/product"}],"replies":[{"embeddable":true,"href":"https:\/\/www.regaloperfectobysary.com\/index.php\/wp-json\/wp\/v2\/comments?post=4432"}],"wp:featuredmedia":[{"embeddable":true,"href":"https:\/\/www.regaloperfectobysary.com\/index.php\/wp-json\/wp\/v2\/media\/4433"}],"wp:attachment":[{"href":"https:\/\/www.regaloperfectobysary.com\/index.php\/wp-json\/wp\/v2\/media?parent=4432"}],"wp:term":[{"taxonomy":"product_brand","embeddable":true,"href":"https:\/\/www.regaloperfectobysary.com\/index.php\/wp-json\/wp\/v2\/product_brand?post=4432"},{"taxonomy":"product_cat","embeddable":true,"href":"https:\/\/www.regaloperfectobysary.com\/index.php\/wp-json\/wp\/v2\/product_cat?post=4432"},{"taxonomy":"product_tag","embeddable":true,"href":"https:\/\/www.regaloperfectobysary.com\/index.php\/wp-json\/wp\/v2\/product_tag?post=4432"}],"curies":[{"name":"wp","href":"https:\/\/api.w.org\/{rel}","templated":true}]}}