{"id":4409,"date":"2024-11-11T22:44:41","date_gmt":"2024-11-11T21:44:41","guid":{"rendered":"https:\/\/www.regaloperfectobysary.com\/?post_type=product&#038;p=4409"},"modified":"2024-11-11T22:59:39","modified_gmt":"2024-11-11T21:59:39","slug":"gel-cejas-caramelo","status":"publish","type":"product","link":"https:\/\/www.regaloperfectobysary.com\/index.php\/producto\/gel-cejas-caramelo\/","title":{"rendered":"Gel Cejas 1 Caramelo"},"content":{"rendered":"<p>\ud83c\uddea\ud83c\uddf8 Con esta m\u00e1scara de cejas en tono caramelo, podr\u00e1s rellenar, definir y engruesarla tus cejas pelo a pelo de forma f\u00e1cil y sencilla, aportando un acabado natural a tu rostro durante todo el d\u00eda gracias a su larga duraci\u00f3n de 16 horas..<\/p>\n<p>\ud83c\uddf5\ud83c\uddf9 Com esta m\u00e1scara para sobrancelhas em tom caramelo poder\u00e1s preencher, definir e engrossar as sobrancelhas fio a fio de forma f\u00e1cil e simples, proporcionando um acabamento natural ao rosto ao longo do dia gra\u00e7as \u00e0 sua longa dura\u00e7\u00e3o de 16 horas..<\/p>\n<p>&nbsp;<\/p>\n","protected":false},"excerpt":{"rendered":"<p>\ud83c\uddea\ud83c\uddf8 Con esta m\u00e1scara de cejas en tono caramelo, podr\u00e1s rellenar, definir y engruesarla tus cejas pelo a pelo de forma f\u00e1cil y sencilla, aportando un acabado natural a tu rostro durante todo el d\u00eda gracias a su larga duraci\u00f3n de 16 horas..<\/p>\n<p>\ud83c\uddf5\ud83c\uddf9 Com esta m\u00e1scara para sobrancelhas em tom caramelo poder\u00e1s preencher, definir e engrossar as sobrancelhas fio a fio de forma f\u00e1cil e simples, proporcionando um acabamento natural ao rosto ao longo do dia gra\u00e7as \u00e0 sua longa dura\u00e7\u00e3o de 16 horas..<\/p>\n<p>&nbsp;<\/p>\n","protected":false},"featured_media":4405,"comment_status":"open","ping_status":"closed","template":"","meta":{"_themeisle_gutenberg_block_has_review":false},"product_brand":[],"product_cat":[527,520],"product_tag":[239],"class_list":{"0":"post-4409","1":"product","2":"type-product","3":"status-publish","4":"has-post-thumbnail","6":"product_cat-cejas","7":"product_cat-maquillaje","8":"product_tag-ddonna","10":"first","11":"instock","12":"taxable","13":"shipping-taxable","14":"purchasable","15":"product-type-simple"},"jetpack_sharing_enabled":true,"_links":{"self":[{"href":"https:\/\/www.regaloperfectobysary.com\/index.php\/wp-json\/wp\/v2\/product\/4409","targetHints":{"allow":["GET"]}}],"collection":[{"href":"https:\/\/www.regaloperfectobysary.com\/index.php\/wp-json\/wp\/v2\/product"}],"about":[{"href":"https:\/\/www.regaloperfectobysary.com\/index.php\/wp-json\/wp\/v2\/types\/product"}],"replies":[{"embeddable":true,"href":"https:\/\/www.regaloperfectobysary.com\/index.php\/wp-json\/wp\/v2\/comments?post=4409"}],"wp:featuredmedia":[{"embeddable":true,"href":"https:\/\/www.regaloperfectobysary.com\/index.php\/wp-json\/wp\/v2\/media\/4405"}],"wp:attachment":[{"href":"https:\/\/www.regaloperfectobysary.com\/index.php\/wp-json\/wp\/v2\/media?parent=4409"}],"wp:term":[{"taxonomy":"product_brand","embeddable":true,"href":"https:\/\/www.regaloperfectobysary.com\/index.php\/wp-json\/wp\/v2\/product_brand?post=4409"},{"taxonomy":"product_cat","embeddable":true,"href":"https:\/\/www.regaloperfectobysary.com\/index.php\/wp-json\/wp\/v2\/product_cat?post=4409"},{"taxonomy":"product_tag","embeddable":true,"href":"https:\/\/www.regaloperfectobysary.com\/index.php\/wp-json\/wp\/v2\/product_tag?post=4409"}],"curies":[{"name":"wp","href":"https:\/\/api.w.org\/{rel}","templated":true}]}}