{"id":4315,"date":"2025-04-15T00:00:41","date_gmt":"2025-04-14T22:00:41","guid":{"rendered":"https:\/\/www.regaloperfectobysary.com\/?post_type=product&#038;p=4315"},"modified":"2025-05-06T10:28:52","modified_gmt":"2025-05-06T08:28:52","slug":"pack-carbon-activado","status":"publish","type":"product","link":"https:\/\/www.regaloperfectobysary.com\/index.php\/producto\/pack-carbon-activado\/","title":{"rendered":"Pack Carb\u00f3n Activado"},"content":{"rendered":"<p>Descubre el poder del carb\u00f3n activado con las <strong>Toallitas Desmaquillantes de Ushas.<\/strong><\/p>\n<p>Limpian y purifican la piel en un solo paso, eliminando el maquillaje y las impurezas de manera efectiva.<\/p>\n<p>El paquete trae una tapa para mantener la humedad de las toallitas restantes.<\/p>\n<p>Ideales para su uso diario.<\/p>\n<p>Junto a la <strong>Mascarilla Facial hidratante en Stick<\/strong> (formato barra) <strong>de Cosmi<\/strong>. F\u00f3rmula enriquecida con extracto de t\u00e9 verde de acci\u00f3n hidratante. Desde el primer uso, tu piel lucir\u00e1 naturalmente m\u00e1s luminosa.<\/p>\n<p>Se utiliza aplicando\u00a0una capa de producto sobre el rostro directamente desde la barra, evitando la zona del contorno de ojos. Dejar actuar de 15 a 20 minutos y luego retirar con agua tibia.<\/p>\n","protected":false},"excerpt":{"rendered":"<p>Este pack elimina el maquillaje y las impurezas del rostro de manera efectiva.<\/p>\n","protected":false},"featured_media":5427,"comment_status":"open","ping_status":"closed","template":"","meta":{"_themeisle_gutenberg_block_has_review":false},"product_brand":[649,664],"product_cat":[599,551],"product_tag":[],"class_list":{"0":"post-4315","1":"product","2":"type-product","3":"status-publish","4":"has-post-thumbnail","6":"product_brand-cosmi","7":"product_brand-ushas","8":"product_cat-rutina-facial","9":"product_cat-spa","11":"first","12":"instock","13":"taxable","14":"shipping-taxable","15":"purchasable","16":"product-type-simple"},"jetpack_sharing_enabled":true,"_links":{"self":[{"href":"https:\/\/www.regaloperfectobysary.com\/index.php\/wp-json\/wp\/v2\/product\/4315","targetHints":{"allow":["GET"]}}],"collection":[{"href":"https:\/\/www.regaloperfectobysary.com\/index.php\/wp-json\/wp\/v2\/product"}],"about":[{"href":"https:\/\/www.regaloperfectobysary.com\/index.php\/wp-json\/wp\/v2\/types\/product"}],"replies":[{"embeddable":true,"href":"https:\/\/www.regaloperfectobysary.com\/index.php\/wp-json\/wp\/v2\/comments?post=4315"}],"wp:featuredmedia":[{"embeddable":true,"href":"https:\/\/www.regaloperfectobysary.com\/index.php\/wp-json\/wp\/v2\/media\/5427"}],"wp:attachment":[{"href":"https:\/\/www.regaloperfectobysary.com\/index.php\/wp-json\/wp\/v2\/media?parent=4315"}],"wp:term":[{"taxonomy":"product_brand","embeddable":true,"href":"https:\/\/www.regaloperfectobysary.com\/index.php\/wp-json\/wp\/v2\/product_brand?post=4315"},{"taxonomy":"product_cat","embeddable":true,"href":"https:\/\/www.regaloperfectobysary.com\/index.php\/wp-json\/wp\/v2\/product_cat?post=4315"},{"taxonomy":"product_tag","embeddable":true,"href":"https:\/\/www.regaloperfectobysary.com\/index.php\/wp-json\/wp\/v2\/product_tag?post=4315"}],"curies":[{"name":"wp","href":"https:\/\/api.w.org\/{rel}","templated":true}]}}