{"id":4250,"date":"2024-11-13T13:00:06","date_gmt":"2024-11-13T12:00:06","guid":{"rendered":"https:\/\/www.regaloperfectobysary.com\/?post_type=product&#038;p=4250"},"modified":"2025-02-14T22:46:56","modified_gmt":"2025-02-14T21:46:56","slug":"xmas-set-4-productos","status":"publish","type":"product","link":"https:\/\/www.regaloperfectobysary.com\/index.php\/producto\/xmas-set-4-productos\/","title":{"rendered":"XMAS Set 4 Productos"},"content":{"rendered":"<p>\ud83c\uddea\ud83c\uddf8 Podr\u00e1s quedarte con solo uno se estos sets?:<\/p>\n<p>*El Set Cometa (verde &amp; rosa) est\u00e1 compuesto por: Un \u00c1rbol de Navidad (b\u00e1lsamo labial de cereza), un exfoliante para labios de coco con su aplicador en una bolsita verde, unas toallitas desmaquillantes de Aloe Vera y un Body Mist de Rosas. Lo mejor de todo, regalando este Set Cometa estar\u00e1s esparciendo delicadeza y magia como la que trae Papa Noel.<\/p>\n<p>*Set Cupido (azul &amp; rojo) est\u00e1 compuesto por: Un Pap\u00e1 Noel (b\u00e1lsamo labial de coco), un exfoliante para labios de fresa con su aplicador en una bolsita roja, unas toallitas desmaquillantes de Sand\u00eda y un Body Mist de Sandia. Lo mejor de todo, regalando este Set Cupido estar\u00e1s esparciendo amor y bienestar como la que trae Papa Noel.<\/p>\n<p>*Set Rodolfo (amarillo &amp; verde) est\u00e1 compuesto por: Un Reno (b\u00e1lsamo labial de Malvavisco), un exfoliante para labios de Vainilla con su aplicador en una bolsita amarilla, unas toallitas desmaquillantes de Pomelo y un Body Mist de Pi\u00f1a. Lo mejor de todo, regalando este Set Rodolfo estar\u00e1s esparciendo uni\u00f3n y alegr\u00eda como la que trae Papa Noel.<\/p>\n<p>*Set Trueno (morado &amp; rosa) est\u00e1 compuesto por: Un Mu\u00f1eco de Nieve (b\u00e1lsamo labial de Uva), un exfoliante para labios de mora con su aplicador en una bolsita morada, unas toallitas desmaquillantes de Rosas y un Body Mist de Lavanda. Lo mejor de todo, regalando este Set Trueno estar\u00e1s esparciendo ilusi\u00f3n y felicidad como la que trae Papa Noel.<\/p>\n","protected":false},"excerpt":{"rendered":"<p>\ud83c\uddea\ud83c\uddf8 El Set Cometa = Delicadeza &amp; Magia | Set Cupido = Amor &amp; Bienestar | Set Rodolfo Uni\u00f3n &amp; Alegr\u00eda | Set Trueno= Ilusi\u00f3n &amp; Felicidad.<\/p>\n","protected":false},"featured_media":4251,"comment_status":"open","ping_status":"closed","template":"","meta":{"_themeisle_gutenberg_block_has_review":false},"product_brand":[],"product_cat":[561,492,523,493,599],"product_tag":[633,239,634,241],"class_list":{"0":"post-4250","1":"product","2":"type-product","3":"status-publish","4":"has-post-thumbnail","6":"product_cat-brumas-corporales","7":"product_cat-fechas-magicas","8":"product_cat-labios","9":"product_cat-navidad-reyes","10":"product_cat-rutina-facial","11":"product_tag-cosmi","12":"product_tag-ddonna","13":"product_tag-sas","14":"product_tag-sence","16":"first","17":"instock","18":"sale","19":"taxable","20":"shipping-taxable","21":"purchasable","22":"product-type-variable"},"jetpack_sharing_enabled":true,"_links":{"self":[{"href":"https:\/\/www.regaloperfectobysary.com\/index.php\/wp-json\/wp\/v2\/product\/4250","targetHints":{"allow":["GET"]}}],"collection":[{"href":"https:\/\/www.regaloperfectobysary.com\/index.php\/wp-json\/wp\/v2\/product"}],"about":[{"href":"https:\/\/www.regaloperfectobysary.com\/index.php\/wp-json\/wp\/v2\/types\/product"}],"replies":[{"embeddable":true,"href":"https:\/\/www.regaloperfectobysary.com\/index.php\/wp-json\/wp\/v2\/comments?post=4250"}],"wp:featuredmedia":[{"embeddable":true,"href":"https:\/\/www.regaloperfectobysary.com\/index.php\/wp-json\/wp\/v2\/media\/4251"}],"wp:attachment":[{"href":"https:\/\/www.regaloperfectobysary.com\/index.php\/wp-json\/wp\/v2\/media?parent=4250"}],"wp:term":[{"taxonomy":"product_brand","embeddable":true,"href":"https:\/\/www.regaloperfectobysary.com\/index.php\/wp-json\/wp\/v2\/product_brand?post=4250"},{"taxonomy":"product_cat","embeddable":true,"href":"https:\/\/www.regaloperfectobysary.com\/index.php\/wp-json\/wp\/v2\/product_cat?post=4250"},{"taxonomy":"product_tag","embeddable":true,"href":"https:\/\/www.regaloperfectobysary.com\/index.php\/wp-json\/wp\/v2\/product_tag?post=4250"}],"curies":[{"name":"wp","href":"https:\/\/api.w.org\/{rel}","templated":true}]}}