{"id":4239,"date":"2024-11-12T12:00:56","date_gmt":"2024-11-12T11:00:56","guid":{"rendered":"https:\/\/www.regaloperfectobysary.com\/?post_type=product&#038;p=4239"},"modified":"2025-02-12T10:37:20","modified_gmt":"2025-02-12T09:37:20","slug":"xmas-set-balsamo-scrub-lip","status":"publish","type":"product","link":"https:\/\/www.regaloperfectobysary.com\/index.php\/producto\/xmas-set-balsamo-scrub-lip\/","title":{"rendered":"XMAS Set B\u00e1lsamo + Scrub Labios"},"content":{"rendered":"<p>\ud83c\uddea\ud83c\uddf8 Sorprende con uno de estos mini sets de protecci\u00f3n para los labios en Navidad o Reyes (para un amigo invisible es una opci\u00f3n perfecta):<\/p>\n<p>*Bolsita Verde: B\u00e1lsamo labial de \u00c1rbol de Navidad + Exfoliante labial de Coco con Aplicador.<\/p>\n<p>*Bolsita Roja: B\u00e1lsamo labial de Pap\u00e1 Noel + Exfoliante labial de Fresa con Aplicador.<\/p>\n<p>*Bolsita Amarilla: B\u00e1lsamo labial de Reno + Exfoliante labial de Vainilla con Aplicador.<\/p>\n<p>*Bolsita Blanca: B\u00e1lsamo labial de Mu\u00f1eco Nieve + Exfoliante labial de Mora con Aplicador.<\/p>\n<p>&nbsp;<\/p>\n","protected":false},"excerpt":{"rendered":"<p>\ud83c\uddea\ud83c\uddf8 Mini Sets de Protecci\u00f3n Labial formato navide\u00f1o (B\u00e1lsamo Labial + Exfoliante Labial con Aplicador).<\/p>\n","protected":false},"featured_media":4240,"comment_status":"open","ping_status":"closed","template":"","meta":{"_themeisle_gutenberg_block_has_review":false},"product_brand":[],"product_cat":[492,523,493],"product_tag":[633,239],"class_list":{"0":"post-4239","1":"product","2":"type-product","3":"status-publish","4":"has-post-thumbnail","6":"product_cat-fechas-magicas","7":"product_cat-labios","8":"product_cat-navidad-reyes","9":"product_tag-cosmi","10":"product_tag-ddonna","12":"first","13":"instock","14":"sale","15":"taxable","16":"shipping-taxable","17":"purchasable","18":"product-type-variable"},"jetpack_sharing_enabled":true,"_links":{"self":[{"href":"https:\/\/www.regaloperfectobysary.com\/index.php\/wp-json\/wp\/v2\/product\/4239","targetHints":{"allow":["GET"]}}],"collection":[{"href":"https:\/\/www.regaloperfectobysary.com\/index.php\/wp-json\/wp\/v2\/product"}],"about":[{"href":"https:\/\/www.regaloperfectobysary.com\/index.php\/wp-json\/wp\/v2\/types\/product"}],"replies":[{"embeddable":true,"href":"https:\/\/www.regaloperfectobysary.com\/index.php\/wp-json\/wp\/v2\/comments?post=4239"}],"wp:featuredmedia":[{"embeddable":true,"href":"https:\/\/www.regaloperfectobysary.com\/index.php\/wp-json\/wp\/v2\/media\/4240"}],"wp:attachment":[{"href":"https:\/\/www.regaloperfectobysary.com\/index.php\/wp-json\/wp\/v2\/media?parent=4239"}],"wp:term":[{"taxonomy":"product_brand","embeddable":true,"href":"https:\/\/www.regaloperfectobysary.com\/index.php\/wp-json\/wp\/v2\/product_brand?post=4239"},{"taxonomy":"product_cat","embeddable":true,"href":"https:\/\/www.regaloperfectobysary.com\/index.php\/wp-json\/wp\/v2\/product_cat?post=4239"},{"taxonomy":"product_tag","embeddable":true,"href":"https:\/\/www.regaloperfectobysary.com\/index.php\/wp-json\/wp\/v2\/product_tag?post=4239"}],"curies":[{"name":"wp","href":"https:\/\/api.w.org\/{rel}","templated":true}]}}