{"id":4237,"date":"2024-11-12T12:10:28","date_gmt":"2024-11-12T11:10:28","guid":{"rendered":"https:\/\/www.regaloperfectobysary.com\/?post_type=product&#038;p=4237"},"modified":"2025-06-03T20:56:23","modified_gmt":"2025-06-03T18:56:23","slug":"balsamo-labial-muneco-nieve","status":"publish","type":"product","link":"https:\/\/www.regaloperfectobysary.com\/index.php\/producto\/balsamo-labial-muneco-nieve\/","title":{"rendered":"B\u00e1lsamo Labial XMAS Mu\u00f1eco Nieve"},"content":{"rendered":"<p>Un b\u00e1lsamo hidratante para los labios en formato Mu\u00f1eco de Nieve con aroma a Uva.<\/p>\n<p>Ideal tanto para regalar como para uso propio.<\/p>\n<p>&nbsp;<\/p>\n","protected":false},"excerpt":{"rendered":"<p>Un b\u00e1lsamo hidratante para los labios en formato Mu\u00f1eco de Nieve con aroma a Uva.<\/p>\n","protected":false},"featured_media":4233,"comment_status":"open","ping_status":"closed","template":"","meta":{"_themeisle_gutenberg_block_has_review":false},"product_brand":[],"product_cat":[492,493],"product_tag":[633],"class_list":{"0":"post-4237","1":"product","2":"type-product","3":"status-publish","4":"has-post-thumbnail","6":"product_cat-fechas-magicas","7":"product_cat-navidad-reyes","8":"product_tag-cosmi","10":"first","11":"instock","12":"taxable","13":"shipping-taxable","14":"purchasable","15":"product-type-simple"},"jetpack_sharing_enabled":true,"_links":{"self":[{"href":"https:\/\/www.regaloperfectobysary.com\/index.php\/wp-json\/wp\/v2\/product\/4237","targetHints":{"allow":["GET"]}}],"collection":[{"href":"https:\/\/www.regaloperfectobysary.com\/index.php\/wp-json\/wp\/v2\/product"}],"about":[{"href":"https:\/\/www.regaloperfectobysary.com\/index.php\/wp-json\/wp\/v2\/types\/product"}],"replies":[{"embeddable":true,"href":"https:\/\/www.regaloperfectobysary.com\/index.php\/wp-json\/wp\/v2\/comments?post=4237"}],"wp:featuredmedia":[{"embeddable":true,"href":"https:\/\/www.regaloperfectobysary.com\/index.php\/wp-json\/wp\/v2\/media\/4233"}],"wp:attachment":[{"href":"https:\/\/www.regaloperfectobysary.com\/index.php\/wp-json\/wp\/v2\/media?parent=4237"}],"wp:term":[{"taxonomy":"product_brand","embeddable":true,"href":"https:\/\/www.regaloperfectobysary.com\/index.php\/wp-json\/wp\/v2\/product_brand?post=4237"},{"taxonomy":"product_cat","embeddable":true,"href":"https:\/\/www.regaloperfectobysary.com\/index.php\/wp-json\/wp\/v2\/product_cat?post=4237"},{"taxonomy":"product_tag","embeddable":true,"href":"https:\/\/www.regaloperfectobysary.com\/index.php\/wp-json\/wp\/v2\/product_tag?post=4237"}],"curies":[{"name":"wp","href":"https:\/\/api.w.org\/{rel}","templated":true}]}}