{"id":4219,"date":"2024-11-17T00:10:51","date_gmt":"2024-11-16T23:10:51","guid":{"rendered":"https:\/\/www.regaloperfectobysary.com\/?post_type=product&#038;p=4219"},"modified":"2025-02-12T10:28:18","modified_gmt":"2025-02-12T09:28:18","slug":"jabon-manos-arbol-navidad","status":"publish","type":"product","link":"https:\/\/www.regaloperfectobysary.com\/index.php\/producto\/jabon-manos-arbol-navidad\/","title":{"rendered":"Jab\u00f3n Manos \u00c1rbol Navidad"},"content":{"rendered":"<p>\ud83c\uddea\ud83c\uddf8 Jab\u00f3n de manos en un dispensador de \u00e1rbol de Navidad reutilizable. Con fragancia de vainilla y almendra. Ideal para regalar en \u00e9poca de Navidad, incluso decorar nuestro propio ba\u00f1o.<\/p>\n<p>\ud83c\uddf5\ud83c\uddf9 Sabonete para as m\u00e3os num dispensador reutiliz\u00e1vel de \u00e1rvore de Natal. Com fragr\u00e2ncia a baunilha e am\u00eandoa. Ideal para oferecer na \u00e9poca do Natal, at\u00e9 mesmo para decorar a nossa pr\u00f3pria casa de banho.<\/p>\n","protected":false},"excerpt":{"rendered":"<p>\ud83c\uddea\ud83c\uddf8 Jab\u00f3n de manos en un dispensador de \u00e1rbol de Navidad reutilizable. Con fragancia de vainilla y almendra.<\/p>\n<p>\ud83c\uddf5\ud83c\uddf9 Sabonete para as m\u00e3os num dispensador reutiliz\u00e1vel de \u00e1rvore de Natal. Com fragr\u00e2ncia a baunilha e am\u00eandoa.<\/p>\n","protected":false},"featured_media":4220,"comment_status":"open","ping_status":"closed","template":"","meta":{"_themeisle_gutenberg_block_has_review":false},"product_brand":[],"product_cat":[492,493],"product_tag":[632],"class_list":{"0":"post-4219","1":"product","2":"type-product","3":"status-publish","4":"has-post-thumbnail","6":"product_cat-fechas-magicas","7":"product_cat-navidad-reyes","8":"product_tag-tri","10":"first","11":"instock","12":"taxable","13":"shipping-taxable","14":"purchasable","15":"product-type-simple"},"jetpack_sharing_enabled":true,"_links":{"self":[{"href":"https:\/\/www.regaloperfectobysary.com\/index.php\/wp-json\/wp\/v2\/product\/4219","targetHints":{"allow":["GET"]}}],"collection":[{"href":"https:\/\/www.regaloperfectobysary.com\/index.php\/wp-json\/wp\/v2\/product"}],"about":[{"href":"https:\/\/www.regaloperfectobysary.com\/index.php\/wp-json\/wp\/v2\/types\/product"}],"replies":[{"embeddable":true,"href":"https:\/\/www.regaloperfectobysary.com\/index.php\/wp-json\/wp\/v2\/comments?post=4219"}],"wp:featuredmedia":[{"embeddable":true,"href":"https:\/\/www.regaloperfectobysary.com\/index.php\/wp-json\/wp\/v2\/media\/4220"}],"wp:attachment":[{"href":"https:\/\/www.regaloperfectobysary.com\/index.php\/wp-json\/wp\/v2\/media?parent=4219"}],"wp:term":[{"taxonomy":"product_brand","embeddable":true,"href":"https:\/\/www.regaloperfectobysary.com\/index.php\/wp-json\/wp\/v2\/product_brand?post=4219"},{"taxonomy":"product_cat","embeddable":true,"href":"https:\/\/www.regaloperfectobysary.com\/index.php\/wp-json\/wp\/v2\/product_cat?post=4219"},{"taxonomy":"product_tag","embeddable":true,"href":"https:\/\/www.regaloperfectobysary.com\/index.php\/wp-json\/wp\/v2\/product_tag?post=4219"}],"curies":[{"name":"wp","href":"https:\/\/api.w.org\/{rel}","templated":true}]}}