{"id":3895,"date":"2024-08-30T11:30:26","date_gmt":"2024-08-30T09:30:26","guid":{"rendered":"https:\/\/www.regaloperfectobysary.com\/?post_type=product&#038;p=3895"},"modified":"2024-11-14T23:38:10","modified_gmt":"2024-11-14T22:38:10","slug":"bolsitas-anarover-5-d","status":"publish","type":"product","link":"https:\/\/www.regaloperfectobysary.com\/index.php\/producto\/bolsitas-anarover-5-d\/","title":{"rendered":"Bolsitas Anarover 5+D"},"content":{"rendered":"<h5>\ud83c\uddea\ud83c\uddf8 Son 4 modelos de Bolsitas a tu elecci\u00f3n con 5 Productos + Descuento en cada una de ellas:<\/h5>\n<p>&nbsp;<\/p>\n<h5>-El <strong>Pack Azul<\/strong> contiene:<\/h5>\n<p>**<b>Mascarilla Facial Coconut<\/b><b>.<\/b> Ideal para pieles normales. Con una f\u00f3rmula de extracto de Coco para nutrir y suavizar el rostro.<\/p>\n<p>**<b>Parches<\/b> <b>Hydro Shock.<\/b> Ideales para el contorno de ojos, hidratantes de hidrogel. Producto con \u00c1cido Hialur\u00f3nico. F\u00f3rmula vegana.<\/p>\n<p>**<b>Toallitas Limpiadoras Faciales Hydro Shock.<\/b> Elimina el maquillaje y las impurezas a la vez que limpia, calma e hidrata la piel que, al mismo tiempo, puede utilizarse para una tonificaci\u00f3n extra. Para un uso diario.<\/p>\n<p>**<b>D\u00fao B\u00e1lsamo Hydro Shock. <\/b>F\u00f3rmula original con \u00c1cido Hialur\u00f3nico. Para el cuidado diario y protecci\u00f3n de los labios. Dos b\u00e1lsamos en la misma cajita.<\/p>\n<p>**<b>Crema de Manos Coconut. <\/b>Crema de manos hidratante y calmante con extracto de Coco que cuida e hidrata las manos. De absorci\u00f3n r\u00e1pida. Para pieles secas.<\/p>\n<p>&lt;El contenido desta bolsita se puede vender por separado, hablar por WhatsApp si es el caso o bien, conectarse al directo en redes para pedir por all\u00ed&gt;<\/p>\n<p>&nbsp;<\/p>\n<h5>-El <strong>Pack Naranja <\/strong>contiene:<\/h5>\n<p>**<b>Mascarilla Facial Coconut<\/b><b>.<\/b> Ideal para pieles normales. Con una f\u00f3rmula de extracto de Coco para nutrir y suavizar el rostro.<\/p>\n<p>**<b>Parches<\/b> <b>Hydro Shock.<\/b> Ideales para el contorno de ojos, hidratantes de hidrogel. Producto con \u00c1cido Hialur\u00f3nico. F\u00f3rmula vegana.<\/p>\n<p>**<b>Toallitas Limpiadoras Faciales Coconut.<\/b> Contienen una f\u00f3rmula limpiadora de extracto de Coco y agua micelar para eliminar el maquillaje y las impurezas. Para todo tipo de piel. Para un uso diario.<\/p>\n<p>**<b>D\u00fao B\u00e1lsamo Coconut. <\/b>Para el cuidado diario y protecci\u00f3n de los labios con extracto de Coco. Dos b\u00e1lsamos en la misma cajita.<\/p>\n<p>**<b>Crema de Manos Coconut. <\/b>Crema de manos hidratante y calmante con extracto de Coco que cuida e hidrata las manos. De absorci\u00f3n r\u00e1pida. Para pieles secas.<\/p>\n<p>&lt;El contenido desta bolsita se puede vender por separado, hablar por WhatsApp si es el caso o bien, conectarse al directo en redes para pedir por all\u00ed&gt;<\/p>\n<p>&nbsp;<\/p>\n<h5>-El <strong>Pack Rosa <\/strong>contiene:<\/h5>\n<p>**<b>Mascarilla Facial Sensitive<\/b><b>.<\/b> Ideal para pieles sensibles. Proporciona hidrataci\u00f3n profunda y protecci\u00f3n a la piel.<\/p>\n<p>**<b>Parches<\/b> <b>Aloe Vera.<\/b> Ideales para el contorno de ojos, hidratantes de hidrogel. Producto enriquecido con Aloe Vera. F\u00f3rmula vegana.<\/p>\n<p>**<b>Toallitas Limpiadoras Faciales Sensitive.<\/b> La colecci\u00f3n Sence Sensitive est\u00e1 creada con una mezcla calmante de suaves ingredientes de agua de rosas para ayudar a minimizar la irritaci\u00f3n y retener la humedad. Elimina el maquillaje y la suciedad acumulada sin irritar la piel. F\u00f3rmula hidratante. Perfectas para pieles sensibles. Para un uso diario.<\/p>\n<p>**<b>D\u00fao B\u00e1lsamo Sensitive. <\/b>Para el cuidado diario y protecci\u00f3n de los labios sensibles. Dos b\u00e1lsamos en la misma cajita.<\/p>\n<p>**<b>Crema de Manos Aloe Vera. <\/b>Crema de manos de hidrataci\u00f3n profunda y una absorci\u00f3n r\u00e1pida. manos suaves y saludables en todo momento.<\/p>\n<p>&lt;El contenido desta bolsita se puede vender por separado, hablar por WhatsApp si es el caso o bien, conectarse al directo en redes para pedir por all\u00ed&gt;<\/p>\n<p>&nbsp;<\/p>\n<h5>-El <strong>Pack Verde<\/strong>\u00a0contiene:<\/h5>\n<p>**<b>Mascarilla Facial Sensitive<\/b><b>.<\/b> Ideal para pieles sensibles. Proporciona hidrataci\u00f3n profunda y protecci\u00f3n a la piel.<\/p>\n<p>**<b>Parches<\/b> <b>Aloe Vera.<\/b> Ideales para el contorno de ojos, hidratantes de hidrogel. Producto enriquecido con Aloe Vera. F\u00f3rmula vegana.<\/p>\n<p>**<b>Toallitas Limpiadoras Faciales Aloe Vera.<\/b> Contienen una f\u00f3rmula de extracto de Aloe Vera y de agua micelar para eliminar el maquillaje y las impurezas. Para todo tipo de piel. Para un uso diario.<\/p>\n<p>**<b>D\u00fao B\u00e1lsamo Aloe Vera. <\/b>Para el cuidado diario y protecci\u00f3n de los labios con extracto de Aloe Vera. Dos b\u00e1lsamos en la misma cajita.<\/p>\n<p>**<b>Crema de Manos Aloe Vera. <\/b>Crema de manos de hidrataci\u00f3n profunda y una absorci\u00f3n r\u00e1pida. Manos suaves y saludables en todo momento.<\/p>\n<p>&lt;El contenido desta bolsita se puede vender por separado, hablar por WhatsApp si es el caso o bien, conectarse al directo en redes para pedir por all\u00ed&gt;<\/p>\n<p>&nbsp;<\/p>\n<h5>\ud83c\uddf5\ud83c\uddf9 S\u00e3o 4 modelos de saquinhos \u00e0 tua escolha com 5 Produtos + Desconto em cada um deles:<\/h5>\n<p>&nbsp;<\/p>\n<h5>-O <strong>Pack Azul<\/strong> cont\u00eam:<\/h5>\n<p>**<strong>M\u00e1scara Facial Coconut<\/strong>. Ideal para a pele normal. Com f\u00f3rmula de extrato de Coco para nutrir e suavizar o rosto.<\/p>\n<p>**<strong>M\u00e1scaras<\/strong> <b>Hydro Shock.<\/b> Ideais para o contorno dos olhos, produto com \u00c1cido hialuronico. F\u00f3rmula vegana.<\/p>\n<p>**<b>Toalhitas de Limpeza Facial Hydro Shock.<\/b> Remove a maquiagem e impurezas ao mesmo tempo que limpa, acalma e hidrata a pele que, ao mesmo tempo, pode ser utilizado para uma tonifica\u00e7\u00e3o extra. Para uso di\u00e1rio.<\/p>\n<p>**<b>D\u00fao B\u00e1lsamo Hydro Shock. <\/b>F\u00f3rmula original com \u00c1cido Hialur\u00f3nico. Para o cuidado di\u00e1rio e prote\u00e7\u00e3o dos l\u00e1bios. Dois b\u00e1lsamos na mesma caixinha.<\/p>\n<p>**<strong>Creme M\u00e3os Coconut<\/strong>. Creme para as M\u00e3os hidratante e calmante com extrato de Coco que cuida e hidrata as m\u00e3os. Absor\u00e7\u00e3o r\u00e1pida. Para a pele seca.<\/p>\n<p>&lt;O conte\u00fado deste saquinho pode ser vendido por separado, fale no WhatsApp se for o caso ou bem, conectar-se ao direto nas redes para fazer encomenda por l\u00e1&gt;<\/p>\n<p>&nbsp;<\/p>\n<h5>-O <strong>Pack Laranja<\/strong> cont\u00eam:<\/h5>\n<p>**<strong>M\u00e1scara Facial Coconut<\/strong>. Ideal para a pele normal. Com f\u00f3rmula de extrato de Coco para nutrir e suavizar o rosto.<\/p>\n<p>**<strong>M\u00e1scaras<\/strong> <b>Hydro Shock.<\/b> Ideais para o contorno dos olhos, produto com \u00c1cido hialuronico. F\u00f3rmula vegana.<\/p>\n<p>**<strong>Toalhitas de Limpeza Facial Coconut.<\/strong> Cont\u00eam uma f\u00f3rmula de limpeza com extrato de Coco e \u00e1gua micelar para remover a maquilhagem e as impurezas. Para todos os tipos de pele. Para uso di\u00e1rio.<\/p>\n<p>**<b>D\u00fao B\u00e1lsamo Coconut<\/b>. Para o cuidado di\u00e1rio e prote\u00e7\u00e3o dos l\u00e1bios com Extrato de Coco. Dois b\u00e1lsamos na mesma caixinha.<\/p>\n<p>**<strong>Creme M\u00e3os Coconut<\/strong>. Creme para as M\u00e3os hidratante e calmante com extrato de Coco que cuida e hidrata as m\u00e3os. Absor\u00e7\u00e3o r\u00e1pida. Para a pele seca.<\/p>\n<p>&lt;O conte\u00fado deste saquinho pode ser vendido por separado, fale no WhatsApp se for o caso ou bem, conectar-se ao direto nas redes para fazer encomenda por l\u00e1&gt;<\/p>\n<p>&nbsp;<\/p>\n<h5>-O <strong>Pack Rosa<\/strong> cont\u00eam:<\/h5>\n<p>**<strong>M\u00e1scara Facial Sensitive<\/strong>. Ideal para peles sens\u00edveis. Proporciona uma hidrata\u00e7\u00e3o profunda e prote\u00e7\u00e3o \u00e0 pele.<\/p>\n<p>**<strong>M\u00e1scaras Aloe Vera<\/strong>. Ideal para o contorno dos olhos, hidratantes em hidrogel. Produto enriquecido com Aloe Vera. F\u00f3rmula vegan.<\/p>\n<p>**<strong>Toalhitas de Limpeza Facial Sensitive.<\/strong>\u00a0A cole\u00e7\u00e3o Sence Sensitive foi criada com uma mistura calmante de ingredientes suaves de \u00e1gua de rosas para ajudar a minimizar a irrita\u00e7\u00e3o e reter a hidrata\u00e7\u00e3o. Remove a maquilhagem e a sujidade acumulada sem irritar a pele. F\u00f3rmula hidratante. Perfeito para peles sens\u00edveis. Para uso di\u00e1rio.<\/p>\n<p>**<strong>D\u00fao B\u00e1lsamo Sensitive.<\/strong> Para o cuidado di\u00e1rio e prote\u00e7\u00e3o dos l\u00e1bios sens\u00edveis. Dois b\u00e1lsamos na mesma caixinha.<\/p>\n<p>**<strong>Creme M\u00e3os Aloe Vera.<\/strong> Creme para as M\u00e3os com hidrata\u00e7\u00e3o profunda e r\u00e1pida absor\u00e7\u00e3o. M\u00e3os suaves e saud\u00e1veis \u200b\u200bem todos os momentos.<\/p>\n<p>&lt;O conte\u00fado deste saquinho pode ser vendido por separado, fale no WhatsApp se for o caso ou bem, conectar-se ao direto nas redes para fazer encomenda por l\u00e1&gt;<\/p>\n<p>&nbsp;<\/p>\n<h5>-O <strong>Pack Verde<\/strong> cont\u00eam:<\/h5>\n<p>**<strong>M\u00e1scara Facial Sensitive<\/strong>. Ideal para peles sens\u00edveis. Proporciona uma hidrata\u00e7\u00e3o profunda e prote\u00e7\u00e3o \u00e0 pele.<\/p>\n<p>**<strong>M\u00e1scaras Aloe Vera<\/strong>. Ideal para o contorno dos olhos, hidratantes em hidrogel. Produto enriquecido com Aloe Vera. F\u00f3rmula vegan.<\/p>\n<p>**<strong>Toalhitas de Limpeza Facial Aloe Vera<\/strong>. Cont\u00eam f\u00f3rmula com extrato de Aloe Vera e \u00e1gua micelar para remover a maquilhagem e as impurezas. Para todos os tipos de pele. Para uso di\u00e1rio.<\/p>\n<p>**<b>D\u00fao B\u00e1lsamo Aloe Vera<\/b>. Para o cuidado di\u00e1rio e prote\u00e7\u00e3o dos l\u00e1bios com extrato de Aloe Vera. Dois b\u00e1lsamos na mesma caixinha.<\/p>\n<p>**<strong>Creme M\u00e3os Aloe Vera.<\/strong> Creme para as M\u00e3os com hidrata\u00e7\u00e3o profunda e r\u00e1pida absor\u00e7\u00e3o. M\u00e3os suaves e saud\u00e1veis \u200b\u200bem todos os momentos.<\/p>\n<p>&lt;O conte\u00fado deste saquinho pode ser vendido por separado, fale no WhatsApp se for o caso ou bem, conectar-se ao direto nas redes para fazer encomenda por l\u00e1&gt;<\/p>\n","protected":false},"excerpt":{"rendered":"<p>\ud83c\uddea\ud83c\uddf8 Son 4 modelos de Bolsitas con 5 Productos + Descuento en cada una de ellas.<\/p>\n<p>\ud83c\uddf5\ud83c\uddf9 S\u00e3o 4 modelos de saquinhos com 5 Produtos + Desconto em cada um deles.<\/p>\n","protected":false},"featured_media":3901,"comment_status":"open","ping_status":"closed","template":"","meta":{"_themeisle_gutenberg_block_has_review":false},"product_brand":[],"product_cat":[599,551],"product_tag":[241],"class_list":{"0":"post-3895","1":"product","2":"type-product","3":"status-publish","4":"has-post-thumbnail","6":"product_cat-rutina-facial","7":"product_cat-spa","8":"product_tag-sence","10":"first","11":"instock","12":"sale","13":"taxable","14":"shipping-taxable","15":"purchasable","16":"product-type-variable"},"jetpack_sharing_enabled":true,"_links":{"self":[{"href":"https:\/\/www.regaloperfectobysary.com\/index.php\/wp-json\/wp\/v2\/product\/3895","targetHints":{"allow":["GET"]}}],"collection":[{"href":"https:\/\/www.regaloperfectobysary.com\/index.php\/wp-json\/wp\/v2\/product"}],"about":[{"href":"https:\/\/www.regaloperfectobysary.com\/index.php\/wp-json\/wp\/v2\/types\/product"}],"replies":[{"embeddable":true,"href":"https:\/\/www.regaloperfectobysary.com\/index.php\/wp-json\/wp\/v2\/comments?post=3895"}],"wp:featuredmedia":[{"embeddable":true,"href":"https:\/\/www.regaloperfectobysary.com\/index.php\/wp-json\/wp\/v2\/media\/3901"}],"wp:attachment":[{"href":"https:\/\/www.regaloperfectobysary.com\/index.php\/wp-json\/wp\/v2\/media?parent=3895"}],"wp:term":[{"taxonomy":"product_brand","embeddable":true,"href":"https:\/\/www.regaloperfectobysary.com\/index.php\/wp-json\/wp\/v2\/product_brand?post=3895"},{"taxonomy":"product_cat","embeddable":true,"href":"https:\/\/www.regaloperfectobysary.com\/index.php\/wp-json\/wp\/v2\/product_cat?post=3895"},{"taxonomy":"product_tag","embeddable":true,"href":"https:\/\/www.regaloperfectobysary.com\/index.php\/wp-json\/wp\/v2\/product_tag?post=3895"}],"curies":[{"name":"wp","href":"https:\/\/api.w.org\/{rel}","templated":true}]}}